{"id":9190,"date":"2022-02-21T16:09:48","date_gmt":"2022-02-21T16:09:48","guid":{"rendered":"https:\/\/microcubo.pt\/noticias\/"},"modified":"2024-04-16T10:09:29","modified_gmt":"2024-04-16T10:09:29","slug":"news","status":"publish","type":"page","link":"https:\/\/microcubo.pt\/en\/news\/","title":{"rendered":"News"},"content":{"rendered":"\t\t<div data-elementor-type=\"wp-page\" data-elementor-id=\"9190\" class=\"elementor elementor-9190 elementor-99\" data-elementor-post-type=\"page\">\n\t\t\t\t\t\t<section class=\"elementor-section elementor-top-section elementor-element elementor-element-48f9e02 elementor-section-boxed elementor-section-height-default elementor-section-height-default qodef-elementor-content-no\" data-id=\"48f9e02\" data-element_type=\"section\" data-e-type=\"section\">\n\t\t\t\t\t\t<div class=\"elementor-container elementor-column-gap-default\">\n\t\t\t\t\t<div class=\"elementor-column elementor-col-100 elementor-top-column elementor-element elementor-element-b36ba53\" data-id=\"b36ba53\" data-element_type=\"column\" data-e-type=\"column\">\n\t\t\t<div class=\"elementor-widget-wrap elementor-element-populated\">\n\t\t\t\t\t\t<div class=\"elementor-element elementor-element-35f3230 elementor-align-left bbd-custom-breadcrumbs elementor-widget elementor-widget-breadcrumbs\" data-id=\"35f3230\" data-element_type=\"widget\" data-e-type=\"widget\" data-widget_type=\"breadcrumbs.default\">\n\t\t\t\t<div class=\"elementor-widget-container\">\n\t\t\t\t\t<p id=\"breadcrumbs\"><span><span><a href=\"https:\/\/microcubo.pt\/en\/\">Home<\/a><\/span><\/span><\/p>\t\t\t\t<\/div>\n\t\t\t\t<\/div>\n\t\t\t\t\t<\/div>\n\t\t<\/div>\n\t\t\t\t\t<\/div>\n\t\t<\/section>\n\t\t\t\t<section class=\"elementor-section elementor-top-section elementor-element elementor-element-57f787e elementor-section-boxed elementor-section-height-default elementor-section-height-default qodef-elementor-content-no\" data-id=\"57f787e\" data-element_type=\"section\" data-e-type=\"section\">\n\t\t\t\t\t\t<div class=\"elementor-container elementor-column-gap-default\">\n\t\t\t\t\t<div class=\"elementor-column elementor-col-100 elementor-top-column elementor-element elementor-element-34b0d91\" data-id=\"34b0d91\" data-element_type=\"column\" data-e-type=\"column\">\n\t\t\t<div class=\"elementor-widget-wrap elementor-element-populated\">\n\t\t\t\t\t\t<div class=\"elementor-element elementor-element-e46397b elementor-widget elementor-widget-qi_addons_for_elementor_blog_list\" data-id=\"e46397b\" data-element_type=\"widget\" data-e-type=\"widget\" data-widget_type=\"qi_addons_for_elementor_blog_list.default\">\n\t\t\t\t<div class=\"elementor-widget-container\">\n\t\t\t\t\t<div class=\"qodef-shortcode qodef-m qodef-addons-blog-list qodef-info-no-icons qodef-image--hover-zoom qodef-qi-grid qodef-layout--qi-columns qodef-col-num--2 qodef-item-layout--date-boxed qodef-responsive--custom qodef-col-num--1680--2 qodef-col-num--1440--2 qodef-col-num--1366--2 qodef-col-num--1024--1 qodef-col-num--768--1 qodef-col-num--680--1 qodef-col-num--480--1\" >\n\t<div class=\"qodef-grid-inner\">\n\t\t<article class=\"qodef-e qodef-blog-item qodef-grid-item qodef-item--landscape post-21589 post type-post status-publish format-standard has-post-thumbnail hentry category-uncategorized\">\n\t<div class=\"qodef-e-inner\">\n\t\t<div class=\"qodef-e-media-holder\">\n\t\t\t<div class=\"qodef-e-media\">\n\t\t<div class=\"qodef-e-media-image\">\n\t\t<a itemprop=\"url\" href=\"https:\/\/microcubo.pt\/en\/how-street-furniture-improves-quality-of-life-in-cities\/\">\n\t\t\t<img fetchpriority=\"high\" decoding=\"async\" width=\"951\" height=\"535\" src=\"https:\/\/microcubo.pt\/wp-content\/uploads\/2025\/11\/microcubo-blog-como-o-mobiliario-urbano.jpg\" class=\"attachment-qi_addons_for_elementor_image_size_landscape size-qi_addons_for_elementor_image_size_landscape\" alt=\"\" srcset=\"https:\/\/microcubo.pt\/wp-content\/uploads\/2025\/11\/microcubo-blog-como-o-mobiliario-urbano.jpg 951w, https:\/\/microcubo.pt\/wp-content\/uploads\/2025\/11\/microcubo-blog-como-o-mobiliario-urbano-300x169.jpg 300w, https:\/\/microcubo.pt\/wp-content\/uploads\/2025\/11\/microcubo-blog-como-o-mobiliario-urbano-768x432.jpg 768w\" sizes=\"(max-width: 951px) 100vw, 951px\" \/>\t\t<\/a>\n\t\t\t<\/div>\n<\/div>\n\t\t<\/div>\n\t\t<div class=\"qodef-e-content\">\n\t\t\t\t\t\t<div class=\"qodef-e-text\">\n\t\t\t\t<h4 itemprop=\"name\" class=\"qodef-e-title entry-title\">\n\t<a itemprop=\"url\" class=\"qodef-e-title-link\" href=\"https:\/\/microcubo.pt\/en\/how-street-furniture-improves-quality-of-life-in-cities\/\">\n\t\tHow Street Furniture Improves Quality of Life in Cities\t<\/a>\n<\/h4>\n\t\t<p itemprop=\"description\" class=\"qodef-e-excerpt\">\n\t\t\tStreet furniture is a silent but essential part of urban life. The way a city is equipped influences the behavior, well-being, and even the perception of safety, inclusion, well-being, and comfort of\t\t<\/p>\n\t\t\t\t<\/div>\n\t\t\t\t\t\t\t<div class=\"qodef-e-info qodef-info--bottom\">\n\t\t\t\t\t\t<div class=\"qodef-e-read-more\">\n\t\t<a class=\"qodef-shortcode qodef-m qodef-qi-button qodef-html--link qodef-layout--textual qodef-type--standard qodef-icon--right qodef-hover--icon-move-horizontal-short qodef-text-underline qodef-underline--left\" href=\"https:\/\/microcubo.pt\/en\/how-street-furniture-improves-quality-of-life-in-cities\/\" target=\"_self\">\t<span class=\"qodef-m-text\">Read More<\/span>\t<\/a>\t<\/div>\n\t\t\t\t<\/div>\n\t\t\t\t\t<\/div>\n\t<\/div>\n<\/article>\n<article class=\"qodef-e qodef-blog-item qodef-grid-item qodef-item--landscape post-21604 post type-post status-publish format-video has-post-thumbnail hentry post_format-post-format-video\">\n\t<div class=\"qodef-e-inner\">\n\t\t<div class=\"qodef-e-media-holder\">\n\t\t\t<div class=\"qodef-e-media\">\n\t\t<div class=\"qodef-e-media-image\">\n\t\t<a itemprop=\"url\" href=\"https:\/\/microcubo.pt\/en\/microcubo-tower-drinking-fountains-in-cascais-schools\/\">\n\t\t\t<img decoding=\"async\" width=\"619\" height=\"348\" src=\"https:\/\/microcubo.pt\/wp-content\/uploads\/2025\/05\/new-04-featured.png\" class=\"attachment-qi_addons_for_elementor_image_size_landscape size-qi_addons_for_elementor_image_size_landscape\" alt=\"\" srcset=\"https:\/\/microcubo.pt\/wp-content\/uploads\/2025\/05\/new-04-featured.png 619w, https:\/\/microcubo.pt\/wp-content\/uploads\/2025\/05\/new-04-featured-300x169.png 300w\" sizes=\"(max-width: 619px) 100vw, 619px\" \/>\t\t<\/a>\n\t\t\t<\/div>\n<\/div>\n\t\t<\/div>\n\t\t<div class=\"qodef-e-content\">\n\t\t\t\t\t\t<div class=\"qodef-e-text\">\n\t\t\t\t<h4 itemprop=\"name\" class=\"qodef-e-title entry-title\">\n\t<a itemprop=\"url\" class=\"qodef-e-title-link\" href=\"https:\/\/microcubo.pt\/en\/microcubo-tower-drinking-fountains-in-cascais-schools\/\">\n\t\tMicrocubo Tower drinking fountains in Cascais schools\t<\/a>\n<\/h4>\n\t\t<p itemprop=\"description\" class=\"qodef-e-excerpt\">\n\t\t\tIn Cascais, urban spaces are being transformed into classrooms and agents of change. The installation of 82 Microcubo Tower drinking fountains, in partnership with the Cascais City Council and the com\t\t<\/p>\n\t\t\t\t<\/div>\n\t\t\t\t\t\t\t<div class=\"qodef-e-info qodef-info--bottom\">\n\t\t\t\t\t\t<div class=\"qodef-e-read-more\">\n\t\t<a class=\"qodef-shortcode qodef-m qodef-qi-button qodef-html--link qodef-layout--textual qodef-type--standard qodef-icon--right qodef-hover--icon-move-horizontal-short qodef-text-underline qodef-underline--left\" href=\"https:\/\/microcubo.pt\/en\/microcubo-tower-drinking-fountains-in-cascais-schools\/\" target=\"_self\">\t<span class=\"qodef-m-text\">Read More<\/span>\t<\/a>\t<\/div>\n\t\t\t\t<\/div>\n\t\t\t\t\t<\/div>\n\t<\/div>\n<\/article>\n<article class=\"qodef-e qodef-blog-item qodef-grid-item qodef-item--landscape post-16378 post type-post status-publish format-standard has-post-thumbnail hentry category-uncategorized\">\n\t<div class=\"qodef-e-inner\">\n\t\t<div class=\"qodef-e-media-holder\">\n\t\t\t<div class=\"qodef-e-media\">\n\t\t<div class=\"qodef-e-media-image\">\n\t\t<a itemprop=\"url\" href=\"https:\/\/microcubo.pt\/en\/microcubo-attended-urban-garden-for-the-second-consecutive-year\/\">\n\t\t\t<img decoding=\"async\" width=\"1300\" height=\"650\" src=\"https:\/\/microcubo.pt\/wp-content\/uploads\/2024\/04\/microcubo_JMF5119-1300x650.jpg\" class=\"attachment-qi_addons_for_elementor_image_size_landscape size-qi_addons_for_elementor_image_size_landscape\" alt=\"Microcubo\" \/>\t\t<\/a>\n\t\t\t<\/div>\n<\/div>\n\t\t<\/div>\n\t\t<div class=\"qodef-e-content\">\n\t\t\t\t\t\t<div class=\"qodef-e-text\">\n\t\t\t\t<h4 itemprop=\"name\" class=\"qodef-e-title entry-title\">\n\t<a itemprop=\"url\" class=\"qodef-e-title-link\" href=\"https:\/\/microcubo.pt\/en\/microcubo-attended-urban-garden-for-the-second-consecutive-year\/\">\n\t\tMicrocubo attended Urban Garden for the second consecutive year\t<\/a>\n<\/h4>\n\t\t<p itemprop=\"description\" class=\"qodef-e-excerpt\">\n\t\t\tMicrocubo returns to the Urban Garden from 21 to 23 March in Lisbon, highlighting its new line of urban and sustainable furniture.\t\t<\/p>\n\t\t\t\t<\/div>\n\t\t\t\t\t\t\t<div class=\"qodef-e-info qodef-info--bottom\">\n\t\t\t\t\t\t<div class=\"qodef-e-read-more\">\n\t\t<a class=\"qodef-shortcode qodef-m qodef-qi-button qodef-html--link qodef-layout--textual qodef-type--standard qodef-icon--right qodef-hover--icon-move-horizontal-short qodef-text-underline qodef-underline--left\" href=\"https:\/\/microcubo.pt\/en\/microcubo-attended-urban-garden-for-the-second-consecutive-year\/\" target=\"_self\">\t<span class=\"qodef-m-text\">Read More<\/span>\t<\/a>\t<\/div>\n\t\t\t\t<\/div>\n\t\t\t\t\t<\/div>\n\t<\/div>\n<\/article>\n<article class=\"qodef-e qodef-blog-item qodef-grid-item qodef-item--landscape post-21600 post type-post status-publish format-standard has-post-thumbnail hentry\">\n\t<div class=\"qodef-e-inner\">\n\t\t<div class=\"qodef-e-media-holder\">\n\t\t\t<div class=\"qodef-e-media\">\n\t\t<div class=\"qodef-e-media-image\">\n\t\t<a itemprop=\"url\" href=\"https:\/\/microcubo.pt\/en\/urban-art-microcubo-innovated-with-recycled-tires-at-urban-garden\/\">\n\t\t\t<img loading=\"lazy\" decoding=\"async\" width=\"1300\" height=\"650\" src=\"https:\/\/microcubo.pt\/wp-content\/uploads\/2023\/04\/microcubo-arte-urbana-1300x650.jpg\" class=\"attachment-qi_addons_for_elementor_image_size_landscape size-qi_addons_for_elementor_image_size_landscape\" alt=\"\" \/>\t\t<\/a>\n\t\t\t<\/div>\n<\/div>\n\t\t<\/div>\n\t\t<div class=\"qodef-e-content\">\n\t\t\t\t\t\t<div class=\"qodef-e-text\">\n\t\t\t\t<h4 itemprop=\"name\" class=\"qodef-e-title entry-title\">\n\t<a itemprop=\"url\" class=\"qodef-e-title-link\" href=\"https:\/\/microcubo.pt\/en\/urban-art-microcubo-innovated-with-recycled-tires-at-urban-garden\/\">\n\t\tUrban Art: Microcubo innovated with recycled tires at Urban Garden\t<\/a>\n<\/h4>\n\t\t<p itemprop=\"description\" class=\"qodef-e-excerpt\">\n\t\t\tMicrocubo brought a different perspective to Exponor, in Matosinhos\/Porto, between March 16 and 18.\t\t<\/p>\n\t\t\t\t<\/div>\n\t\t\t\t\t\t\t<div class=\"qodef-e-info qodef-info--bottom\">\n\t\t\t\t\t\t<div class=\"qodef-e-read-more\">\n\t\t<a class=\"qodef-shortcode qodef-m qodef-qi-button qodef-html--link qodef-layout--textual qodef-type--standard qodef-icon--right qodef-hover--icon-move-horizontal-short qodef-text-underline qodef-underline--left\" href=\"https:\/\/microcubo.pt\/en\/urban-art-microcubo-innovated-with-recycled-tires-at-urban-garden\/\" target=\"_self\">\t<span class=\"qodef-m-text\">Read More<\/span>\t<\/a>\t<\/div>\n\t\t\t\t<\/div>\n\t\t\t\t\t<\/div>\n\t<\/div>\n<\/article>\n<article class=\"qodef-e qodef-blog-item qodef-grid-item qodef-item--landscape post-21592 post type-post status-publish format-standard has-post-thumbnail hentry\">\n\t<div class=\"qodef-e-inner\">\n\t\t<div class=\"qodef-e-media-holder\">\n\t\t\t<div class=\"qodef-e-media\">\n\t\t<div class=\"qodef-e-media-image\">\n\t\t<a itemprop=\"url\" href=\"https:\/\/microcubo.pt\/en\/microcubo-in-archinews\/\">\n\t\t\t<img loading=\"lazy\" decoding=\"async\" width=\"1300\" height=\"650\" src=\"https:\/\/microcubo.pt\/wp-content\/uploads\/2022\/02\/microcubo-noticia-01-1300x650.jpg\" class=\"attachment-qi_addons_for_elementor_image_size_landscape size-qi_addons_for_elementor_image_size_landscape\" alt=\"\" \/>\t\t<\/a>\n\t\t\t<\/div>\n<\/div>\n\t\t<\/div>\n\t\t<div class=\"qodef-e-content\">\n\t\t\t\t\t\t<div class=\"qodef-e-text\">\n\t\t\t\t<h4 itemprop=\"name\" class=\"qodef-e-title entry-title\">\n\t<a itemprop=\"url\" class=\"qodef-e-title-link\" href=\"https:\/\/microcubo.pt\/en\/microcubo-in-archinews\/\">\n\t\tMicrocubo in ArchiNews\t<\/a>\n<\/h4>\n\t\t<p itemprop=\"description\" class=\"qodef-e-excerpt\">\n\t\t\tMicrocubo \u2013 Innovation and Design was one of the companies featured in ArchiNews magazine.\t\t<\/p>\n\t\t\t\t<\/div>\n\t\t\t\t\t\t\t<div class=\"qodef-e-info qodef-info--bottom\">\n\t\t\t\t\t\t<div class=\"qodef-e-read-more\">\n\t\t<a class=\"qodef-shortcode qodef-m qodef-qi-button qodef-html--link qodef-layout--textual qodef-type--standard qodef-icon--right qodef-hover--icon-move-horizontal-short qodef-text-underline qodef-underline--left\" href=\"https:\/\/microcubo.pt\/en\/microcubo-in-archinews\/\" target=\"_self\">\t<span class=\"qodef-m-text\">Read More<\/span>\t<\/a>\t<\/div>\n\t\t\t\t<\/div>\n\t\t\t\t\t<\/div>\n\t<\/div>\n<\/article>\n\t<\/div>\n\t<\/div>\n\t\t\t\t<\/div>\n\t\t\t\t<\/div>\n\t\t\t\t\t<\/div>\n\t\t<\/div>\n\t\t\t\t\t<\/div>\n\t\t<\/section>\n\t\t\t\t<\/div>\n\t\t","protected":false},"excerpt":{"rendered":"<p>Microcubo marcou presen\u00e7a, pela 2\u00aa vez consecutiva, na Urban Garden Pelo segundo ano, a Microcubo marcou presen\u00e7a na Urban Garden, a 5\u00aa edi\u00e7\u00e3o da feira profissional dedicada a equipamentos, produtos e servi\u00e7os para ambientes urbanos, ecol\u00f3gicos e sustent\u00e1veis, Read More Arte Urbana: A Microcubo inovou com pneus reciclados na Urban Garden Em busca da sustentabilidade [&hellip;]<\/p>\n","protected":false},"author":1,"featured_media":0,"parent":0,"menu_order":0,"comment_status":"closed","ping_status":"closed","template":"page-full-width.php","meta":{"footnotes":""},"class_list":["post-9190","page","type-page","status-publish","hentry"],"yoast_head":"<!-- This site is optimized with the Yoast SEO plugin v27.2 - https:\/\/yoast.com\/product\/yoast-seo-wordpress\/ -->\n<title>News - Microcubo<\/title>\n<meta name=\"description\" content=\"Na microcubo entregamos-lhe a melhor sele\u00e7\u00e3o de not\u00edcias do setor. Conhe\u00e7a as noticias que selecionamos para si.\" \/>\n<meta name=\"robots\" content=\"index, follow, max-snippet:-1, max-image-preview:large, max-video-preview:-1\" \/>\n<link rel=\"canonical\" href=\"https:\/\/microcubo.pt\/en\/news\/\" \/>\n<meta property=\"og:locale\" content=\"en_US\" \/>\n<meta property=\"og:type\" content=\"article\" \/>\n<meta property=\"og:title\" content=\"News - Microcubo\" \/>\n<meta property=\"og:description\" content=\"Na microcubo entregamos-lhe a melhor sele\u00e7\u00e3o de not\u00edcias do setor. Conhe\u00e7a as noticias que selecionamos para si.\" \/>\n<meta property=\"og:url\" content=\"https:\/\/microcubo.pt\/en\/news\/\" \/>\n<meta property=\"og:site_name\" content=\"Microcubo\" \/>\n<meta property=\"article:modified_time\" content=\"2024-04-16T10:09:29+00:00\" \/>\n<meta property=\"og:image\" content=\"https:\/\/microcubo.pt\/wp-content\/uploads\/2024\/04\/microcubo_JMF5119-1300x650.jpg\" \/>\n<meta name=\"twitter:card\" content=\"summary_large_image\" \/>\n<meta name=\"twitter:label1\" content=\"Est. reading time\" \/>\n\t<meta name=\"twitter:data1\" content=\"2 minutes\" \/>\n<script type=\"application\/ld+json\" class=\"yoast-schema-graph\">{\"@context\":\"https:\/\/schema.org\",\"@graph\":[{\"@type\":\"WebPage\",\"@id\":\"https:\/\/microcubo.pt\/en\/news\/\",\"url\":\"https:\/\/microcubo.pt\/en\/news\/\",\"name\":\"News - Microcubo\",\"isPartOf\":{\"@id\":\"https:\/\/microcubo.pt\/en\/#website\"},\"primaryImageOfPage\":{\"@id\":\"https:\/\/microcubo.pt\/en\/news\/#primaryimage\"},\"image\":{\"@id\":\"https:\/\/microcubo.pt\/en\/news\/#primaryimage\"},\"thumbnailUrl\":\"https:\/\/microcubo.pt\/wp-content\/uploads\/2024\/04\/microcubo_JMF5119-1300x650.jpg\",\"datePublished\":\"2022-02-21T16:09:48+00:00\",\"dateModified\":\"2024-04-16T10:09:29+00:00\",\"description\":\"Na microcubo entregamos-lhe a melhor sele\u00e7\u00e3o de not\u00edcias do setor. Conhe\u00e7a as noticias que selecionamos para si.\",\"breadcrumb\":{\"@id\":\"https:\/\/microcubo.pt\/en\/news\/#breadcrumb\"},\"inLanguage\":\"en-US\",\"potentialAction\":[{\"@type\":\"ReadAction\",\"target\":[\"https:\/\/microcubo.pt\/en\/news\/\"]}]},{\"@type\":\"ImageObject\",\"inLanguage\":\"en-US\",\"@id\":\"https:\/\/microcubo.pt\/en\/news\/#primaryimage\",\"url\":\"https:\/\/microcubo.pt\/wp-content\/uploads\/2024\/04\/microcubo_JMF5119-1300x650.jpg\",\"contentUrl\":\"https:\/\/microcubo.pt\/wp-content\/uploads\/2024\/04\/microcubo_JMF5119-1300x650.jpg\"},{\"@type\":\"BreadcrumbList\",\"@id\":\"https:\/\/microcubo.pt\/en\/news\/#breadcrumb\",\"itemListElement\":[{\"@type\":\"ListItem\",\"position\":1,\"name\":\"Home\",\"item\":\"https:\/\/microcubo.pt\/en\/\"},{\"@type\":\"ListItem\",\"position\":2,\"name\":\"News\"}]},{\"@type\":\"WebSite\",\"@id\":\"https:\/\/microcubo.pt\/en\/#website\",\"url\":\"https:\/\/microcubo.pt\/en\/\",\"name\":\"Microcubo\",\"description\":\"\",\"potentialAction\":[{\"@type\":\"SearchAction\",\"target\":{\"@type\":\"EntryPoint\",\"urlTemplate\":\"https:\/\/microcubo.pt\/en\/?s={search_term_string}\"},\"query-input\":{\"@type\":\"PropertyValueSpecification\",\"valueRequired\":true,\"valueName\":\"search_term_string\"}}],\"inLanguage\":\"en-US\"}]}<\/script>\n<!-- \/ Yoast SEO plugin. -->","yoast_head_json":{"title":"News - Microcubo","description":"Na microcubo entregamos-lhe a melhor sele\u00e7\u00e3o de not\u00edcias do setor. Conhe\u00e7a as noticias que selecionamos para si.","robots":{"index":"index","follow":"follow","max-snippet":"max-snippet:-1","max-image-preview":"max-image-preview:large","max-video-preview":"max-video-preview:-1"},"canonical":"https:\/\/microcubo.pt\/en\/news\/","og_locale":"en_US","og_type":"article","og_title":"News - Microcubo","og_description":"Na microcubo entregamos-lhe a melhor sele\u00e7\u00e3o de not\u00edcias do setor. Conhe\u00e7a as noticias que selecionamos para si.","og_url":"https:\/\/microcubo.pt\/en\/news\/","og_site_name":"Microcubo","article_modified_time":"2024-04-16T10:09:29+00:00","og_image":[{"url":"https:\/\/microcubo.pt\/wp-content\/uploads\/2024\/04\/microcubo_JMF5119-1300x650.jpg","type":"","width":"","height":""}],"twitter_card":"summary_large_image","twitter_misc":{"Est. reading time":"2 minutes"},"schema":{"@context":"https:\/\/schema.org","@graph":[{"@type":"WebPage","@id":"https:\/\/microcubo.pt\/en\/news\/","url":"https:\/\/microcubo.pt\/en\/news\/","name":"News - Microcubo","isPartOf":{"@id":"https:\/\/microcubo.pt\/en\/#website"},"primaryImageOfPage":{"@id":"https:\/\/microcubo.pt\/en\/news\/#primaryimage"},"image":{"@id":"https:\/\/microcubo.pt\/en\/news\/#primaryimage"},"thumbnailUrl":"https:\/\/microcubo.pt\/wp-content\/uploads\/2024\/04\/microcubo_JMF5119-1300x650.jpg","datePublished":"2022-02-21T16:09:48+00:00","dateModified":"2024-04-16T10:09:29+00:00","description":"Na microcubo entregamos-lhe a melhor sele\u00e7\u00e3o de not\u00edcias do setor. Conhe\u00e7a as noticias que selecionamos para si.","breadcrumb":{"@id":"https:\/\/microcubo.pt\/en\/news\/#breadcrumb"},"inLanguage":"en-US","potentialAction":[{"@type":"ReadAction","target":["https:\/\/microcubo.pt\/en\/news\/"]}]},{"@type":"ImageObject","inLanguage":"en-US","@id":"https:\/\/microcubo.pt\/en\/news\/#primaryimage","url":"https:\/\/microcubo.pt\/wp-content\/uploads\/2024\/04\/microcubo_JMF5119-1300x650.jpg","contentUrl":"https:\/\/microcubo.pt\/wp-content\/uploads\/2024\/04\/microcubo_JMF5119-1300x650.jpg"},{"@type":"BreadcrumbList","@id":"https:\/\/microcubo.pt\/en\/news\/#breadcrumb","itemListElement":[{"@type":"ListItem","position":1,"name":"Home","item":"https:\/\/microcubo.pt\/en\/"},{"@type":"ListItem","position":2,"name":"News"}]},{"@type":"WebSite","@id":"https:\/\/microcubo.pt\/en\/#website","url":"https:\/\/microcubo.pt\/en\/","name":"Microcubo","description":"","potentialAction":[{"@type":"SearchAction","target":{"@type":"EntryPoint","urlTemplate":"https:\/\/microcubo.pt\/en\/?s={search_term_string}"},"query-input":{"@type":"PropertyValueSpecification","valueRequired":true,"valueName":"search_term_string"}}],"inLanguage":"en-US"}]}},"_links":{"self":[{"href":"https:\/\/microcubo.pt\/en\/wp-json\/wp\/v2\/pages\/9190","targetHints":{"allow":["GET"]}}],"collection":[{"href":"https:\/\/microcubo.pt\/en\/wp-json\/wp\/v2\/pages"}],"about":[{"href":"https:\/\/microcubo.pt\/en\/wp-json\/wp\/v2\/types\/page"}],"author":[{"embeddable":true,"href":"https:\/\/microcubo.pt\/en\/wp-json\/wp\/v2\/users\/1"}],"replies":[{"embeddable":true,"href":"https:\/\/microcubo.pt\/en\/wp-json\/wp\/v2\/comments?post=9190"}],"version-history":[{"count":10,"href":"https:\/\/microcubo.pt\/en\/wp-json\/wp\/v2\/pages\/9190\/revisions"}],"predecessor-version":[{"id":16418,"href":"https:\/\/microcubo.pt\/en\/wp-json\/wp\/v2\/pages\/9190\/revisions\/16418"}],"wp:attachment":[{"href":"https:\/\/microcubo.pt\/en\/wp-json\/wp\/v2\/media?parent=9190"}],"curies":[{"name":"wp","href":"https:\/\/api.w.org\/{rel}","templated":true}]}}