{"id":6652,"date":"2022-02-23T11:46:48","date_gmt":"2022-02-23T11:46:48","guid":{"rendered":"https:\/\/microcubo.pt\/cerrajeros-civiles\/"},"modified":"2023-01-04T16:05:21","modified_gmt":"2023-01-04T16:05:21","slug":"cerrajeros-civiles","status":"publish","type":"page","link":"https:\/\/microcubo.pt\/es\/cerrajeros-civiles\/","title":{"rendered":"Cerrajeros Civiles"},"content":{"rendered":"\t\t<div data-elementor-type=\"wp-page\" data-elementor-id=\"6652\" class=\"elementor elementor-6652 elementor-414\" data-elementor-post-type=\"page\">\n\t\t\t\t\t\t<section class=\"elementor-section elementor-top-section elementor-element elementor-element-1186281 elementor-section-boxed elementor-section-height-default elementor-section-height-default qodef-elementor-content-no\" data-id=\"1186281\" data-element_type=\"section\" data-e-type=\"section\">\n\t\t\t\t\t\t<div class=\"elementor-container elementor-column-gap-default\">\n\t\t\t\t\t<div class=\"elementor-column elementor-col-100 elementor-top-column elementor-element elementor-element-1a45289\" data-id=\"1a45289\" data-element_type=\"column\" data-e-type=\"column\">\n\t\t\t<div class=\"elementor-widget-wrap elementor-element-populated\">\n\t\t\t\t\t\t<div class=\"elementor-element elementor-element-159cf32 elementor-align-left bbd-custom-breadcrumbs elementor-widget elementor-widget-breadcrumbs\" data-id=\"159cf32\" data-element_type=\"widget\" data-e-type=\"widget\" data-widget_type=\"breadcrumbs.default\">\n\t\t\t\t<div class=\"elementor-widget-container\">\n\t\t\t\t\t<p id=\"breadcrumbs\"><span><span><a href=\"https:\/\/microcubo.pt\/es\/\">casa<\/a><\/span><\/span><\/p>\t\t\t\t<\/div>\n\t\t\t\t<\/div>\n\t\t\t\t\t<\/div>\n\t\t<\/div>\n\t\t\t\t\t<\/div>\n\t\t<\/section>\n\t\t\t\t<section class=\"elementor-section elementor-top-section elementor-element elementor-element-d3c4154 elementor-section-boxed elementor-section-height-default elementor-section-height-default qodef-elementor-content-no\" data-id=\"d3c4154\" data-element_type=\"section\" data-e-type=\"section\">\n\t\t\t\t\t\t<div class=\"elementor-container elementor-column-gap-default\">\n\t\t\t\t\t<div class=\"elementor-column elementor-col-50 elementor-top-column elementor-element elementor-element-dea00fd\" data-id=\"dea00fd\" data-element_type=\"column\" data-e-type=\"column\">\n\t\t\t<div class=\"elementor-widget-wrap elementor-element-populated\">\n\t\t\t\t\t\t<div class=\"elementor-element elementor-element-a8f7ec5 elementor-widget elementor-widget-text-editor\" data-id=\"a8f7ec5\" data-element_type=\"widget\" data-e-type=\"widget\" data-widget_type=\"text-editor.default\">\n\t\t\t\t<div class=\"elementor-widget-container\">\n\t\t\t\t\t\t\t\t\t<p>Trabajamos el hierro, el acero inoxidable y el aluminio de forma responsable y altamente especializada, lo que nos permite producir piezas de cerrajer\u00eda art\u00edstica a medida. Nuestras piezas se aplican en obra p\u00fablica y privada, en espacios urbanos, comerciales o residenciales.<\/p>\n<p>En microcubo aseguramos el cumplimiento de los plazos de entrega, as\u00ed como la calidad de los servicios prestados, desde la idealizaci\u00f3n hasta el montaje.<\/p>\t\t\t\t\t\t\t\t<\/div>\n\t\t\t\t<\/div>\n\t\t\t\t\t<\/div>\n\t\t<\/div>\n\t\t\t\t<div class=\"elementor-column elementor-col-50 elementor-top-column elementor-element elementor-element-1d8a41b elementor-hidden-tablet elementor-hidden-mobile\" data-id=\"1d8a41b\" data-element_type=\"column\" data-e-type=\"column\">\n\t\t\t<div class=\"elementor-widget-wrap\">\n\t\t\t\t\t\t\t<\/div>\n\t\t<\/div>\n\t\t\t\t\t<\/div>\n\t\t<\/section>\n\t\t\t\t<section class=\"elementor-section elementor-top-section elementor-element elementor-element-62092f9 elementor-section-boxed elementor-section-height-default elementor-section-height-default qodef-elementor-content-no\" data-id=\"62092f9\" data-element_type=\"section\" data-e-type=\"section\">\n\t\t\t\t\t\t<div class=\"elementor-container elementor-column-gap-default\">\n\t\t\t\t\t<div class=\"elementor-column elementor-col-100 elementor-top-column elementor-element elementor-element-7f373d5\" data-id=\"7f373d5\" data-element_type=\"column\" data-e-type=\"column\">\n\t\t\t<div class=\"elementor-widget-wrap elementor-element-populated\">\n\t\t\t\t\t\t<div class=\"elementor-element elementor-element-bb20c93 microcubo-serralharia-carrousel elementor-widget elementor-widget-qi_addons_for_elementor_image_slider\" data-id=\"bb20c93\" data-element_type=\"widget\" data-e-type=\"widget\" data-widget_type=\"qi_addons_for_elementor_image_slider.default\">\n\t\t\t\t<div class=\"elementor-widget-container\">\n\t\t\t\t\t<div class=\"qodef-shortcode qodef-m qodef-qi-image-slider qodef-col-num--3 qodef-qi-grid qodef-qi-swiper-container qodef-navigation--outside qodef-hide-navigation--768 qodef-navigation--hover-move\" data-options=\"{&quot;direction&quot;:&quot;horizontal&quot;,&quot;slidesPerView&quot;:&quot;3&quot;,&quot;spaceBetween&quot;:30,&quot;spaceBetweenTablet&quot;:30,&quot;spaceBetweenMobile&quot;:30,&quot;effect&quot;:&quot;&quot;,&quot;loop&quot;:true,&quot;autoplay&quot;:true,&quot;centeredSlides&quot;:false,&quot;speed&quot;:&quot;&quot;,&quot;speedAnimation&quot;:&quot;&quot;,&quot;outsideNavigation&quot;:&quot;yes&quot;,&quot;outsidePagination&quot;:&quot;no&quot;,&quot;unique&quot;:635,&quot;partialValue&quot;:0,&quot;disablePartialValue&quot;:&quot;&quot;,&quot;parallax&quot;:&quot;no&quot;,&quot;customStages&quot;:true,&quot;slidesPerView1680&quot;:&quot;3&quot;,&quot;slidesPerView1440&quot;:&quot;3&quot;,&quot;slidesPerView1366&quot;:&quot;3&quot;,&quot;slidesPerView1024&quot;:&quot;2&quot;,&quot;slidesPerView768&quot;:&quot;2&quot;,&quot;slidesPerView680&quot;:&quot;2&quot;,&quot;slidesPerView480&quot;:&quot;1&quot;}\">\n\t<div class=\"swiper-wrapper\">\n\t\t<div class=\"qodef-e swiper-slide\">\n\t<div class=\"qodef-e-inner\">\n\t\t<div class=\"qodef-e-inner-holder\">\n\t\t\t\t\t\t\t<img fetchpriority=\"high\" decoding=\"async\" width=\"455\" height=\"600\" src=\"https:\/\/microcubo.pt\/wp-content\/uploads\/2022\/03\/microcubo-serralharia-01.jpg\" class=\"attachment-full size-full\" alt=\"\" srcset=\"https:\/\/microcubo.pt\/wp-content\/uploads\/2022\/03\/microcubo-serralharia-01.jpg 455w, https:\/\/microcubo.pt\/wp-content\/uploads\/2022\/03\/microcubo-serralharia-01-228x300.jpg 228w\" sizes=\"(max-width: 455px) 100vw, 455px\" \/>\t\t\t\t\t<\/div>\n\t<\/div>\n\t<\/div>\n<div class=\"qodef-e swiper-slide\">\n\t<div class=\"qodef-e-inner\">\n\t\t<div class=\"qodef-e-inner-holder\">\n\t\t\t\t\t\t\t<img decoding=\"async\" width=\"455\" height=\"600\" src=\"https:\/\/microcubo.pt\/wp-content\/uploads\/2022\/03\/microcubo-serralharia-02.jpg\" class=\"attachment-full size-full\" alt=\"\" srcset=\"https:\/\/microcubo.pt\/wp-content\/uploads\/2022\/03\/microcubo-serralharia-02.jpg 455w, https:\/\/microcubo.pt\/wp-content\/uploads\/2022\/03\/microcubo-serralharia-02-228x300.jpg 228w\" sizes=\"(max-width: 455px) 100vw, 455px\" \/>\t\t\t\t\t<\/div>\n\t<\/div>\n\t<\/div>\n<div class=\"qodef-e swiper-slide\">\n\t<div class=\"qodef-e-inner\">\n\t\t<div class=\"qodef-e-inner-holder\">\n\t\t\t\t\t\t\t<img decoding=\"async\" width=\"455\" height=\"600\" src=\"https:\/\/microcubo.pt\/wp-content\/uploads\/2022\/03\/microcubo-serralharia-03.jpg\" class=\"attachment-full size-full\" alt=\"\" srcset=\"https:\/\/microcubo.pt\/wp-content\/uploads\/2022\/03\/microcubo-serralharia-03.jpg 455w, https:\/\/microcubo.pt\/wp-content\/uploads\/2022\/03\/microcubo-serralharia-03-228x300.jpg 228w\" sizes=\"(max-width: 455px) 100vw, 455px\" \/>\t\t\t\t\t<\/div>\n\t<\/div>\n\t<\/div>\n<div class=\"qodef-e swiper-slide\">\n\t<div class=\"qodef-e-inner\">\n\t\t<div class=\"qodef-e-inner-holder\">\n\t\t\t\t\t\t\t<img loading=\"lazy\" decoding=\"async\" width=\"455\" height=\"600\" src=\"https:\/\/microcubo.pt\/wp-content\/uploads\/2022\/03\/microcubo-serralharia-04.jpg\" class=\"attachment-full size-full\" alt=\"\" srcset=\"https:\/\/microcubo.pt\/wp-content\/uploads\/2022\/03\/microcubo-serralharia-04.jpg 455w, https:\/\/microcubo.pt\/wp-content\/uploads\/2022\/03\/microcubo-serralharia-04-228x300.jpg 228w\" sizes=\"(max-width: 455px) 100vw, 455px\" \/>\t\t\t\t\t<\/div>\n\t<\/div>\n\t<\/div>\n<div class=\"qodef-e swiper-slide\">\n\t<div class=\"qodef-e-inner\">\n\t\t<div class=\"qodef-e-inner-holder\">\n\t\t\t\t\t\t\t<img loading=\"lazy\" decoding=\"async\" width=\"454\" height=\"599\" src=\"https:\/\/microcubo.pt\/wp-content\/uploads\/2022\/03\/microcubo-serralharia-05.jpg\" class=\"attachment-full size-full\" alt=\"\" srcset=\"https:\/\/microcubo.pt\/wp-content\/uploads\/2022\/03\/microcubo-serralharia-05.jpg 454w, https:\/\/microcubo.pt\/wp-content\/uploads\/2022\/03\/microcubo-serralharia-05-227x300.jpg 227w\" sizes=\"(max-width: 454px) 100vw, 454px\" \/>\t\t\t\t\t<\/div>\n\t<\/div>\n\t<\/div>\n<div class=\"qodef-e swiper-slide\">\n\t<div class=\"qodef-e-inner\">\n\t\t<div class=\"qodef-e-inner-holder\">\n\t\t\t\t\t\t\t<img loading=\"lazy\" decoding=\"async\" width=\"454\" height=\"599\" src=\"https:\/\/microcubo.pt\/wp-content\/uploads\/2022\/03\/microcubo-serralharia-06.jpg\" class=\"attachment-full size-full\" alt=\"\" srcset=\"https:\/\/microcubo.pt\/wp-content\/uploads\/2022\/03\/microcubo-serralharia-06.jpg 454w, https:\/\/microcubo.pt\/wp-content\/uploads\/2022\/03\/microcubo-serralharia-06-227x300.jpg 227w\" sizes=\"(max-width: 454px) 100vw, 454px\" \/>\t\t\t\t\t<\/div>\n\t<\/div>\n\t<\/div>\n\t<\/div>\n\t<\/div>\n\t\t<div class=\"swiper-button-prev swiper-button-outside swiper-button-prev-635\"><svg xmlns=\"http:\/\/www.w3.org\/2000\/svg\" id=\"Camada_1\" data-name=\"Camada 1\" viewBox=\"0 0 21 13.93\"><defs><style>.cls-1{fill:#010101;}<\/style><\/defs><title>Prancheta 10<\/title><polygon class=\"cls-1\" points=\"14.79 0 13 1.6 16.71 5.76 0 5.76 0 8.16 16.72 8.16 13 12.33 14.79 13.93 21 6.97 14.79 0\"><\/polygon><\/svg><\/div>\n\t<div class=\"swiper-button-next swiper-button-outside swiper-button-next-635\"><svg xmlns=\"http:\/\/www.w3.org\/2000\/svg\" id=\"Camada_1\" data-name=\"Camada 1\" viewBox=\"0 0 21 13.93\"><defs><style>.cls-1{fill:#010101;}<\/style><\/defs><title>Prancheta 10<\/title><polygon class=\"cls-1\" points=\"14.79 0 13 1.6 16.71 5.76 0 5.76 0 8.16 16.72 8.16 13 12.33 14.79 13.93 21 6.97 14.79 0\"><\/polygon><\/svg><\/div>\n\t\t\t\t\t<\/div>\n\t\t\t\t<\/div>\n\t\t\t\t\t<\/div>\n\t\t<\/div>\n\t\t\t\t\t<\/div>\n\t\t<\/section>\n\t\t\t\t<section class=\"elementor-section elementor-top-section elementor-element elementor-element-a90d806 elementor-section-boxed elementor-section-height-default elementor-section-height-default qodef-elementor-content-no\" data-id=\"a90d806\" data-element_type=\"section\" data-e-type=\"section\">\n\t\t\t\t\t\t<div class=\"elementor-container elementor-column-gap-default\">\n\t\t\t\t\t<div class=\"elementor-column elementor-col-100 elementor-top-column elementor-element elementor-element-d3c7293\" data-id=\"d3c7293\" data-element_type=\"column\" data-e-type=\"column\">\n\t\t\t<div class=\"elementor-widget-wrap elementor-element-populated\">\n\t\t\t\t\t\t<div class=\"elementor-element elementor-element-3aff473 elementor-hidden-mobile elementor-widget elementor-widget-heading\" data-id=\"3aff473\" data-element_type=\"widget\" data-e-type=\"widget\" data-widget_type=\"heading.default\">\n\t\t\t\t<div class=\"elementor-widget-container\">\n\t\t\t\t\t<h2 class=\"elementor-heading-title elementor-size-default\">Si lo prefieres, <br>\npuedes contactarnos  <br>\ndirectamente:<\/h2>\t\t\t\t<\/div>\n\t\t\t\t<\/div>\n\t\t\t\t<div class=\"elementor-element elementor-element-39ba206 elementor-hidden-desktop elementor-hidden-tablet elementor-widget elementor-widget-heading\" data-id=\"39ba206\" data-element_type=\"widget\" data-e-type=\"widget\" data-widget_type=\"heading.default\">\n\t\t\t\t<div class=\"elementor-widget-container\">\n\t\t\t\t\t<h2 class=\"elementor-heading-title elementor-size-default\">Si lo prefieres, puedes contactarnos directamente:<\/h2>\t\t\t\t<\/div>\n\t\t\t\t<\/div>\n\t\t\t\t\t<\/div>\n\t\t<\/div>\n\t\t\t\t\t<\/div>\n\t\t<\/section>\n\t\t\t\t<section class=\"elementor-section elementor-top-section elementor-element elementor-element-df250a8 elementor-section-boxed elementor-section-height-default elementor-section-height-default qodef-elementor-content-no\" data-id=\"df250a8\" data-element_type=\"section\" data-e-type=\"section\">\n\t\t\t\t\t\t<div class=\"elementor-container elementor-column-gap-default\">\n\t\t\t\t\t<div class=\"elementor-column elementor-col-100 elementor-top-column elementor-element elementor-element-1eea2de\" data-id=\"1eea2de\" data-element_type=\"column\" data-e-type=\"column\">\n\t\t\t<div class=\"elementor-widget-wrap elementor-element-populated\">\n\t\t\t\t\t\t<div class=\"elementor-element elementor-element-06b4233 elementor-hidden-desktop elementor-hidden-tablet elementor-hidden-mobile elementor-widget elementor-widget-image\" data-id=\"06b4233\" data-element_type=\"widget\" data-e-type=\"widget\" data-widget_type=\"image.default\">\n\t\t\t\t<div class=\"elementor-widget-container\">\n\t\t\t\t\t\t\t\t\t\t\t\t\t\t\t<img loading=\"lazy\" decoding=\"async\" width=\"127\" height=\"125\" src=\"https:\/\/microcubo.pt\/wp-content\/uploads\/2022\/02\/avatar.jpg\" class=\"attachment-large size-large wp-image-4164\" alt=\"\" \/>\t\t\t\t\t\t\t\t\t\t\t\t\t\t\t<\/div>\n\t\t\t\t<\/div>\n\t\t\t\t<div class=\"elementor-element elementor-element-fcf13ee elementor-hidden-desktop elementor-hidden-tablet elementor-hidden-mobile elementor-widget elementor-widget-heading\" data-id=\"fcf13ee\" data-element_type=\"widget\" data-e-type=\"widget\" data-widget_type=\"heading.default\">\n\t\t\t\t<div class=\"elementor-widget-container\">\n\t\t\t\t\t<h2 class=\"elementor-heading-title elementor-size-default\">Pedro Ribeiro<\/h2>\t\t\t\t<\/div>\n\t\t\t\t<\/div>\n\t\t\t\t<div class=\"elementor-element elementor-element-951d7c9 elementor-hidden-desktop elementor-hidden-tablet elementor-hidden-mobile elementor-widget elementor-widget-text-editor\" data-id=\"951d7c9\" data-element_type=\"widget\" data-e-type=\"widget\" data-widget_type=\"text-editor.default\">\n\t\t\t\t<div class=\"elementor-widget-container\">\n\t\t\t\t\t\t\t\t\t<p>Diretor Geral<\/p>\t\t\t\t\t\t\t\t<\/div>\n\t\t\t\t<\/div>\n\t\t\t\t<div class=\"elementor-element elementor-element-4ea53ce elementor-position-inline-start bbd-grey-icon bbd-fix-grey-icons-mobile elementor-view-default elementor-mobile-position-block-start elementor-widget elementor-widget-icon-box\" data-id=\"4ea53ce\" data-element_type=\"widget\" data-e-type=\"widget\" data-widget_type=\"icon-box.default\">\n\t\t\t\t<div class=\"elementor-widget-container\">\n\t\t\t\t\t\t\t<div class=\"elementor-icon-box-wrapper\">\n\n\t\t\t\t\t\t<div class=\"elementor-icon-box-icon\">\n\t\t\t\t<a href=\"mailto:comercial@microcubo.pt\" class=\"elementor-icon\" tabindex=\"-1\" aria-label=\"comercial@microcubo.pt\">\n\t\t\t\t<svg xmlns=\"http:\/\/www.w3.org\/2000\/svg\" id=\"Camada_1\" data-name=\"Camada 1\" viewBox=\"0 0 46.92 32.61\"><defs><style>.cls-1{fill:#c2c1c1;}<\/style><\/defs><title>Prancheta 8<\/title><path class=\"cls-1\" d=\"M45.46,32.61h-44A1.46,1.46,0,0,1,0,31.15V1.46A1.46,1.46,0,0,1,1.46,0h44a1.46,1.46,0,0,1,1.46,1.46V31.15A1.46,1.46,0,0,1,45.46,32.61ZM2.92,29.69H44V2.92H2.92Z\"><\/path><path class=\"cls-1\" d=\"M23.46,20.88a6.42,6.42,0,0,1-4.3-1.65L.49,2.55A1.46,1.46,0,0,1,.1.94,1.44,1.44,0,0,1,1.46,0h44a1.46,1.46,0,0,1,1,2.55L27.76,19.23A6.42,6.42,0,0,1,23.46,20.88ZM5.28,2.92,21.1,17.06a3.53,3.53,0,0,0,4.71,0h0L41.64,2.92Z\"><\/path><path class=\"cls-1\" d=\"M45.46,32.41h-44A1.44,1.44,0,0,1,.1,31.47a1.46,1.46,0,0,1,.39-1.61L16.87,15.22a1.46,1.46,0,1,1,1.95,2.17L5.28,29.49H41.64L28.1,17.39A1.46,1.46,0,1,1,30,15.22L46.43,29.86a1.46,1.46,0,0,1-1,2.55Z\"><\/path><\/svg>\t\t\t\t<\/a>\n\t\t\t<\/div>\n\t\t\t\n\t\t\t\t\t\t<div class=\"elementor-icon-box-content\">\n\n\t\t\t\t\t\t\t\t\t<h3 class=\"elementor-icon-box-title\">\n\t\t\t\t\t\t<a href=\"mailto:comercial@microcubo.pt\" >\n\t\t\t\t\t\t\tcomercial@microcubo.pt\t\t\t\t\t\t<\/a>\n\t\t\t\t\t<\/h3>\n\t\t\t\t\n\t\t\t\t\n\t\t\t<\/div>\n\t\t\t\n\t\t<\/div>\n\t\t\t\t\t\t<\/div>\n\t\t\t\t<\/div>\n\t\t\t\t<div class=\"elementor-element elementor-element-75961e9 elementor-position-inline-start bbd-grey-icon  bbd-fix-grey-icons-mobile elementor-view-default elementor-mobile-position-block-start elementor-widget elementor-widget-icon-box\" data-id=\"75961e9\" data-element_type=\"widget\" data-e-type=\"widget\" data-widget_type=\"icon-box.default\">\n\t\t\t\t<div class=\"elementor-widget-container\">\n\t\t\t\t\t\t\t<div class=\"elementor-icon-box-wrapper\">\n\n\t\t\t\t\t\t<div class=\"elementor-icon-box-icon\">\n\t\t\t\t<a href=\"tel:+351914096460\" class=\"elementor-icon\" tabindex=\"-1\" aria-label=\"+351 914 096 460\">\n\t\t\t\t<svg xmlns=\"http:\/\/www.w3.org\/2000\/svg\" id=\"Camada_1\" data-name=\"Camada 1\" viewBox=\"0 0 41.42 41.42\"><defs><style>.cls-1{fill:#c2c1c1;}<\/style><\/defs><title>Prancheta 9<\/title><path class=\"cls-1\" d=\"M0,4.88a4.94,4.94,0,0,1,1.27-3.3A4.9,4.9,0,0,1,4.87,0H11.4a4.85,4.85,0,0,1,4.83,4.3,23.8,23.8,0,0,0,.88,4.27,4.86,4.86,0,0,1-1.2,4.87l-2.64,2.64A30.51,30.51,0,0,0,25.33,28.15L28,25.5a4.86,4.86,0,0,1,4.87-1.2,23.9,23.9,0,0,0,4.26.89A4.84,4.84,0,0,1,41.42,30v6.53a4.89,4.89,0,0,1-5.33,4.85,39.63,39.63,0,0,1-13.45-3.7,40.05,40.05,0,0,1-11.09-7.83A40.08,40.08,0,0,1,3.71,18.78,39.6,39.6,0,0,1,0,5.32C0,5.18,0,5,0,4.88ZM14.09,10a1.73,1.73,0,0,0-.07-.5,27.38,27.38,0,0,1-1-4.84A1.61,1.61,0,0,0,11.4,3.24H4.87a1.6,1.6,0,0,0-1.21.53A1.65,1.65,0,0,0,3.24,5,36.65,36.65,0,0,0,36.39,38.17a1.57,1.57,0,0,0,1.26-.42,1.61,1.61,0,0,0,.53-1.2V30a1.62,1.62,0,0,0-1.43-1.62,26.5,26.5,0,0,1-4.84-1,1.64,1.64,0,0,0-1.64.39L26,32.1l-1-.52A33.72,33.72,0,0,1,9.83,16.5l-.51-1,4.31-4.31A1.64,1.64,0,0,0,14.09,10Zm0,0\"><\/path><\/svg>\t\t\t\t<\/a>\n\t\t\t<\/div>\n\t\t\t\n\t\t\t\t\t\t<div class=\"elementor-icon-box-content\">\n\n\t\t\t\t\t\t\t\t\t<h3 class=\"elementor-icon-box-title\">\n\t\t\t\t\t\t<a href=\"tel:+351914096460\" >\n\t\t\t\t\t\t\t+351 914 096 460\t\t\t\t\t\t<\/a>\n\t\t\t\t\t<\/h3>\n\t\t\t\t\n\t\t\t\t\t\t\t\t\t<p class=\"elementor-icon-box-description\">\n\t\t\t\t\t\tLlamadas a la red fija y m\u00f3vil nacional <br>seg\u00fan las condiciones de tu tarifa.\t\t\t\t\t<\/p>\n\t\t\t\t\n\t\t\t<\/div>\n\t\t\t\n\t\t<\/div>\n\t\t\t\t\t\t<\/div>\n\t\t\t\t<\/div>\n\t\t\t\t\t<\/div>\n\t\t<\/div>\n\t\t\t\t\t<\/div>\n\t\t<\/section>\n\t\t\t\t<\/div>\n\t\t","protected":false},"excerpt":{"rendered":"<p>Trabajamos el hierro, el acero inoxidable y el aluminio de forma responsable y altamente especializada, lo que nos permite producir piezas de cerrajer\u00eda art\u00edstica a medida. Nuestras piezas se aplican en obra p\u00fablica y privada, en espacios urbanos, comerciales o residenciales. En microcubo aseguramos el cumplimiento de los plazos de entrega, as\u00ed como la calidad [&hellip;]<\/p>\n","protected":false},"author":1,"featured_media":0,"parent":0,"menu_order":0,"comment_status":"closed","ping_status":"closed","template":"page-full-width.php","meta":{"footnotes":""},"class_list":["post-6652","page","type-page","status-publish","hentry"],"yoast_head":"<!-- This site is optimized with the Yoast SEO plugin v27.2 - https:\/\/yoast.com\/product\/yoast-seo-wordpress\/ -->\n<title>Cerrajeros Civiles - Microcubo<\/title>\n<meta name=\"description\" content=\"Trabalhamos a serralharia civil de forma respons\u00e1vel e especializada, o que nos permite desenvolver solu\u00e7\u00f5es ajustadas \u00e0s suas necessidades.\" \/>\n<meta name=\"robots\" content=\"index, follow, max-snippet:-1, max-image-preview:large, max-video-preview:-1\" \/>\n<link rel=\"canonical\" href=\"https:\/\/microcubo.pt\/es\/cerrajeros-civiles\/\" \/>\n<meta property=\"og:locale\" content=\"es_ES\" \/>\n<meta property=\"og:type\" content=\"article\" \/>\n<meta property=\"og:title\" content=\"Cerrajeros Civiles - Microcubo\" \/>\n<meta property=\"og:description\" content=\"Trabalhamos a serralharia civil de forma respons\u00e1vel e especializada, o que nos permite desenvolver solu\u00e7\u00f5es ajustadas \u00e0s suas necessidades.\" \/>\n<meta property=\"og:url\" content=\"https:\/\/microcubo.pt\/es\/cerrajeros-civiles\/\" \/>\n<meta property=\"og:site_name\" content=\"Microcubo\" \/>\n<meta property=\"article:modified_time\" content=\"2023-01-04T16:05:21+00:00\" \/>\n<meta property=\"og:image\" content=\"https:\/\/microcubo.pt\/wp-content\/uploads\/2022\/03\/microcubo-serralharia-01.jpg\" \/>\n<meta name=\"twitter:card\" content=\"summary_large_image\" \/>\n<meta name=\"twitter:label1\" content=\"Tiempo de lectura\" \/>\n\t<meta name=\"twitter:data1\" content=\"5 minutos\" \/>\n<script type=\"application\/ld+json\" class=\"yoast-schema-graph\">{\"@context\":\"https:\/\/schema.org\",\"@graph\":[{\"@type\":\"WebPage\",\"@id\":\"https:\/\/microcubo.pt\/es\/cerrajeros-civiles\/\",\"url\":\"https:\/\/microcubo.pt\/es\/cerrajeros-civiles\/\",\"name\":\"Cerrajeros Civiles - Microcubo\",\"isPartOf\":{\"@id\":\"https:\/\/microcubo.pt\/es\/#website\"},\"primaryImageOfPage\":{\"@id\":\"https:\/\/microcubo.pt\/es\/cerrajeros-civiles\/#primaryimage\"},\"image\":{\"@id\":\"https:\/\/microcubo.pt\/es\/cerrajeros-civiles\/#primaryimage\"},\"thumbnailUrl\":\"https:\/\/microcubo.pt\/wp-content\/uploads\/2022\/03\/microcubo-serralharia-01.jpg\",\"datePublished\":\"2022-02-23T11:46:48+00:00\",\"dateModified\":\"2023-01-04T16:05:21+00:00\",\"description\":\"Trabalhamos a serralharia civil de forma respons\u00e1vel e especializada, o que nos permite desenvolver solu\u00e7\u00f5es ajustadas \u00e0s suas necessidades.\",\"breadcrumb\":{\"@id\":\"https:\/\/microcubo.pt\/es\/cerrajeros-civiles\/#breadcrumb\"},\"inLanguage\":\"es\",\"potentialAction\":[{\"@type\":\"ReadAction\",\"target\":[\"https:\/\/microcubo.pt\/es\/cerrajeros-civiles\/\"]}]},{\"@type\":\"ImageObject\",\"inLanguage\":\"es\",\"@id\":\"https:\/\/microcubo.pt\/es\/cerrajeros-civiles\/#primaryimage\",\"url\":\"https:\/\/microcubo.pt\/wp-content\/uploads\/2022\/03\/microcubo-serralharia-01.jpg\",\"contentUrl\":\"https:\/\/microcubo.pt\/wp-content\/uploads\/2022\/03\/microcubo-serralharia-01.jpg\"},{\"@type\":\"BreadcrumbList\",\"@id\":\"https:\/\/microcubo.pt\/es\/cerrajeros-civiles\/#breadcrumb\",\"itemListElement\":[{\"@type\":\"ListItem\",\"position\":1,\"name\":\"casa\",\"item\":\"https:\/\/microcubo.pt\/es\/\"},{\"@type\":\"ListItem\",\"position\":2,\"name\":\"Cerrajeros Civiles\"}]},{\"@type\":\"WebSite\",\"@id\":\"https:\/\/microcubo.pt\/es\/#website\",\"url\":\"https:\/\/microcubo.pt\/es\/\",\"name\":\"Microcubo\",\"description\":\"\",\"potentialAction\":[{\"@type\":\"SearchAction\",\"target\":{\"@type\":\"EntryPoint\",\"urlTemplate\":\"https:\/\/microcubo.pt\/es\/?s={search_term_string}\"},\"query-input\":{\"@type\":\"PropertyValueSpecification\",\"valueRequired\":true,\"valueName\":\"search_term_string\"}}],\"inLanguage\":\"es\"}]}<\/script>\n<!-- \/ Yoast SEO plugin. -->","yoast_head_json":{"title":"Cerrajeros Civiles - Microcubo","description":"Trabalhamos a serralharia civil de forma respons\u00e1vel e especializada, o que nos permite desenvolver solu\u00e7\u00f5es ajustadas \u00e0s suas necessidades.","robots":{"index":"index","follow":"follow","max-snippet":"max-snippet:-1","max-image-preview":"max-image-preview:large","max-video-preview":"max-video-preview:-1"},"canonical":"https:\/\/microcubo.pt\/es\/cerrajeros-civiles\/","og_locale":"es_ES","og_type":"article","og_title":"Cerrajeros Civiles - Microcubo","og_description":"Trabalhamos a serralharia civil de forma respons\u00e1vel e especializada, o que nos permite desenvolver solu\u00e7\u00f5es ajustadas \u00e0s suas necessidades.","og_url":"https:\/\/microcubo.pt\/es\/cerrajeros-civiles\/","og_site_name":"Microcubo","article_modified_time":"2023-01-04T16:05:21+00:00","og_image":[{"url":"https:\/\/microcubo.pt\/wp-content\/uploads\/2022\/03\/microcubo-serralharia-01.jpg","type":"","width":"","height":""}],"twitter_card":"summary_large_image","twitter_misc":{"Tiempo de lectura":"5 minutos"},"schema":{"@context":"https:\/\/schema.org","@graph":[{"@type":"WebPage","@id":"https:\/\/microcubo.pt\/es\/cerrajeros-civiles\/","url":"https:\/\/microcubo.pt\/es\/cerrajeros-civiles\/","name":"Cerrajeros Civiles - Microcubo","isPartOf":{"@id":"https:\/\/microcubo.pt\/es\/#website"},"primaryImageOfPage":{"@id":"https:\/\/microcubo.pt\/es\/cerrajeros-civiles\/#primaryimage"},"image":{"@id":"https:\/\/microcubo.pt\/es\/cerrajeros-civiles\/#primaryimage"},"thumbnailUrl":"https:\/\/microcubo.pt\/wp-content\/uploads\/2022\/03\/microcubo-serralharia-01.jpg","datePublished":"2022-02-23T11:46:48+00:00","dateModified":"2023-01-04T16:05:21+00:00","description":"Trabalhamos a serralharia civil de forma respons\u00e1vel e especializada, o que nos permite desenvolver solu\u00e7\u00f5es ajustadas \u00e0s suas necessidades.","breadcrumb":{"@id":"https:\/\/microcubo.pt\/es\/cerrajeros-civiles\/#breadcrumb"},"inLanguage":"es","potentialAction":[{"@type":"ReadAction","target":["https:\/\/microcubo.pt\/es\/cerrajeros-civiles\/"]}]},{"@type":"ImageObject","inLanguage":"es","@id":"https:\/\/microcubo.pt\/es\/cerrajeros-civiles\/#primaryimage","url":"https:\/\/microcubo.pt\/wp-content\/uploads\/2022\/03\/microcubo-serralharia-01.jpg","contentUrl":"https:\/\/microcubo.pt\/wp-content\/uploads\/2022\/03\/microcubo-serralharia-01.jpg"},{"@type":"BreadcrumbList","@id":"https:\/\/microcubo.pt\/es\/cerrajeros-civiles\/#breadcrumb","itemListElement":[{"@type":"ListItem","position":1,"name":"casa","item":"https:\/\/microcubo.pt\/es\/"},{"@type":"ListItem","position":2,"name":"Cerrajeros Civiles"}]},{"@type":"WebSite","@id":"https:\/\/microcubo.pt\/es\/#website","url":"https:\/\/microcubo.pt\/es\/","name":"Microcubo","description":"","potentialAction":[{"@type":"SearchAction","target":{"@type":"EntryPoint","urlTemplate":"https:\/\/microcubo.pt\/es\/?s={search_term_string}"},"query-input":{"@type":"PropertyValueSpecification","valueRequired":true,"valueName":"search_term_string"}}],"inLanguage":"es"}]}},"_links":{"self":[{"href":"https:\/\/microcubo.pt\/es\/wp-json\/wp\/v2\/pages\/6652","targetHints":{"allow":["GET"]}}],"collection":[{"href":"https:\/\/microcubo.pt\/es\/wp-json\/wp\/v2\/pages"}],"about":[{"href":"https:\/\/microcubo.pt\/es\/wp-json\/wp\/v2\/types\/page"}],"author":[{"embeddable":true,"href":"https:\/\/microcubo.pt\/es\/wp-json\/wp\/v2\/users\/1"}],"replies":[{"embeddable":true,"href":"https:\/\/microcubo.pt\/es\/wp-json\/wp\/v2\/comments?post=6652"}],"version-history":[{"count":18,"href":"https:\/\/microcubo.pt\/es\/wp-json\/wp\/v2\/pages\/6652\/revisions"}],"predecessor-version":[{"id":10453,"href":"https:\/\/microcubo.pt\/es\/wp-json\/wp\/v2\/pages\/6652\/revisions\/10453"}],"wp:attachment":[{"href":"https:\/\/microcubo.pt\/es\/wp-json\/wp\/v2\/media?parent=6652"}],"curies":[{"name":"wp","href":"https:\/\/api.w.org\/{rel}","templated":true}]}}