{"id":13351,"date":"2023-09-13T12:25:40","date_gmt":"2023-09-13T12:25:40","guid":{"rendered":"https:\/\/microcubo.pt\/mobiliario-urbano\/sem%20categoria\/wc-triple-painel-es\/"},"modified":"2026-03-11T17:27:06","modified_gmt":"2026-03-11T17:27:06","slug":"wc-triple-painel-es","status":"publish","type":"product","link":"https:\/\/microcubo.pt\/es\/mobiliario-urbano\/quioscos\/wc-triple-painel-es\/","title":{"rendered":"WC Triple PAINEL"},"content":{"rendered":"<p>Hierro (S235JR)<br \/>\nTubo estructural 80 mm<br \/>\nPuerta de entrada con estructura de aluminio<br \/>\nRevestimiento de suelo de placa antideslizante<br \/>\nRevestimiento interior compacto fen\u00f3lico<br \/>\nPanel s\u00e1ndwich de revestimiento superior<br \/>\nL\u00e1minas de ventilaci\u00f3n configurables<br \/>\nRampa de entrada de metal \u2013 bajo pedido<\/p>\n","protected":false},"excerpt":{"rendered":"<p>Hierro (S235JR) Tubo estructural 80 mm Puerta de entrada con estructura de aluminio Revestimiento de suelo de placa antideslizante Revestimiento interior compacto fen\u00f3lico Panel s\u00e1ndwich de revestimiento superior L\u00e1minas de ventilaci\u00f3n configurables Rampa de entrada de metal \u2013 bajo pedido<\/p>\n","protected":false},"featured_media":6216,"template":"","meta":[],"product_brand":[],"product_cat":[884],"product_tag":[],"class_list":{"0":"post-13351","1":"product","2":"type-product","3":"status-publish","4":"has-post-thumbnail","6":"product_cat-quioscos","7":"mobiliario_urbano_linha-painel-es","8":"mobiliario_urbano_arquiteto-microcubo-es","10":"first","11":"instock","12":"shipping-taxable","13":"product-type-simple"},"yoast_head":"<!-- This site is optimized with the Yoast SEO plugin v27.5 - https:\/\/yoast.com\/product\/yoast-seo-wordpress\/ -->\n<title>WC Triple PAINEL - Microcubo<\/title>\n<meta name=\"robots\" content=\"index, follow, max-snippet:-1, max-image-preview:large, max-video-preview:-1\" \/>\n<link rel=\"canonical\" href=\"https:\/\/microcubo.pt\/es\/mobiliario-urbano\/quioscos\/wc-triple-painel-es\/\" \/>\n<meta property=\"og:locale\" content=\"es_ES\" \/>\n<meta property=\"og:type\" content=\"article\" \/>\n<meta property=\"og:title\" content=\"WC Triple PAINEL - Microcubo\" \/>\n<meta property=\"og:description\" content=\"Hierro (S235JR) Tubo estructural 80 mm Puerta de entrada con estructura de aluminio Revestimiento de suelo de placa antideslizante Revestimiento interior compacto fen\u00f3lico Panel s\u00e1ndwich de revestimiento superior L\u00e1minas de ventilaci\u00f3n configurables Rampa de entrada de metal \u2013 bajo pedido\" \/>\n<meta property=\"og:url\" content=\"https:\/\/microcubo.pt\/es\/mobiliario-urbano\/quioscos\/wc-triple-painel-es\/\" \/>\n<meta property=\"og:site_name\" content=\"Microcubo\" \/>\n<meta property=\"article:modified_time\" content=\"2026-03-11T17:27:06+00:00\" \/>\n<meta property=\"og:image\" content=\"https:\/\/microcubo.pt\/wp-content\/uploads\/2022\/04\/microcubo-WC-triplo-PAINEL-portrait.jpg\" \/>\n\t<meta property=\"og:image:width\" content=\"601\" \/>\n\t<meta property=\"og:image:height\" content=\"601\" \/>\n\t<meta property=\"og:image:type\" content=\"image\/jpeg\" \/>\n<meta name=\"twitter:card\" content=\"summary_large_image\" \/>\n<meta name=\"twitter:label1\" content=\"Tiempo de lectura\" \/>\n\t<meta name=\"twitter:data1\" content=\"1 minuto\" \/>\n<script type=\"application\/ld+json\" class=\"yoast-schema-graph\">{\"@context\":\"https:\\\/\\\/schema.org\",\"@graph\":[{\"@type\":\"WebPage\",\"@id\":\"https:\\\/\\\/microcubo.pt\\\/es\\\/mobiliario-urbano\\\/quioscos\\\/wc-triple-painel-es\\\/\",\"url\":\"https:\\\/\\\/microcubo.pt\\\/es\\\/mobiliario-urbano\\\/quioscos\\\/wc-triple-painel-es\\\/\",\"name\":\"WC Triple PAINEL - Microcubo\",\"isPartOf\":{\"@id\":\"https:\\\/\\\/microcubo.pt\\\/es\\\/#website\"},\"primaryImageOfPage\":{\"@id\":\"https:\\\/\\\/microcubo.pt\\\/es\\\/mobiliario-urbano\\\/quioscos\\\/wc-triple-painel-es\\\/#primaryimage\"},\"image\":{\"@id\":\"https:\\\/\\\/microcubo.pt\\\/es\\\/mobiliario-urbano\\\/quioscos\\\/wc-triple-painel-es\\\/#primaryimage\"},\"thumbnailUrl\":\"https:\\\/\\\/microcubo.pt\\\/wp-content\\\/uploads\\\/2022\\\/04\\\/microcubo-WC-triplo-PAINEL-portrait.jpg\",\"datePublished\":\"2023-09-13T12:25:40+00:00\",\"dateModified\":\"2026-03-11T17:27:06+00:00\",\"breadcrumb\":{\"@id\":\"https:\\\/\\\/microcubo.pt\\\/es\\\/mobiliario-urbano\\\/quioscos\\\/wc-triple-painel-es\\\/#breadcrumb\"},\"inLanguage\":\"es\",\"potentialAction\":[{\"@type\":\"ReadAction\",\"target\":[\"https:\\\/\\\/microcubo.pt\\\/es\\\/mobiliario-urbano\\\/quioscos\\\/wc-triple-painel-es\\\/\"]}]},{\"@type\":\"ImageObject\",\"inLanguage\":\"es\",\"@id\":\"https:\\\/\\\/microcubo.pt\\\/es\\\/mobiliario-urbano\\\/quioscos\\\/wc-triple-painel-es\\\/#primaryimage\",\"url\":\"https:\\\/\\\/microcubo.pt\\\/wp-content\\\/uploads\\\/2022\\\/04\\\/microcubo-WC-triplo-PAINEL-portrait.jpg\",\"contentUrl\":\"https:\\\/\\\/microcubo.pt\\\/wp-content\\\/uploads\\\/2022\\\/04\\\/microcubo-WC-triplo-PAINEL-portrait.jpg\",\"width\":601,\"height\":601},{\"@type\":\"BreadcrumbList\",\"@id\":\"https:\\\/\\\/microcubo.pt\\\/es\\\/mobiliario-urbano\\\/quioscos\\\/wc-triple-painel-es\\\/#breadcrumb\",\"itemListElement\":[{\"@type\":\"ListItem\",\"position\":1,\"name\":\"casa\",\"item\":\"https:\\\/\\\/microcubo.pt\\\/es\\\/\"},{\"@type\":\"ListItem\",\"position\":2,\"name\":\"Productos\",\"item\":\"https:\\\/\\\/microcubo.pt\\\/es\\\/shop\\\/\"},{\"@type\":\"ListItem\",\"position\":3,\"name\":\"WC Triple PAINEL\"}]},{\"@type\":\"WebSite\",\"@id\":\"https:\\\/\\\/microcubo.pt\\\/es\\\/#website\",\"url\":\"https:\\\/\\\/microcubo.pt\\\/es\\\/\",\"name\":\"Microcubo\",\"description\":\"\",\"potentialAction\":[{\"@type\":\"SearchAction\",\"target\":{\"@type\":\"EntryPoint\",\"urlTemplate\":\"https:\\\/\\\/microcubo.pt\\\/es\\\/?s={search_term_string}\"},\"query-input\":{\"@type\":\"PropertyValueSpecification\",\"valueRequired\":true,\"valueName\":\"search_term_string\"}}],\"inLanguage\":\"es\"}]}<\/script>\n<!-- \/ Yoast SEO plugin. -->","yoast_head_json":{"title":"WC Triple PAINEL - Microcubo","robots":{"index":"index","follow":"follow","max-snippet":"max-snippet:-1","max-image-preview":"max-image-preview:large","max-video-preview":"max-video-preview:-1"},"canonical":"https:\/\/microcubo.pt\/es\/mobiliario-urbano\/quioscos\/wc-triple-painel-es\/","og_locale":"es_ES","og_type":"article","og_title":"WC Triple PAINEL - Microcubo","og_description":"Hierro (S235JR) Tubo estructural 80 mm Puerta de entrada con estructura de aluminio Revestimiento de suelo de placa antideslizante Revestimiento interior compacto fen\u00f3lico Panel s\u00e1ndwich de revestimiento superior L\u00e1minas de ventilaci\u00f3n configurables Rampa de entrada de metal \u2013 bajo pedido","og_url":"https:\/\/microcubo.pt\/es\/mobiliario-urbano\/quioscos\/wc-triple-painel-es\/","og_site_name":"Microcubo","article_modified_time":"2026-03-11T17:27:06+00:00","og_image":[{"width":601,"height":601,"url":"https:\/\/microcubo.pt\/wp-content\/uploads\/2022\/04\/microcubo-WC-triplo-PAINEL-portrait.jpg","type":"image\/jpeg"}],"twitter_card":"summary_large_image","twitter_misc":{"Tiempo de lectura":"1 minuto"},"schema":{"@context":"https:\/\/schema.org","@graph":[{"@type":"WebPage","@id":"https:\/\/microcubo.pt\/es\/mobiliario-urbano\/quioscos\/wc-triple-painel-es\/","url":"https:\/\/microcubo.pt\/es\/mobiliario-urbano\/quioscos\/wc-triple-painel-es\/","name":"WC Triple PAINEL - Microcubo","isPartOf":{"@id":"https:\/\/microcubo.pt\/es\/#website"},"primaryImageOfPage":{"@id":"https:\/\/microcubo.pt\/es\/mobiliario-urbano\/quioscos\/wc-triple-painel-es\/#primaryimage"},"image":{"@id":"https:\/\/microcubo.pt\/es\/mobiliario-urbano\/quioscos\/wc-triple-painel-es\/#primaryimage"},"thumbnailUrl":"https:\/\/microcubo.pt\/wp-content\/uploads\/2022\/04\/microcubo-WC-triplo-PAINEL-portrait.jpg","datePublished":"2023-09-13T12:25:40+00:00","dateModified":"2026-03-11T17:27:06+00:00","breadcrumb":{"@id":"https:\/\/microcubo.pt\/es\/mobiliario-urbano\/quioscos\/wc-triple-painel-es\/#breadcrumb"},"inLanguage":"es","potentialAction":[{"@type":"ReadAction","target":["https:\/\/microcubo.pt\/es\/mobiliario-urbano\/quioscos\/wc-triple-painel-es\/"]}]},{"@type":"ImageObject","inLanguage":"es","@id":"https:\/\/microcubo.pt\/es\/mobiliario-urbano\/quioscos\/wc-triple-painel-es\/#primaryimage","url":"https:\/\/microcubo.pt\/wp-content\/uploads\/2022\/04\/microcubo-WC-triplo-PAINEL-portrait.jpg","contentUrl":"https:\/\/microcubo.pt\/wp-content\/uploads\/2022\/04\/microcubo-WC-triplo-PAINEL-portrait.jpg","width":601,"height":601},{"@type":"BreadcrumbList","@id":"https:\/\/microcubo.pt\/es\/mobiliario-urbano\/quioscos\/wc-triple-painel-es\/#breadcrumb","itemListElement":[{"@type":"ListItem","position":1,"name":"casa","item":"https:\/\/microcubo.pt\/es\/"},{"@type":"ListItem","position":2,"name":"Productos","item":"https:\/\/microcubo.pt\/es\/shop\/"},{"@type":"ListItem","position":3,"name":"WC Triple PAINEL"}]},{"@type":"WebSite","@id":"https:\/\/microcubo.pt\/es\/#website","url":"https:\/\/microcubo.pt\/es\/","name":"Microcubo","description":"","potentialAction":[{"@type":"SearchAction","target":{"@type":"EntryPoint","urlTemplate":"https:\/\/microcubo.pt\/es\/?s={search_term_string}"},"query-input":{"@type":"PropertyValueSpecification","valueRequired":true,"valueName":"search_term_string"}}],"inLanguage":"es"}]}},"_links":{"self":[{"href":"https:\/\/microcubo.pt\/es\/wp-json\/wp\/v2\/product\/13351","targetHints":{"allow":["GET"]}}],"collection":[{"href":"https:\/\/microcubo.pt\/es\/wp-json\/wp\/v2\/product"}],"about":[{"href":"https:\/\/microcubo.pt\/es\/wp-json\/wp\/v2\/types\/product"}],"wp:featuredmedia":[{"embeddable":true,"href":"https:\/\/microcubo.pt\/es\/wp-json\/wp\/v2\/media\/6216"}],"wp:attachment":[{"href":"https:\/\/microcubo.pt\/es\/wp-json\/wp\/v2\/media?parent=13351"}],"wp:term":[{"taxonomy":"product_brand","embeddable":true,"href":"https:\/\/microcubo.pt\/es\/wp-json\/wp\/v2\/product_brand?post=13351"},{"taxonomy":"product_cat","embeddable":true,"href":"https:\/\/microcubo.pt\/es\/wp-json\/wp\/v2\/product_cat?post=13351"},{"taxonomy":"product_tag","embeddable":true,"href":"https:\/\/microcubo.pt\/es\/wp-json\/wp\/v2\/product_tag?post=13351"}],"curies":[{"name":"wp","href":"https:\/\/api.w.org\/{rel}","templated":true}]}}