{"id":13375,"date":"2023-09-13T12:24:58","date_gmt":"2023-09-13T12:24:58","guid":{"rendered":"https:\/\/microcubo.pt\/mobiliario-urbano\/sem%20categoria\/quiosco-painel\/"},"modified":"2026-03-11T17:27:09","modified_gmt":"2026-03-11T17:27:09","slug":"quiosco-painel","status":"publish","type":"product","link":"https:\/\/microcubo.pt\/es\/mobiliario-urbano\/quioscos\/quiosco-painel\/","title":{"rendered":"Quiosco PAINEL"},"content":{"rendered":"<p>Hierro (S235JR)<br \/>\nTubo estructural 80 mm<br \/>\nRevestimiento de resina fen\u00f3lica<br \/>\nSistema elevador con estructura de aluminio<br \/>\nPuerta de entrada con estructura de aluminio<br \/>\nPuerta corredera de aluminio<br \/>\nPanel s\u00e1ndwich de revestimiento interior<br \/>\nPanel s\u00e1ndwich de revestimiento superior<br \/>\nL\u00e1minas de ventilaci\u00f3n configurables<\/p>\n","protected":false},"excerpt":{"rendered":"<p>Hierro (S235JR) Tubo estructural 80 mm Revestimiento de resina fen\u00f3lica Sistema elevador con estructura de aluminio Puerta de entrada con estructura de aluminio Puerta corredera de aluminio Panel s\u00e1ndwich de revestimiento interior Panel s\u00e1ndwich de revestimiento superior L\u00e1minas de ventilaci\u00f3n configurables<\/p>\n","protected":false},"featured_media":10567,"template":"","meta":[],"product_brand":[],"product_cat":[884],"product_tag":[],"class_list":{"0":"post-13375","1":"product","2":"type-product","3":"status-publish","4":"has-post-thumbnail","6":"product_cat-quioscos","7":"mobiliario_urbano_linha-painel-es","8":"mobiliario_urbano_arquiteto-microcubo-es","10":"first","11":"instock","12":"shipping-taxable","13":"product-type-simple"},"yoast_head":"<!-- This site is optimized with the Yoast SEO plugin v27.2 - https:\/\/yoast.com\/product\/yoast-seo-wordpress\/ -->\n<title>Quiosco PAINEL - Microcubo<\/title>\n<meta name=\"robots\" content=\"index, follow, max-snippet:-1, max-image-preview:large, max-video-preview:-1\" \/>\n<link rel=\"canonical\" href=\"https:\/\/microcubo.pt\/es\/mobiliario-urbano\/quioscos\/quiosco-painel\/\" \/>\n<meta property=\"og:locale\" content=\"es_ES\" \/>\n<meta property=\"og:type\" content=\"article\" \/>\n<meta property=\"og:title\" content=\"Quiosco PAINEL - Microcubo\" \/>\n<meta property=\"og:description\" content=\"Hierro (S235JR) Tubo estructural 80 mm Revestimiento de resina fen\u00f3lica Sistema elevador con estructura de aluminio Puerta de entrada con estructura de aluminio Puerta corredera de aluminio Panel s\u00e1ndwich de revestimiento interior Panel s\u00e1ndwich de revestimiento superior L\u00e1minas de ventilaci\u00f3n configurables\" \/>\n<meta property=\"og:url\" content=\"https:\/\/microcubo.pt\/es\/mobiliario-urbano\/quioscos\/quiosco-painel\/\" \/>\n<meta property=\"og:site_name\" content=\"Microcubo\" \/>\n<meta property=\"article:modified_time\" content=\"2026-03-11T17:27:09+00:00\" \/>\n<meta property=\"og:image\" content=\"https:\/\/microcubo.pt\/wp-content\/uploads\/2022\/03\/microcubo-quiosque-painel-destaque.jpg\" \/>\n\t<meta property=\"og:image:width\" content=\"601\" \/>\n\t<meta property=\"og:image:height\" content=\"601\" \/>\n\t<meta property=\"og:image:type\" content=\"image\/jpeg\" \/>\n<meta name=\"twitter:card\" content=\"summary_large_image\" \/>\n<meta name=\"twitter:label1\" content=\"Tiempo de lectura\" \/>\n\t<meta name=\"twitter:data1\" content=\"1 minuto\" \/>\n<script type=\"application\/ld+json\" class=\"yoast-schema-graph\">{\"@context\":\"https:\/\/schema.org\",\"@graph\":[{\"@type\":\"WebPage\",\"@id\":\"https:\/\/microcubo.pt\/es\/mobiliario-urbano\/quioscos\/quiosco-painel\/\",\"url\":\"https:\/\/microcubo.pt\/es\/mobiliario-urbano\/quioscos\/quiosco-painel\/\",\"name\":\"Quiosco PAINEL - Microcubo\",\"isPartOf\":{\"@id\":\"https:\/\/microcubo.pt\/es\/#website\"},\"primaryImageOfPage\":{\"@id\":\"https:\/\/microcubo.pt\/es\/mobiliario-urbano\/quioscos\/quiosco-painel\/#primaryimage\"},\"image\":{\"@id\":\"https:\/\/microcubo.pt\/es\/mobiliario-urbano\/quioscos\/quiosco-painel\/#primaryimage\"},\"thumbnailUrl\":\"https:\/\/microcubo.pt\/wp-content\/uploads\/2022\/03\/microcubo-quiosque-painel-destaque.jpg\",\"datePublished\":\"2023-09-13T12:24:58+00:00\",\"dateModified\":\"2026-03-11T17:27:09+00:00\",\"breadcrumb\":{\"@id\":\"https:\/\/microcubo.pt\/es\/mobiliario-urbano\/quioscos\/quiosco-painel\/#breadcrumb\"},\"inLanguage\":\"es\",\"potentialAction\":[{\"@type\":\"ReadAction\",\"target\":[\"https:\/\/microcubo.pt\/es\/mobiliario-urbano\/quioscos\/quiosco-painel\/\"]}]},{\"@type\":\"ImageObject\",\"inLanguage\":\"es\",\"@id\":\"https:\/\/microcubo.pt\/es\/mobiliario-urbano\/quioscos\/quiosco-painel\/#primaryimage\",\"url\":\"https:\/\/microcubo.pt\/wp-content\/uploads\/2022\/03\/microcubo-quiosque-painel-destaque.jpg\",\"contentUrl\":\"https:\/\/microcubo.pt\/wp-content\/uploads\/2022\/03\/microcubo-quiosque-painel-destaque.jpg\",\"width\":601,\"height\":601},{\"@type\":\"BreadcrumbList\",\"@id\":\"https:\/\/microcubo.pt\/es\/mobiliario-urbano\/quioscos\/quiosco-painel\/#breadcrumb\",\"itemListElement\":[{\"@type\":\"ListItem\",\"position\":1,\"name\":\"casa\",\"item\":\"https:\/\/microcubo.pt\/es\/\"},{\"@type\":\"ListItem\",\"position\":2,\"name\":\"Productos\",\"item\":\"https:\/\/microcubo.pt\/es\/shop\/\"},{\"@type\":\"ListItem\",\"position\":3,\"name\":\"Quiosco PAINEL\"}]},{\"@type\":\"WebSite\",\"@id\":\"https:\/\/microcubo.pt\/es\/#website\",\"url\":\"https:\/\/microcubo.pt\/es\/\",\"name\":\"Microcubo\",\"description\":\"\",\"potentialAction\":[{\"@type\":\"SearchAction\",\"target\":{\"@type\":\"EntryPoint\",\"urlTemplate\":\"https:\/\/microcubo.pt\/es\/?s={search_term_string}\"},\"query-input\":{\"@type\":\"PropertyValueSpecification\",\"valueRequired\":true,\"valueName\":\"search_term_string\"}}],\"inLanguage\":\"es\"}]}<\/script>\n<!-- \/ Yoast SEO plugin. -->","yoast_head_json":{"title":"Quiosco PAINEL - Microcubo","robots":{"index":"index","follow":"follow","max-snippet":"max-snippet:-1","max-image-preview":"max-image-preview:large","max-video-preview":"max-video-preview:-1"},"canonical":"https:\/\/microcubo.pt\/es\/mobiliario-urbano\/quioscos\/quiosco-painel\/","og_locale":"es_ES","og_type":"article","og_title":"Quiosco PAINEL - Microcubo","og_description":"Hierro (S235JR) Tubo estructural 80 mm Revestimiento de resina fen\u00f3lica Sistema elevador con estructura de aluminio Puerta de entrada con estructura de aluminio Puerta corredera de aluminio Panel s\u00e1ndwich de revestimiento interior Panel s\u00e1ndwich de revestimiento superior L\u00e1minas de ventilaci\u00f3n configurables","og_url":"https:\/\/microcubo.pt\/es\/mobiliario-urbano\/quioscos\/quiosco-painel\/","og_site_name":"Microcubo","article_modified_time":"2026-03-11T17:27:09+00:00","og_image":[{"width":601,"height":601,"url":"https:\/\/microcubo.pt\/wp-content\/uploads\/2022\/03\/microcubo-quiosque-painel-destaque.jpg","type":"image\/jpeg"}],"twitter_card":"summary_large_image","twitter_misc":{"Tiempo de lectura":"1 minuto"},"schema":{"@context":"https:\/\/schema.org","@graph":[{"@type":"WebPage","@id":"https:\/\/microcubo.pt\/es\/mobiliario-urbano\/quioscos\/quiosco-painel\/","url":"https:\/\/microcubo.pt\/es\/mobiliario-urbano\/quioscos\/quiosco-painel\/","name":"Quiosco PAINEL - Microcubo","isPartOf":{"@id":"https:\/\/microcubo.pt\/es\/#website"},"primaryImageOfPage":{"@id":"https:\/\/microcubo.pt\/es\/mobiliario-urbano\/quioscos\/quiosco-painel\/#primaryimage"},"image":{"@id":"https:\/\/microcubo.pt\/es\/mobiliario-urbano\/quioscos\/quiosco-painel\/#primaryimage"},"thumbnailUrl":"https:\/\/microcubo.pt\/wp-content\/uploads\/2022\/03\/microcubo-quiosque-painel-destaque.jpg","datePublished":"2023-09-13T12:24:58+00:00","dateModified":"2026-03-11T17:27:09+00:00","breadcrumb":{"@id":"https:\/\/microcubo.pt\/es\/mobiliario-urbano\/quioscos\/quiosco-painel\/#breadcrumb"},"inLanguage":"es","potentialAction":[{"@type":"ReadAction","target":["https:\/\/microcubo.pt\/es\/mobiliario-urbano\/quioscos\/quiosco-painel\/"]}]},{"@type":"ImageObject","inLanguage":"es","@id":"https:\/\/microcubo.pt\/es\/mobiliario-urbano\/quioscos\/quiosco-painel\/#primaryimage","url":"https:\/\/microcubo.pt\/wp-content\/uploads\/2022\/03\/microcubo-quiosque-painel-destaque.jpg","contentUrl":"https:\/\/microcubo.pt\/wp-content\/uploads\/2022\/03\/microcubo-quiosque-painel-destaque.jpg","width":601,"height":601},{"@type":"BreadcrumbList","@id":"https:\/\/microcubo.pt\/es\/mobiliario-urbano\/quioscos\/quiosco-painel\/#breadcrumb","itemListElement":[{"@type":"ListItem","position":1,"name":"casa","item":"https:\/\/microcubo.pt\/es\/"},{"@type":"ListItem","position":2,"name":"Productos","item":"https:\/\/microcubo.pt\/es\/shop\/"},{"@type":"ListItem","position":3,"name":"Quiosco PAINEL"}]},{"@type":"WebSite","@id":"https:\/\/microcubo.pt\/es\/#website","url":"https:\/\/microcubo.pt\/es\/","name":"Microcubo","description":"","potentialAction":[{"@type":"SearchAction","target":{"@type":"EntryPoint","urlTemplate":"https:\/\/microcubo.pt\/es\/?s={search_term_string}"},"query-input":{"@type":"PropertyValueSpecification","valueRequired":true,"valueName":"search_term_string"}}],"inLanguage":"es"}]}},"_links":{"self":[{"href":"https:\/\/microcubo.pt\/es\/wp-json\/wp\/v2\/product\/13375","targetHints":{"allow":["GET"]}}],"collection":[{"href":"https:\/\/microcubo.pt\/es\/wp-json\/wp\/v2\/product"}],"about":[{"href":"https:\/\/microcubo.pt\/es\/wp-json\/wp\/v2\/types\/product"}],"wp:featuredmedia":[{"embeddable":true,"href":"https:\/\/microcubo.pt\/es\/wp-json\/wp\/v2\/media\/10567"}],"wp:attachment":[{"href":"https:\/\/microcubo.pt\/es\/wp-json\/wp\/v2\/media?parent=13375"}],"wp:term":[{"taxonomy":"product_brand","embeddable":true,"href":"https:\/\/microcubo.pt\/es\/wp-json\/wp\/v2\/product_brand?post=13375"},{"taxonomy":"product_cat","embeddable":true,"href":"https:\/\/microcubo.pt\/es\/wp-json\/wp\/v2\/product_cat?post=13375"},{"taxonomy":"product_tag","embeddable":true,"href":"https:\/\/microcubo.pt\/es\/wp-json\/wp\/v2\/product_tag?post=13375"}],"curies":[{"name":"wp","href":"https:\/\/api.w.org\/{rel}","templated":true}]}}