{"id":16284,"date":"2024-02-19T10:37:43","date_gmt":"2024-02-19T10:37:43","guid":{"rendered":"https:\/\/microcubo.pt\/?post_type=product&#038;p=16284"},"modified":"2026-03-11T17:28:28","modified_gmt":"2026-03-11T17:28:28","slug":"maceta-eye","status":"publish","type":"product","link":"https:\/\/microcubo.pt\/es\/mobiliario-urbano\/macetas\/maceta-eye\/","title":{"rendered":"Maceta EYE"},"content":{"rendered":"<p>Hierro (S235JR)<br \/>\nMadera de kambala o material reciclado<br \/>\nChorro abrasivo hasta grado SA2 1.5<br \/>\nMetalizaci\u00f3n en caliente con un espesor de 40 a 60 micras<br \/>\nPintura bicomponente en color Forge Y764<br \/>\nLasur acuoso 205 protecci\u00f3n y conservaci\u00f3n roble para exterior<br \/>\n300 kg aprox<\/p>\n","protected":false},"excerpt":{"rendered":"<p>Hierro (S235JR) Madera de kambala o material reciclado Chorro abrasivo hasta grado SA2 1.5 Metalizaci\u00f3n en caliente con un espesor de 40 a 60 micras Pintura bicomponente en color Forge Y764 Lasur acuoso 205 protecci\u00f3n y conservaci\u00f3n roble para exterior 300 kg aprox<\/p>\n","protected":false},"featured_media":17401,"template":"","meta":[],"product_brand":[],"product_cat":[875],"product_tag":[],"class_list":{"0":"post-16284","1":"product","2":"type-product","3":"status-publish","4":"has-post-thumbnail","6":"product_cat-macetas","7":"mobiliario_urbano_linha-eye-es","8":"mobiliario_urbano_arquiteto-microcubo-es","10":"first","11":"instock","12":"shipping-taxable","13":"product-type-simple"},"yoast_head":"<!-- This site is optimized with the Yoast SEO plugin v27.5 - https:\/\/yoast.com\/product\/yoast-seo-wordpress\/ -->\n<title>Maceta EYE - Microcubo<\/title>\n<meta name=\"robots\" content=\"index, follow, max-snippet:-1, max-image-preview:large, max-video-preview:-1\" \/>\n<link rel=\"canonical\" href=\"https:\/\/microcubo.pt\/es\/mobiliario-urbano\/macetas\/maceta-eye\/\" \/>\n<meta property=\"og:locale\" content=\"es_ES\" \/>\n<meta property=\"og:type\" content=\"article\" \/>\n<meta property=\"og:title\" content=\"Maceta EYE - Microcubo\" \/>\n<meta property=\"og:description\" content=\"Hierro (S235JR) Madera de kambala o material reciclado Chorro abrasivo hasta grado SA2 1.5 Metalizaci\u00f3n en caliente con un espesor de 40 a 60 micras Pintura bicomponente en color Forge Y764 Lasur acuoso 205 protecci\u00f3n y conservaci\u00f3n roble para exterior 300 kg aprox\" \/>\n<meta property=\"og:url\" content=\"https:\/\/microcubo.pt\/es\/mobiliario-urbano\/macetas\/maceta-eye\/\" \/>\n<meta property=\"og:site_name\" content=\"Microcubo\" \/>\n<meta property=\"article:modified_time\" content=\"2026-03-11T17:28:28+00:00\" \/>\n<meta property=\"og:image\" content=\"https:\/\/microcubo.pt\/wp-content\/uploads\/2024\/02\/microcubo-Floreiras-Eye-capa.jpg\" \/>\n\t<meta property=\"og:image:width\" content=\"599\" \/>\n\t<meta property=\"og:image:height\" content=\"599\" \/>\n\t<meta property=\"og:image:type\" content=\"image\/jpeg\" \/>\n<meta name=\"twitter:card\" content=\"summary_large_image\" \/>\n<meta name=\"twitter:label1\" content=\"Tiempo de lectura\" \/>\n\t<meta name=\"twitter:data1\" content=\"1 minuto\" \/>\n<script type=\"application\/ld+json\" class=\"yoast-schema-graph\">{\"@context\":\"https:\\\/\\\/schema.org\",\"@graph\":[{\"@type\":\"WebPage\",\"@id\":\"https:\\\/\\\/microcubo.pt\\\/es\\\/mobiliario-urbano\\\/macetas\\\/maceta-eye\\\/\",\"url\":\"https:\\\/\\\/microcubo.pt\\\/es\\\/mobiliario-urbano\\\/macetas\\\/maceta-eye\\\/\",\"name\":\"Maceta EYE - Microcubo\",\"isPartOf\":{\"@id\":\"https:\\\/\\\/microcubo.pt\\\/es\\\/#website\"},\"primaryImageOfPage\":{\"@id\":\"https:\\\/\\\/microcubo.pt\\\/es\\\/mobiliario-urbano\\\/macetas\\\/maceta-eye\\\/#primaryimage\"},\"image\":{\"@id\":\"https:\\\/\\\/microcubo.pt\\\/es\\\/mobiliario-urbano\\\/macetas\\\/maceta-eye\\\/#primaryimage\"},\"thumbnailUrl\":\"https:\\\/\\\/microcubo.pt\\\/wp-content\\\/uploads\\\/2024\\\/02\\\/microcubo-Floreiras-Eye-capa.jpg\",\"datePublished\":\"2024-02-19T10:37:43+00:00\",\"dateModified\":\"2026-03-11T17:28:28+00:00\",\"breadcrumb\":{\"@id\":\"https:\\\/\\\/microcubo.pt\\\/es\\\/mobiliario-urbano\\\/macetas\\\/maceta-eye\\\/#breadcrumb\"},\"inLanguage\":\"es\",\"potentialAction\":[{\"@type\":\"ReadAction\",\"target\":[\"https:\\\/\\\/microcubo.pt\\\/es\\\/mobiliario-urbano\\\/macetas\\\/maceta-eye\\\/\"]}]},{\"@type\":\"ImageObject\",\"inLanguage\":\"es\",\"@id\":\"https:\\\/\\\/microcubo.pt\\\/es\\\/mobiliario-urbano\\\/macetas\\\/maceta-eye\\\/#primaryimage\",\"url\":\"https:\\\/\\\/microcubo.pt\\\/wp-content\\\/uploads\\\/2024\\\/02\\\/microcubo-Floreiras-Eye-capa.jpg\",\"contentUrl\":\"https:\\\/\\\/microcubo.pt\\\/wp-content\\\/uploads\\\/2024\\\/02\\\/microcubo-Floreiras-Eye-capa.jpg\",\"width\":599,\"height\":599},{\"@type\":\"BreadcrumbList\",\"@id\":\"https:\\\/\\\/microcubo.pt\\\/es\\\/mobiliario-urbano\\\/macetas\\\/maceta-eye\\\/#breadcrumb\",\"itemListElement\":[{\"@type\":\"ListItem\",\"position\":1,\"name\":\"casa\",\"item\":\"https:\\\/\\\/microcubo.pt\\\/es\\\/\"},{\"@type\":\"ListItem\",\"position\":2,\"name\":\"Productos\",\"item\":\"https:\\\/\\\/microcubo.pt\\\/es\\\/shop\\\/\"},{\"@type\":\"ListItem\",\"position\":3,\"name\":\"Maceta EYE\"}]},{\"@type\":\"WebSite\",\"@id\":\"https:\\\/\\\/microcubo.pt\\\/es\\\/#website\",\"url\":\"https:\\\/\\\/microcubo.pt\\\/es\\\/\",\"name\":\"Microcubo\",\"description\":\"\",\"potentialAction\":[{\"@type\":\"SearchAction\",\"target\":{\"@type\":\"EntryPoint\",\"urlTemplate\":\"https:\\\/\\\/microcubo.pt\\\/es\\\/?s={search_term_string}\"},\"query-input\":{\"@type\":\"PropertyValueSpecification\",\"valueRequired\":true,\"valueName\":\"search_term_string\"}}],\"inLanguage\":\"es\"}]}<\/script>\n<!-- \/ Yoast SEO plugin. -->","yoast_head_json":{"title":"Maceta EYE - Microcubo","robots":{"index":"index","follow":"follow","max-snippet":"max-snippet:-1","max-image-preview":"max-image-preview:large","max-video-preview":"max-video-preview:-1"},"canonical":"https:\/\/microcubo.pt\/es\/mobiliario-urbano\/macetas\/maceta-eye\/","og_locale":"es_ES","og_type":"article","og_title":"Maceta EYE - Microcubo","og_description":"Hierro (S235JR) Madera de kambala o material reciclado Chorro abrasivo hasta grado SA2 1.5 Metalizaci\u00f3n en caliente con un espesor de 40 a 60 micras Pintura bicomponente en color Forge Y764 Lasur acuoso 205 protecci\u00f3n y conservaci\u00f3n roble para exterior 300 kg aprox","og_url":"https:\/\/microcubo.pt\/es\/mobiliario-urbano\/macetas\/maceta-eye\/","og_site_name":"Microcubo","article_modified_time":"2026-03-11T17:28:28+00:00","og_image":[{"width":599,"height":599,"url":"https:\/\/microcubo.pt\/wp-content\/uploads\/2024\/02\/microcubo-Floreiras-Eye-capa.jpg","type":"image\/jpeg"}],"twitter_card":"summary_large_image","twitter_misc":{"Tiempo de lectura":"1 minuto"},"schema":{"@context":"https:\/\/schema.org","@graph":[{"@type":"WebPage","@id":"https:\/\/microcubo.pt\/es\/mobiliario-urbano\/macetas\/maceta-eye\/","url":"https:\/\/microcubo.pt\/es\/mobiliario-urbano\/macetas\/maceta-eye\/","name":"Maceta EYE - Microcubo","isPartOf":{"@id":"https:\/\/microcubo.pt\/es\/#website"},"primaryImageOfPage":{"@id":"https:\/\/microcubo.pt\/es\/mobiliario-urbano\/macetas\/maceta-eye\/#primaryimage"},"image":{"@id":"https:\/\/microcubo.pt\/es\/mobiliario-urbano\/macetas\/maceta-eye\/#primaryimage"},"thumbnailUrl":"https:\/\/microcubo.pt\/wp-content\/uploads\/2024\/02\/microcubo-Floreiras-Eye-capa.jpg","datePublished":"2024-02-19T10:37:43+00:00","dateModified":"2026-03-11T17:28:28+00:00","breadcrumb":{"@id":"https:\/\/microcubo.pt\/es\/mobiliario-urbano\/macetas\/maceta-eye\/#breadcrumb"},"inLanguage":"es","potentialAction":[{"@type":"ReadAction","target":["https:\/\/microcubo.pt\/es\/mobiliario-urbano\/macetas\/maceta-eye\/"]}]},{"@type":"ImageObject","inLanguage":"es","@id":"https:\/\/microcubo.pt\/es\/mobiliario-urbano\/macetas\/maceta-eye\/#primaryimage","url":"https:\/\/microcubo.pt\/wp-content\/uploads\/2024\/02\/microcubo-Floreiras-Eye-capa.jpg","contentUrl":"https:\/\/microcubo.pt\/wp-content\/uploads\/2024\/02\/microcubo-Floreiras-Eye-capa.jpg","width":599,"height":599},{"@type":"BreadcrumbList","@id":"https:\/\/microcubo.pt\/es\/mobiliario-urbano\/macetas\/maceta-eye\/#breadcrumb","itemListElement":[{"@type":"ListItem","position":1,"name":"casa","item":"https:\/\/microcubo.pt\/es\/"},{"@type":"ListItem","position":2,"name":"Productos","item":"https:\/\/microcubo.pt\/es\/shop\/"},{"@type":"ListItem","position":3,"name":"Maceta EYE"}]},{"@type":"WebSite","@id":"https:\/\/microcubo.pt\/es\/#website","url":"https:\/\/microcubo.pt\/es\/","name":"Microcubo","description":"","potentialAction":[{"@type":"SearchAction","target":{"@type":"EntryPoint","urlTemplate":"https:\/\/microcubo.pt\/es\/?s={search_term_string}"},"query-input":{"@type":"PropertyValueSpecification","valueRequired":true,"valueName":"search_term_string"}}],"inLanguage":"es"}]}},"_links":{"self":[{"href":"https:\/\/microcubo.pt\/es\/wp-json\/wp\/v2\/product\/16284","targetHints":{"allow":["GET"]}}],"collection":[{"href":"https:\/\/microcubo.pt\/es\/wp-json\/wp\/v2\/product"}],"about":[{"href":"https:\/\/microcubo.pt\/es\/wp-json\/wp\/v2\/types\/product"}],"wp:featuredmedia":[{"embeddable":true,"href":"https:\/\/microcubo.pt\/es\/wp-json\/wp\/v2\/media\/17401"}],"wp:attachment":[{"href":"https:\/\/microcubo.pt\/es\/wp-json\/wp\/v2\/media?parent=16284"}],"wp:term":[{"taxonomy":"product_brand","embeddable":true,"href":"https:\/\/microcubo.pt\/es\/wp-json\/wp\/v2\/product_brand?post=16284"},{"taxonomy":"product_cat","embeddable":true,"href":"https:\/\/microcubo.pt\/es\/wp-json\/wp\/v2\/product_cat?post=16284"},{"taxonomy":"product_tag","embeddable":true,"href":"https:\/\/microcubo.pt\/es\/wp-json\/wp\/v2\/product_tag?post=16284"}],"curies":[{"name":"wp","href":"https:\/\/api.w.org\/{rel}","templated":true}]}}