{"id":22581,"date":"2026-03-11T15:24:25","date_gmt":"2026-03-11T15:24:25","guid":{"rendered":"https:\/\/microcubo.pt\/mobiliario-urbano\/sin%20categor\u00eda\/modulo-tres\/"},"modified":"2026-03-11T17:28:54","modified_gmt":"2026-03-11T17:28:54","slug":"modulo-tres","status":"publish","type":"product","link":"https:\/\/microcubo.pt\/es\/mobiliario-urbano\/modulos-es\/modulo-tres\/","title":{"rendered":"M\u00f3dulo Tr\u00eas"},"content":{"rendered":"<p>Hierro (S235JR)<br \/>\nMetalizaci\u00f3n SA2 1.5<br \/>\nPintura de 2 componentes en color RAL 1003<br \/>\nMadera Casquinha Vermelha<\/p>\n","protected":false},"excerpt":{"rendered":"<p>Hierro (S235JR) Metalizaci\u00f3n SA2 1.5 Pintura de 2 componentes en color RAL 1003 Madera Casquinha Vermelha<\/p>\n","protected":false},"featured_media":22562,"template":"","meta":[],"product_brand":[],"product_cat":[1050],"product_tag":[],"class_list":{"0":"post-22581","1":"product","2":"type-product","3":"status-publish","4":"has-post-thumbnail","6":"product_cat-modulos-es","7":"mobiliario_urbano_linha-tres","8":"mobiliario_urbano_arquiteto-arq-catia-sampaio","10":"first","11":"instock","12":"shipping-taxable","13":"product-type-simple"},"yoast_head":"<!-- This site is optimized with the Yoast SEO plugin v27.5 - https:\/\/yoast.com\/product\/yoast-seo-wordpress\/ -->\n<title>M\u00f3dulo Tr\u00eas - Microcubo<\/title>\n<meta name=\"robots\" content=\"index, follow, max-snippet:-1, max-image-preview:large, max-video-preview:-1\" \/>\n<link rel=\"canonical\" href=\"https:\/\/microcubo.pt\/es\/mobiliario-urbano\/modulos-es\/modulo-tres\/\" \/>\n<meta property=\"og:locale\" content=\"es_ES\" \/>\n<meta property=\"og:type\" content=\"article\" \/>\n<meta property=\"og:title\" content=\"M\u00f3dulo Tr\u00eas - Microcubo\" \/>\n<meta property=\"og:description\" content=\"Hierro (S235JR) Metalizaci\u00f3n SA2 1.5 Pintura de 2 componentes en color RAL 1003 Madera Casquinha Vermelha\" \/>\n<meta property=\"og:url\" content=\"https:\/\/microcubo.pt\/es\/mobiliario-urbano\/modulos-es\/modulo-tres\/\" \/>\n<meta property=\"og:site_name\" content=\"Microcubo\" \/>\n<meta property=\"article:modified_time\" content=\"2026-03-11T17:28:54+00:00\" \/>\n<meta property=\"og:image\" content=\"https:\/\/microcubo.pt\/wp-content\/uploads\/2026\/03\/microcubo-Modulo-TROS-123.40.1123.40.2123.40.3-capa.png\" \/>\n\t<meta property=\"og:image:width\" content=\"601\" \/>\n\t<meta property=\"og:image:height\" content=\"601\" \/>\n\t<meta property=\"og:image:type\" content=\"image\/png\" \/>\n<meta name=\"twitter:card\" content=\"summary_large_image\" \/>\n<script type=\"application\/ld+json\" class=\"yoast-schema-graph\">{\"@context\":\"https:\\\/\\\/schema.org\",\"@graph\":[{\"@type\":\"WebPage\",\"@id\":\"https:\\\/\\\/microcubo.pt\\\/es\\\/mobiliario-urbano\\\/modulos-es\\\/modulo-tres\\\/\",\"url\":\"https:\\\/\\\/microcubo.pt\\\/es\\\/mobiliario-urbano\\\/modulos-es\\\/modulo-tres\\\/\",\"name\":\"M\u00f3dulo Tr\u00eas - Microcubo\",\"isPartOf\":{\"@id\":\"https:\\\/\\\/microcubo.pt\\\/es\\\/#website\"},\"primaryImageOfPage\":{\"@id\":\"https:\\\/\\\/microcubo.pt\\\/es\\\/mobiliario-urbano\\\/modulos-es\\\/modulo-tres\\\/#primaryimage\"},\"image\":{\"@id\":\"https:\\\/\\\/microcubo.pt\\\/es\\\/mobiliario-urbano\\\/modulos-es\\\/modulo-tres\\\/#primaryimage\"},\"thumbnailUrl\":\"https:\\\/\\\/microcubo.pt\\\/wp-content\\\/uploads\\\/2026\\\/03\\\/microcubo-Modulo-TROS-123.40.1123.40.2123.40.3-capa.png\",\"datePublished\":\"2026-03-11T15:24:25+00:00\",\"dateModified\":\"2026-03-11T17:28:54+00:00\",\"breadcrumb\":{\"@id\":\"https:\\\/\\\/microcubo.pt\\\/es\\\/mobiliario-urbano\\\/modulos-es\\\/modulo-tres\\\/#breadcrumb\"},\"inLanguage\":\"es\",\"potentialAction\":[{\"@type\":\"ReadAction\",\"target\":[\"https:\\\/\\\/microcubo.pt\\\/es\\\/mobiliario-urbano\\\/modulos-es\\\/modulo-tres\\\/\"]}]},{\"@type\":\"ImageObject\",\"inLanguage\":\"es\",\"@id\":\"https:\\\/\\\/microcubo.pt\\\/es\\\/mobiliario-urbano\\\/modulos-es\\\/modulo-tres\\\/#primaryimage\",\"url\":\"https:\\\/\\\/microcubo.pt\\\/wp-content\\\/uploads\\\/2026\\\/03\\\/microcubo-Modulo-TROS-123.40.1123.40.2123.40.3-capa.png\",\"contentUrl\":\"https:\\\/\\\/microcubo.pt\\\/wp-content\\\/uploads\\\/2026\\\/03\\\/microcubo-Modulo-TROS-123.40.1123.40.2123.40.3-capa.png\",\"width\":601,\"height\":601},{\"@type\":\"BreadcrumbList\",\"@id\":\"https:\\\/\\\/microcubo.pt\\\/es\\\/mobiliario-urbano\\\/modulos-es\\\/modulo-tres\\\/#breadcrumb\",\"itemListElement\":[{\"@type\":\"ListItem\",\"position\":1,\"name\":\"casa\",\"item\":\"https:\\\/\\\/microcubo.pt\\\/es\\\/\"},{\"@type\":\"ListItem\",\"position\":2,\"name\":\"Productos\",\"item\":\"https:\\\/\\\/microcubo.pt\\\/es\\\/shop\\\/\"},{\"@type\":\"ListItem\",\"position\":3,\"name\":\"M\u00f3dulo Tr\u00eas\"}]},{\"@type\":\"WebSite\",\"@id\":\"https:\\\/\\\/microcubo.pt\\\/es\\\/#website\",\"url\":\"https:\\\/\\\/microcubo.pt\\\/es\\\/\",\"name\":\"Microcubo\",\"description\":\"\",\"potentialAction\":[{\"@type\":\"SearchAction\",\"target\":{\"@type\":\"EntryPoint\",\"urlTemplate\":\"https:\\\/\\\/microcubo.pt\\\/es\\\/?s={search_term_string}\"},\"query-input\":{\"@type\":\"PropertyValueSpecification\",\"valueRequired\":true,\"valueName\":\"search_term_string\"}}],\"inLanguage\":\"es\"}]}<\/script>\n<!-- \/ Yoast SEO plugin. -->","yoast_head_json":{"title":"M\u00f3dulo Tr\u00eas - Microcubo","robots":{"index":"index","follow":"follow","max-snippet":"max-snippet:-1","max-image-preview":"max-image-preview:large","max-video-preview":"max-video-preview:-1"},"canonical":"https:\/\/microcubo.pt\/es\/mobiliario-urbano\/modulos-es\/modulo-tres\/","og_locale":"es_ES","og_type":"article","og_title":"M\u00f3dulo Tr\u00eas - Microcubo","og_description":"Hierro (S235JR) Metalizaci\u00f3n SA2 1.5 Pintura de 2 componentes en color RAL 1003 Madera Casquinha Vermelha","og_url":"https:\/\/microcubo.pt\/es\/mobiliario-urbano\/modulos-es\/modulo-tres\/","og_site_name":"Microcubo","article_modified_time":"2026-03-11T17:28:54+00:00","og_image":[{"width":601,"height":601,"url":"https:\/\/microcubo.pt\/wp-content\/uploads\/2026\/03\/microcubo-Modulo-TROS-123.40.1123.40.2123.40.3-capa.png","type":"image\/png"}],"twitter_card":"summary_large_image","schema":{"@context":"https:\/\/schema.org","@graph":[{"@type":"WebPage","@id":"https:\/\/microcubo.pt\/es\/mobiliario-urbano\/modulos-es\/modulo-tres\/","url":"https:\/\/microcubo.pt\/es\/mobiliario-urbano\/modulos-es\/modulo-tres\/","name":"M\u00f3dulo Tr\u00eas - Microcubo","isPartOf":{"@id":"https:\/\/microcubo.pt\/es\/#website"},"primaryImageOfPage":{"@id":"https:\/\/microcubo.pt\/es\/mobiliario-urbano\/modulos-es\/modulo-tres\/#primaryimage"},"image":{"@id":"https:\/\/microcubo.pt\/es\/mobiliario-urbano\/modulos-es\/modulo-tres\/#primaryimage"},"thumbnailUrl":"https:\/\/microcubo.pt\/wp-content\/uploads\/2026\/03\/microcubo-Modulo-TROS-123.40.1123.40.2123.40.3-capa.png","datePublished":"2026-03-11T15:24:25+00:00","dateModified":"2026-03-11T17:28:54+00:00","breadcrumb":{"@id":"https:\/\/microcubo.pt\/es\/mobiliario-urbano\/modulos-es\/modulo-tres\/#breadcrumb"},"inLanguage":"es","potentialAction":[{"@type":"ReadAction","target":["https:\/\/microcubo.pt\/es\/mobiliario-urbano\/modulos-es\/modulo-tres\/"]}]},{"@type":"ImageObject","inLanguage":"es","@id":"https:\/\/microcubo.pt\/es\/mobiliario-urbano\/modulos-es\/modulo-tres\/#primaryimage","url":"https:\/\/microcubo.pt\/wp-content\/uploads\/2026\/03\/microcubo-Modulo-TROS-123.40.1123.40.2123.40.3-capa.png","contentUrl":"https:\/\/microcubo.pt\/wp-content\/uploads\/2026\/03\/microcubo-Modulo-TROS-123.40.1123.40.2123.40.3-capa.png","width":601,"height":601},{"@type":"BreadcrumbList","@id":"https:\/\/microcubo.pt\/es\/mobiliario-urbano\/modulos-es\/modulo-tres\/#breadcrumb","itemListElement":[{"@type":"ListItem","position":1,"name":"casa","item":"https:\/\/microcubo.pt\/es\/"},{"@type":"ListItem","position":2,"name":"Productos","item":"https:\/\/microcubo.pt\/es\/shop\/"},{"@type":"ListItem","position":3,"name":"M\u00f3dulo Tr\u00eas"}]},{"@type":"WebSite","@id":"https:\/\/microcubo.pt\/es\/#website","url":"https:\/\/microcubo.pt\/es\/","name":"Microcubo","description":"","potentialAction":[{"@type":"SearchAction","target":{"@type":"EntryPoint","urlTemplate":"https:\/\/microcubo.pt\/es\/?s={search_term_string}"},"query-input":{"@type":"PropertyValueSpecification","valueRequired":true,"valueName":"search_term_string"}}],"inLanguage":"es"}]}},"_links":{"self":[{"href":"https:\/\/microcubo.pt\/es\/wp-json\/wp\/v2\/product\/22581","targetHints":{"allow":["GET"]}}],"collection":[{"href":"https:\/\/microcubo.pt\/es\/wp-json\/wp\/v2\/product"}],"about":[{"href":"https:\/\/microcubo.pt\/es\/wp-json\/wp\/v2\/types\/product"}],"wp:featuredmedia":[{"embeddable":true,"href":"https:\/\/microcubo.pt\/es\/wp-json\/wp\/v2\/media\/22562"}],"wp:attachment":[{"href":"https:\/\/microcubo.pt\/es\/wp-json\/wp\/v2\/media?parent=22581"}],"wp:term":[{"taxonomy":"product_brand","embeddable":true,"href":"https:\/\/microcubo.pt\/es\/wp-json\/wp\/v2\/product_brand?post=22581"},{"taxonomy":"product_cat","embeddable":true,"href":"https:\/\/microcubo.pt\/es\/wp-json\/wp\/v2\/product_cat?post=22581"},{"taxonomy":"product_tag","embeddable":true,"href":"https:\/\/microcubo.pt\/es\/wp-json\/wp\/v2\/product_tag?post=22581"}],"curies":[{"name":"wp","href":"https:\/\/api.w.org\/{rel}","templated":true}]}}