{"id":7686,"date":"2022-02-21T17:29:01","date_gmt":"2022-02-21T17:29:01","guid":{"rendered":"https:\/\/microcubo.pt\/responsabilidade-social\/"},"modified":"2022-05-16T09:18:32","modified_gmt":"2022-05-16T09:18:32","slug":"responsabilite-sociale","status":"publish","type":"page","link":"https:\/\/microcubo.pt\/fr\/responsabilite-sociale\/","title":{"rendered":"Responsabilit\u00e9 Sociale"},"content":{"rendered":"\t\t<div data-elementor-type=\"wp-page\" data-elementor-id=\"7686\" class=\"elementor elementor-7686 elementor-113\" data-elementor-post-type=\"page\">\n\t\t\t\t\t\t<section class=\"elementor-section elementor-top-section elementor-element elementor-element-eafda14 elementor-section-boxed elementor-section-height-default elementor-section-height-default qodef-elementor-content-no\" data-id=\"eafda14\" data-element_type=\"section\" data-e-type=\"section\">\n\t\t\t\t\t\t<div class=\"elementor-container elementor-column-gap-default\">\n\t\t\t\t\t<div class=\"elementor-column elementor-col-100 elementor-top-column elementor-element elementor-element-259b92b\" data-id=\"259b92b\" data-element_type=\"column\" data-e-type=\"column\">\n\t\t\t<div class=\"elementor-widget-wrap elementor-element-populated\">\n\t\t\t\t\t\t<div class=\"elementor-element elementor-element-d83f94a elementor-align-left bbd-custom-breadcrumbs elementor-widget elementor-widget-breadcrumbs\" data-id=\"d83f94a\" data-element_type=\"widget\" data-e-type=\"widget\" data-widget_type=\"breadcrumbs.default\">\n\t\t\t\t<div class=\"elementor-widget-container\">\n\t\t\t\t\t<p id=\"breadcrumbs\"><span><span><a href=\"https:\/\/microcubo.pt\/fr\/\">domicile<\/a><\/span><\/span><\/p>\t\t\t\t<\/div>\n\t\t\t\t<\/div>\n\t\t\t\t\t<\/div>\n\t\t<\/div>\n\t\t\t\t\t<\/div>\n\t\t<\/section>\n\t\t\t\t<section class=\"elementor-section elementor-top-section elementor-element elementor-element-0dff8bd elementor-section-boxed elementor-section-height-default elementor-section-height-default qodef-elementor-content-no\" data-id=\"0dff8bd\" data-element_type=\"section\" data-e-type=\"section\">\n\t\t\t\t\t\t<div class=\"elementor-container elementor-column-gap-default\">\n\t\t\t\t\t<div class=\"elementor-column elementor-col-50 elementor-top-column elementor-element elementor-element-c757fa6\" data-id=\"c757fa6\" data-element_type=\"column\" data-e-type=\"column\">\n\t\t\t<div class=\"elementor-widget-wrap elementor-element-populated\">\n\t\t\t\t\t\t<div class=\"elementor-element elementor-element-1dce5d3 elementor-widget elementor-widget-text-editor\" data-id=\"1dce5d3\" data-element_type=\"widget\" data-e-type=\"widget\" data-widget_type=\"text-editor.default\">\n\t\t\t\t<div class=\"elementor-widget-container\">\n\t\t\t\t\t\t\t\t\t<p>Chez microcubo, nous soulignons l&rsquo;importance de <strong>responsabilit\u00e9 sociale<\/strong>, l&rsquo;engagement, les conditions de travail et le bien-\u00eatre g\u00e9n\u00e9ral de la communaut\u00e9. Par cons\u00e9quent, notre engagement est envers nos clients, nos employ\u00e9s et la soci\u00e9t\u00e9 en g\u00e9n\u00e9ral.<\/p><p>Nous nous engageons \u00e0 r\u00e9pondre les besoins de nos clients, \u00e0 assurer les conditions de travail de nos employ\u00e9s et \u00e0 contribuer \u00e0 une meilleure qualit\u00e9 de vie pour la soci\u00e9t\u00e9.<\/p>\t\t\t\t\t\t\t\t<\/div>\n\t\t\t\t<\/div>\n\t\t\t\t\t<\/div>\n\t\t<\/div>\n\t\t\t\t<div class=\"elementor-column elementor-col-50 elementor-top-column elementor-element elementor-element-15b3dc8\" data-id=\"15b3dc8\" data-element_type=\"column\" data-e-type=\"column\">\n\t\t\t<div class=\"elementor-widget-wrap\">\n\t\t\t\t\t\t\t<\/div>\n\t\t<\/div>\n\t\t\t\t\t<\/div>\n\t\t<\/section>\n\t\t\t\t<\/div>\n\t\t","protected":false},"excerpt":{"rendered":"<p>Chez microcubo, nous soulignons l&rsquo;importance de responsabilit\u00e9 sociale, l&rsquo;engagement, les conditions de travail et le bien-\u00eatre g\u00e9n\u00e9ral de la communaut\u00e9. Par cons\u00e9quent, notre engagement est envers nos clients, nos employ\u00e9s et la soci\u00e9t\u00e9 en g\u00e9n\u00e9ral. Nous nous engageons \u00e0 r\u00e9pondre les besoins de nos clients, \u00e0 assurer les conditions de travail de nos employ\u00e9s et [&hellip;]<\/p>\n","protected":false},"author":1,"featured_media":0,"parent":0,"menu_order":0,"comment_status":"closed","ping_status":"closed","template":"page-full-width.php","meta":{"footnotes":""},"class_list":["post-7686","page","type-page","status-publish","hentry"],"yoast_head":"<!-- This site is optimized with the Yoast SEO plugin v27.2 - https:\/\/yoast.com\/product\/yoast-seo-wordpress\/ -->\n<title>Responsabilit\u00e9 Sociale - Microcubo<\/title>\n<meta name=\"description\" content=\"Na microcubo salientamos a import\u00e2ncia da responsabilidade social e contribu\u00edmos para uma melhor qualidade de vida da sociedade.\" \/>\n<meta name=\"robots\" content=\"index, follow, max-snippet:-1, max-image-preview:large, max-video-preview:-1\" \/>\n<link rel=\"canonical\" href=\"https:\/\/microcubo.pt\/fr\/responsabilite-sociale\/\" \/>\n<meta property=\"og:locale\" content=\"fr_FR\" \/>\n<meta property=\"og:type\" content=\"article\" \/>\n<meta property=\"og:title\" content=\"Responsabilit\u00e9 Sociale - Microcubo\" \/>\n<meta property=\"og:description\" content=\"Na microcubo salientamos a import\u00e2ncia da responsabilidade social e contribu\u00edmos para uma melhor qualidade de vida da sociedade.\" \/>\n<meta property=\"og:url\" content=\"https:\/\/microcubo.pt\/fr\/responsabilite-sociale\/\" \/>\n<meta property=\"og:site_name\" content=\"Microcubo\" \/>\n<meta property=\"article:modified_time\" content=\"2022-05-16T09:18:32+00:00\" \/>\n<meta name=\"twitter:card\" content=\"summary_large_image\" \/>\n<meta name=\"twitter:label1\" content=\"Dur\u00e9e de lecture estim\u00e9e\" \/>\n\t<meta name=\"twitter:data1\" content=\"1 minute\" \/>\n<script type=\"application\/ld+json\" class=\"yoast-schema-graph\">{\"@context\":\"https:\/\/schema.org\",\"@graph\":[{\"@type\":\"WebPage\",\"@id\":\"https:\/\/microcubo.pt\/fr\/responsabilite-sociale\/\",\"url\":\"https:\/\/microcubo.pt\/fr\/responsabilite-sociale\/\",\"name\":\"Responsabilit\u00e9 Sociale - Microcubo\",\"isPartOf\":{\"@id\":\"https:\/\/microcubo.pt\/fr\/#website\"},\"datePublished\":\"2022-02-21T17:29:01+00:00\",\"dateModified\":\"2022-05-16T09:18:32+00:00\",\"description\":\"Na microcubo salientamos a import\u00e2ncia da responsabilidade social e contribu\u00edmos para uma melhor qualidade de vida da sociedade.\",\"breadcrumb\":{\"@id\":\"https:\/\/microcubo.pt\/fr\/responsabilite-sociale\/#breadcrumb\"},\"inLanguage\":\"fr-FR\",\"potentialAction\":[{\"@type\":\"ReadAction\",\"target\":[\"https:\/\/microcubo.pt\/fr\/responsabilite-sociale\/\"]}]},{\"@type\":\"BreadcrumbList\",\"@id\":\"https:\/\/microcubo.pt\/fr\/responsabilite-sociale\/#breadcrumb\",\"itemListElement\":[{\"@type\":\"ListItem\",\"position\":1,\"name\":\"domicile\",\"item\":\"https:\/\/microcubo.pt\/fr\/\"},{\"@type\":\"ListItem\",\"position\":2,\"name\":\"Responsabilit\u00e9 Sociale\"}]},{\"@type\":\"WebSite\",\"@id\":\"https:\/\/microcubo.pt\/fr\/#website\",\"url\":\"https:\/\/microcubo.pt\/fr\/\",\"name\":\"Microcubo\",\"description\":\"\",\"potentialAction\":[{\"@type\":\"SearchAction\",\"target\":{\"@type\":\"EntryPoint\",\"urlTemplate\":\"https:\/\/microcubo.pt\/fr\/?s={search_term_string}\"},\"query-input\":{\"@type\":\"PropertyValueSpecification\",\"valueRequired\":true,\"valueName\":\"search_term_string\"}}],\"inLanguage\":\"fr-FR\"}]}<\/script>\n<!-- \/ Yoast SEO plugin. -->","yoast_head_json":{"title":"Responsabilit\u00e9 Sociale - Microcubo","description":"Na microcubo salientamos a import\u00e2ncia da responsabilidade social e contribu\u00edmos para uma melhor qualidade de vida da sociedade.","robots":{"index":"index","follow":"follow","max-snippet":"max-snippet:-1","max-image-preview":"max-image-preview:large","max-video-preview":"max-video-preview:-1"},"canonical":"https:\/\/microcubo.pt\/fr\/responsabilite-sociale\/","og_locale":"fr_FR","og_type":"article","og_title":"Responsabilit\u00e9 Sociale - Microcubo","og_description":"Na microcubo salientamos a import\u00e2ncia da responsabilidade social e contribu\u00edmos para uma melhor qualidade de vida da sociedade.","og_url":"https:\/\/microcubo.pt\/fr\/responsabilite-sociale\/","og_site_name":"Microcubo","article_modified_time":"2022-05-16T09:18:32+00:00","twitter_card":"summary_large_image","twitter_misc":{"Dur\u00e9e de lecture estim\u00e9e":"1 minute"},"schema":{"@context":"https:\/\/schema.org","@graph":[{"@type":"WebPage","@id":"https:\/\/microcubo.pt\/fr\/responsabilite-sociale\/","url":"https:\/\/microcubo.pt\/fr\/responsabilite-sociale\/","name":"Responsabilit\u00e9 Sociale - Microcubo","isPartOf":{"@id":"https:\/\/microcubo.pt\/fr\/#website"},"datePublished":"2022-02-21T17:29:01+00:00","dateModified":"2022-05-16T09:18:32+00:00","description":"Na microcubo salientamos a import\u00e2ncia da responsabilidade social e contribu\u00edmos para uma melhor qualidade de vida da sociedade.","breadcrumb":{"@id":"https:\/\/microcubo.pt\/fr\/responsabilite-sociale\/#breadcrumb"},"inLanguage":"fr-FR","potentialAction":[{"@type":"ReadAction","target":["https:\/\/microcubo.pt\/fr\/responsabilite-sociale\/"]}]},{"@type":"BreadcrumbList","@id":"https:\/\/microcubo.pt\/fr\/responsabilite-sociale\/#breadcrumb","itemListElement":[{"@type":"ListItem","position":1,"name":"domicile","item":"https:\/\/microcubo.pt\/fr\/"},{"@type":"ListItem","position":2,"name":"Responsabilit\u00e9 Sociale"}]},{"@type":"WebSite","@id":"https:\/\/microcubo.pt\/fr\/#website","url":"https:\/\/microcubo.pt\/fr\/","name":"Microcubo","description":"","potentialAction":[{"@type":"SearchAction","target":{"@type":"EntryPoint","urlTemplate":"https:\/\/microcubo.pt\/fr\/?s={search_term_string}"},"query-input":{"@type":"PropertyValueSpecification","valueRequired":true,"valueName":"search_term_string"}}],"inLanguage":"fr-FR"}]}},"_links":{"self":[{"href":"https:\/\/microcubo.pt\/fr\/wp-json\/wp\/v2\/pages\/7686","targetHints":{"allow":["GET"]}}],"collection":[{"href":"https:\/\/microcubo.pt\/fr\/wp-json\/wp\/v2\/pages"}],"about":[{"href":"https:\/\/microcubo.pt\/fr\/wp-json\/wp\/v2\/types\/page"}],"author":[{"embeddable":true,"href":"https:\/\/microcubo.pt\/fr\/wp-json\/wp\/v2\/users\/1"}],"replies":[{"embeddable":true,"href":"https:\/\/microcubo.pt\/fr\/wp-json\/wp\/v2\/comments?post=7686"}],"version-history":[{"count":5,"href":"https:\/\/microcubo.pt\/fr\/wp-json\/wp\/v2\/pages\/7686\/revisions"}],"predecessor-version":[{"id":9207,"href":"https:\/\/microcubo.pt\/fr\/wp-json\/wp\/v2\/pages\/7686\/revisions\/9207"}],"wp:attachment":[{"href":"https:\/\/microcubo.pt\/fr\/wp-json\/wp\/v2\/media?parent=7686"}],"curies":[{"name":"wp","href":"https:\/\/api.w.org\/{rel}","templated":true}]}}