{"id":7691,"date":"2022-02-21T16:09:48","date_gmt":"2022-02-21T16:09:48","guid":{"rendered":"https:\/\/microcubo.pt\/noticias\/"},"modified":"2024-04-16T10:10:56","modified_gmt":"2024-04-16T10:10:56","slug":"nouvelles","status":"publish","type":"page","link":"https:\/\/microcubo.pt\/fr\/nouvelles\/","title":{"rendered":"Nouvelles"},"content":{"rendered":"\t\t<div data-elementor-type=\"wp-page\" data-elementor-id=\"7691\" class=\"elementor elementor-7691 elementor-99\" data-elementor-post-type=\"page\">\n\t\t\t\t\t\t<section class=\"elementor-section elementor-top-section elementor-element elementor-element-48f9e02 elementor-section-boxed elementor-section-height-default elementor-section-height-default qodef-elementor-content-no\" data-id=\"48f9e02\" data-element_type=\"section\" data-e-type=\"section\">\n\t\t\t\t\t\t<div class=\"elementor-container elementor-column-gap-default\">\n\t\t\t\t\t<div class=\"elementor-column elementor-col-100 elementor-top-column elementor-element elementor-element-b36ba53\" data-id=\"b36ba53\" data-element_type=\"column\" data-e-type=\"column\">\n\t\t\t<div class=\"elementor-widget-wrap elementor-element-populated\">\n\t\t\t\t\t\t<div class=\"elementor-element elementor-element-35f3230 elementor-align-left bbd-custom-breadcrumbs elementor-widget elementor-widget-breadcrumbs\" data-id=\"35f3230\" data-element_type=\"widget\" data-e-type=\"widget\" data-widget_type=\"breadcrumbs.default\">\n\t\t\t\t<div class=\"elementor-widget-container\">\n\t\t\t\t\t<p id=\"breadcrumbs\"><span><span><a href=\"https:\/\/microcubo.pt\/fr\/\">domicile<\/a><\/span><\/span><\/p>\t\t\t\t<\/div>\n\t\t\t\t<\/div>\n\t\t\t\t\t<\/div>\n\t\t<\/div>\n\t\t\t\t\t<\/div>\n\t\t<\/section>\n\t\t\t\t<section class=\"elementor-section elementor-top-section elementor-element elementor-element-57f787e elementor-section-boxed elementor-section-height-default elementor-section-height-default qodef-elementor-content-no\" data-id=\"57f787e\" data-element_type=\"section\" data-e-type=\"section\">\n\t\t\t\t\t\t<div class=\"elementor-container elementor-column-gap-default\">\n\t\t\t\t\t<div class=\"elementor-column elementor-col-100 elementor-top-column elementor-element elementor-element-34b0d91\" data-id=\"34b0d91\" data-element_type=\"column\" data-e-type=\"column\">\n\t\t\t<div class=\"elementor-widget-wrap elementor-element-populated\">\n\t\t\t\t\t\t<div class=\"elementor-element elementor-element-6e9b730 elementor-widget elementor-widget-qi_addons_for_elementor_blog_list\" data-id=\"6e9b730\" data-element_type=\"widget\" data-e-type=\"widget\" data-widget_type=\"qi_addons_for_elementor_blog_list.default\">\n\t\t\t\t<div class=\"elementor-widget-container\">\n\t\t\t\t\t<div class=\"qodef-shortcode qodef-m qodef-addons-blog-list qodef-info-no-icons qodef-image--hover-zoom qodef-qi-grid qodef-layout--qi-columns qodef-col-num--2 qodef-item-layout--date-boxed qodef-responsive--custom qodef-col-num--1680--2 qodef-col-num--1440--2 qodef-col-num--1366--2 qodef-col-num--1024--1 qodef-col-num--768--1 qodef-col-num--680--1 qodef-col-num--480--1\" >\n\t<div class=\"qodef-grid-inner\">\n\t\t<article class=\"qodef-e qodef-blog-item qodef-grid-item qodef-item--landscape post-21622 post type-post status-publish format-standard has-post-thumbnail hentry category-non-classifiee\">\n\t<div class=\"qodef-e-inner\">\n\t\t<div class=\"qodef-e-media-holder\">\n\t\t\t<div class=\"qodef-e-media\">\n\t\t<div class=\"qodef-e-media-image\">\n\t\t<a itemprop=\"url\" href=\"https:\/\/microcubo.pt\/fr\/comment-le-mobilier-urbain-ameliore-la-qualite-de-vie-dans-les-villes\/\">\n\t\t\t<img fetchpriority=\"high\" decoding=\"async\" width=\"951\" height=\"535\" src=\"https:\/\/microcubo.pt\/wp-content\/uploads\/2025\/11\/microcubo-blog-como-o-mobiliario-urbano.jpg\" class=\"attachment-qi_addons_for_elementor_image_size_landscape size-qi_addons_for_elementor_image_size_landscape\" alt=\"\" srcset=\"https:\/\/microcubo.pt\/wp-content\/uploads\/2025\/11\/microcubo-blog-como-o-mobiliario-urbano.jpg 951w, https:\/\/microcubo.pt\/wp-content\/uploads\/2025\/11\/microcubo-blog-como-o-mobiliario-urbano-300x169.jpg 300w, https:\/\/microcubo.pt\/wp-content\/uploads\/2025\/11\/microcubo-blog-como-o-mobiliario-urbano-768x432.jpg 768w\" sizes=\"(max-width: 951px) 100vw, 951px\" \/>\t\t<\/a>\n\t\t\t<\/div>\n<\/div>\n\t\t<\/div>\n\t\t<div class=\"qodef-e-content\">\n\t\t\t\t\t\t<div class=\"qodef-e-text\">\n\t\t\t\t<h4 itemprop=\"name\" class=\"qodef-e-title entry-title\">\n\t<a itemprop=\"url\" class=\"qodef-e-title-link\" href=\"https:\/\/microcubo.pt\/fr\/comment-le-mobilier-urbain-ameliore-la-qualite-de-vie-dans-les-villes\/\">\n\t\tComment le mobilier urbain am\u00e9liore la qualit\u00e9 de vie dans les villes\t<\/a>\n<\/h4>\n\t\t<p itemprop=\"description\" class=\"qodef-e-excerpt\">\n\t\t\tLe mobilier urbain est un \u00e9l\u00e9ment discret, mais essentiel, de la vie urbaine. La mani\u00e8re dont une ville est \u00e9quip\u00e9e influence le comportement, le bien-\u00eatre et m\u00eame la perception de s\u00e9curit\u00e9,\t\t<\/p>\n\t\t\t\t<\/div>\n\t\t\t\t\t\t\t<div class=\"qodef-e-info qodef-info--bottom\">\n\t\t\t\t\t\t<div class=\"qodef-e-read-more\">\n\t\t<a class=\"qodef-shortcode qodef-m qodef-qi-button qodef-html--link qodef-layout--textual qodef-type--standard qodef-icon--right qodef-hover--icon-move-horizontal-short qodef-text-underline qodef-underline--left\" href=\"https:\/\/microcubo.pt\/fr\/comment-le-mobilier-urbain-ameliore-la-qualite-de-vie-dans-les-villes\/\" target=\"_self\">\t<span class=\"qodef-m-text\">En savoir plus<\/span>\t<\/a>\t<\/div>\n\t\t\t\t<\/div>\n\t\t\t\t\t<\/div>\n\t<\/div>\n<\/article>\n<article class=\"qodef-e qodef-blog-item qodef-grid-item qodef-item--landscape post-21606 post type-post status-publish format-video has-post-thumbnail hentry category-non-classifiee post_format-post-format-video\">\n\t<div class=\"qodef-e-inner\">\n\t\t<div class=\"qodef-e-media-holder\">\n\t\t\t<div class=\"qodef-e-media\">\n\t\t<div class=\"qodef-e-media-image\">\n\t\t<a itemprop=\"url\" href=\"https:\/\/microcubo.pt\/fr\/fontaine-tower-de-microcubo-dans-les-ecoles-de-cascais\/\">\n\t\t\t<img decoding=\"async\" width=\"619\" height=\"348\" src=\"https:\/\/microcubo.pt\/wp-content\/uploads\/2025\/05\/new-04-featured.png\" class=\"attachment-qi_addons_for_elementor_image_size_landscape size-qi_addons_for_elementor_image_size_landscape\" alt=\"\" srcset=\"https:\/\/microcubo.pt\/wp-content\/uploads\/2025\/05\/new-04-featured.png 619w, https:\/\/microcubo.pt\/wp-content\/uploads\/2025\/05\/new-04-featured-300x169.png 300w\" sizes=\"(max-width: 619px) 100vw, 619px\" \/>\t\t<\/a>\n\t\t\t<\/div>\n<\/div>\n\t\t<\/div>\n\t\t<div class=\"qodef-e-content\">\n\t\t\t\t\t\t<div class=\"qodef-e-text\">\n\t\t\t\t<h4 itemprop=\"name\" class=\"qodef-e-title entry-title\">\n\t<a itemprop=\"url\" class=\"qodef-e-title-link\" href=\"https:\/\/microcubo.pt\/fr\/fontaine-tower-de-microcubo-dans-les-ecoles-de-cascais\/\">\n\t\tFontaine Tower de Microcubo dans les \u00e9coles de Cascais\t<\/a>\n<\/h4>\n\t\t<p itemprop=\"description\" class=\"qodef-e-excerpt\">\n\t\t\t\u00c0 Cascais, l&rsquo;espace urbain se transforme en salle de classe et en agent de changement. L&rsquo;installation de 82 fontaines Tower de Microcubo, en partenariat avec la mairie de Cascais et la so\t\t<\/p>\n\t\t\t\t<\/div>\n\t\t\t\t\t\t\t<div class=\"qodef-e-info qodef-info--bottom\">\n\t\t\t\t\t\t<div class=\"qodef-e-read-more\">\n\t\t<a class=\"qodef-shortcode qodef-m qodef-qi-button qodef-html--link qodef-layout--textual qodef-type--standard qodef-icon--right qodef-hover--icon-move-horizontal-short qodef-text-underline qodef-underline--left\" href=\"https:\/\/microcubo.pt\/fr\/fontaine-tower-de-microcubo-dans-les-ecoles-de-cascais\/\" target=\"_self\">\t<span class=\"qodef-m-text\">En savoir plus<\/span>\t<\/a>\t<\/div>\n\t\t\t\t<\/div>\n\t\t\t\t\t<\/div>\n\t<\/div>\n<\/article>\n<article class=\"qodef-e qodef-blog-item qodef-grid-item qodef-item--landscape post-16380 post type-post status-publish format-standard has-post-thumbnail hentry category-non-classifiee\">\n\t<div class=\"qodef-e-inner\">\n\t\t<div class=\"qodef-e-media-holder\">\n\t\t\t<div class=\"qodef-e-media\">\n\t\t<div class=\"qodef-e-media-image\">\n\t\t<a itemprop=\"url\" href=\"https:\/\/microcubo.pt\/fr\/microcubo-a-participe-a-urban-garden-pour-la-deuxieme-annee-consecutive\/\">\n\t\t\t<img decoding=\"async\" width=\"1300\" height=\"650\" src=\"https:\/\/microcubo.pt\/wp-content\/uploads\/2024\/04\/microcubo_JMF5119-1300x650.jpg\" class=\"attachment-qi_addons_for_elementor_image_size_landscape size-qi_addons_for_elementor_image_size_landscape\" alt=\"Microcubo\" \/>\t\t<\/a>\n\t\t\t<\/div>\n<\/div>\n\t\t<\/div>\n\t\t<div class=\"qodef-e-content\">\n\t\t\t\t\t\t<div class=\"qodef-e-text\">\n\t\t\t\t<h4 itemprop=\"name\" class=\"qodef-e-title entry-title\">\n\t<a itemprop=\"url\" class=\"qodef-e-title-link\" href=\"https:\/\/microcubo.pt\/fr\/microcubo-a-participe-a-urban-garden-pour-la-deuxieme-annee-consecutive\/\">\n\t\tMicrocubo a particip\u00e9 \u00e0 Urban Garden pour la deuxi\u00e8me ann\u00e9e cons\u00e9cutive\t<\/a>\n<\/h4>\n\t\t<p itemprop=\"description\" class=\"qodef-e-excerpt\">\n\t\t\tMicrocubo revient \u00e0 l&#039;Urban Garden du 21 au 23 mars \u00e0 Lisbonne, pour pr\u00e9senter sa nouvelle ligne de mobilier urbain durable.\t\t<\/p>\n\t\t\t\t<\/div>\n\t\t\t\t\t\t\t<div class=\"qodef-e-info qodef-info--bottom\">\n\t\t\t\t\t\t<div class=\"qodef-e-read-more\">\n\t\t<a class=\"qodef-shortcode qodef-m qodef-qi-button qodef-html--link qodef-layout--textual qodef-type--standard qodef-icon--right qodef-hover--icon-move-horizontal-short qodef-text-underline qodef-underline--left\" href=\"https:\/\/microcubo.pt\/fr\/microcubo-a-participe-a-urban-garden-pour-la-deuxieme-annee-consecutive\/\" target=\"_self\">\t<span class=\"qodef-m-text\">En savoir plus<\/span>\t<\/a>\t<\/div>\n\t\t\t\t<\/div>\n\t\t\t\t\t<\/div>\n\t<\/div>\n<\/article>\n<article class=\"qodef-e qodef-blog-item qodef-grid-item qodef-item--landscape post-21602 post type-post status-publish format-standard has-post-thumbnail hentry\">\n\t<div class=\"qodef-e-inner\">\n\t\t<div class=\"qodef-e-media-holder\">\n\t\t\t<div class=\"qodef-e-media\">\n\t\t<div class=\"qodef-e-media-image\">\n\t\t<a itemprop=\"url\" href=\"https:\/\/microcubo.pt\/fr\/art-urbain-microcubo-innove-avec-des-pneus-recycles-dans-lurban-garden\/\">\n\t\t\t<img loading=\"lazy\" decoding=\"async\" width=\"1300\" height=\"650\" src=\"https:\/\/microcubo.pt\/wp-content\/uploads\/2023\/04\/microcubo-arte-urbana-1300x650.jpg\" class=\"attachment-qi_addons_for_elementor_image_size_landscape size-qi_addons_for_elementor_image_size_landscape\" alt=\"\" \/>\t\t<\/a>\n\t\t\t<\/div>\n<\/div>\n\t\t<\/div>\n\t\t<div class=\"qodef-e-content\">\n\t\t\t\t\t\t<div class=\"qodef-e-text\">\n\t\t\t\t<h4 itemprop=\"name\" class=\"qodef-e-title entry-title\">\n\t<a itemprop=\"url\" class=\"qodef-e-title-link\" href=\"https:\/\/microcubo.pt\/fr\/art-urbain-microcubo-innove-avec-des-pneus-recycles-dans-lurban-garden\/\">\n\t\tArt urbain : Microcubo innove avec des pneus recycl\u00e9s dans l&rsquo;Urban Garden\t<\/a>\n<\/h4>\n\t\t<p itemprop=\"description\" class=\"qodef-e-excerpt\">\n\t\t\tMicrocubo a apport\u00e9 une perspective diff\u00e9rente \u00e0 Exponor, \u00e0 Matosinhos\/Porto, du 16 au 18 mars.\t\t<\/p>\n\t\t\t\t<\/div>\n\t\t\t\t\t\t\t<div class=\"qodef-e-info qodef-info--bottom\">\n\t\t\t\t\t\t<div class=\"qodef-e-read-more\">\n\t\t<a class=\"qodef-shortcode qodef-m qodef-qi-button qodef-html--link qodef-layout--textual qodef-type--standard qodef-icon--right qodef-hover--icon-move-horizontal-short qodef-text-underline qodef-underline--left\" href=\"https:\/\/microcubo.pt\/fr\/art-urbain-microcubo-innove-avec-des-pneus-recycles-dans-lurban-garden\/\" target=\"_self\">\t<span class=\"qodef-m-text\">En savoir plus<\/span>\t<\/a>\t<\/div>\n\t\t\t\t<\/div>\n\t\t\t\t\t<\/div>\n\t<\/div>\n<\/article>\n<article class=\"qodef-e qodef-blog-item qodef-grid-item qodef-item--landscape post-21596 post type-post status-publish format-standard has-post-thumbnail hentry\">\n\t<div class=\"qodef-e-inner\">\n\t\t<div class=\"qodef-e-media-holder\">\n\t\t\t<div class=\"qodef-e-media\">\n\t\t<div class=\"qodef-e-media-image\">\n\t\t<a itemprop=\"url\" href=\"https:\/\/microcubo.pt\/fr\/microcubo-dans-archinews\/\">\n\t\t\t<img loading=\"lazy\" decoding=\"async\" width=\"1300\" height=\"650\" src=\"https:\/\/microcubo.pt\/wp-content\/uploads\/2022\/02\/microcubo-noticia-01-1300x650.jpg\" class=\"attachment-qi_addons_for_elementor_image_size_landscape size-qi_addons_for_elementor_image_size_landscape\" alt=\"\" \/>\t\t<\/a>\n\t\t\t<\/div>\n<\/div>\n\t\t<\/div>\n\t\t<div class=\"qodef-e-content\">\n\t\t\t\t\t\t<div class=\"qodef-e-text\">\n\t\t\t\t<h4 itemprop=\"name\" class=\"qodef-e-title entry-title\">\n\t<a itemprop=\"url\" class=\"qodef-e-title-link\" href=\"https:\/\/microcubo.pt\/fr\/microcubo-dans-archinews\/\">\n\t\tMicrocubo dans ArchiNews\t<\/a>\n<\/h4>\n\t\t<p itemprop=\"description\" class=\"qodef-e-excerpt\">\n\t\t\tMicrocubo \u2013 Innovation et Design a \u00e9t\u00e9 l&#039;une des entreprises pr\u00e9sent\u00e9es dans le magazine ArchiNews.\t\t<\/p>\n\t\t\t\t<\/div>\n\t\t\t\t\t\t\t<div class=\"qodef-e-info qodef-info--bottom\">\n\t\t\t\t\t\t<div class=\"qodef-e-read-more\">\n\t\t<a class=\"qodef-shortcode qodef-m qodef-qi-button qodef-html--link qodef-layout--textual qodef-type--standard qodef-icon--right qodef-hover--icon-move-horizontal-short qodef-text-underline qodef-underline--left\" href=\"https:\/\/microcubo.pt\/fr\/microcubo-dans-archinews\/\" target=\"_self\">\t<span class=\"qodef-m-text\">En savoir plus<\/span>\t<\/a>\t<\/div>\n\t\t\t\t<\/div>\n\t\t\t\t\t<\/div>\n\t<\/div>\n<\/article>\n\t<\/div>\n\t<\/div>\n\t\t\t\t<\/div>\n\t\t\t\t<\/div>\n\t\t\t\t\t<\/div>\n\t\t<\/div>\n\t\t\t\t\t<\/div>\n\t\t<\/section>\n\t\t\t\t<\/div>\n\t\t","protected":false},"excerpt":{"rendered":"<p>Microcubo marcou presen\u00e7a, pela 2\u00aa vez consecutiva, na Urban Garden Pelo segundo ano, a Microcubo marcou presen\u00e7a na Urban Garden, a 5\u00aa edi\u00e7\u00e3o da feira profissional dedicada a equipamentos, produtos e servi\u00e7os para ambientes urbanos, ecol\u00f3gicos e sustent\u00e1veis, En savoir plus Arte Urbana: A Microcubo inovou com pneus reciclados na Urban Garden Em busca da [&hellip;]<\/p>\n","protected":false},"author":1,"featured_media":0,"parent":0,"menu_order":0,"comment_status":"closed","ping_status":"closed","template":"page-full-width.php","meta":{"footnotes":""},"class_list":["post-7691","page","type-page","status-publish","hentry"],"yoast_head":"<!-- This site is optimized with the Yoast SEO plugin v27.2 - https:\/\/yoast.com\/product\/yoast-seo-wordpress\/ -->\n<title>Nouvelles - Microcubo<\/title>\n<meta name=\"description\" content=\"Na microcubo entregamos-lhe a melhor sele\u00e7\u00e3o de not\u00edcias do setor. Conhe\u00e7a as noticias que selecionamos para si.\" \/>\n<meta name=\"robots\" content=\"index, follow, max-snippet:-1, max-image-preview:large, max-video-preview:-1\" \/>\n<link rel=\"canonical\" href=\"https:\/\/microcubo.pt\/fr\/nouvelles\/\" \/>\n<meta property=\"og:locale\" content=\"fr_FR\" \/>\n<meta property=\"og:type\" content=\"article\" \/>\n<meta property=\"og:title\" content=\"Nouvelles - Microcubo\" \/>\n<meta property=\"og:description\" content=\"Na microcubo entregamos-lhe a melhor sele\u00e7\u00e3o de not\u00edcias do setor. Conhe\u00e7a as noticias que selecionamos para si.\" \/>\n<meta property=\"og:url\" content=\"https:\/\/microcubo.pt\/fr\/nouvelles\/\" \/>\n<meta property=\"og:site_name\" content=\"Microcubo\" \/>\n<meta property=\"article:modified_time\" content=\"2024-04-16T10:10:56+00:00\" \/>\n<meta property=\"og:image\" content=\"https:\/\/microcubo.pt\/wp-content\/uploads\/2024\/04\/microcubo_JMF5119-1300x650.jpg\" \/>\n<meta name=\"twitter:card\" content=\"summary_large_image\" \/>\n<meta name=\"twitter:label1\" content=\"Dur\u00e9e de lecture estim\u00e9e\" \/>\n\t<meta name=\"twitter:data1\" content=\"2 minutes\" \/>\n<script type=\"application\/ld+json\" class=\"yoast-schema-graph\">{\"@context\":\"https:\/\/schema.org\",\"@graph\":[{\"@type\":\"WebPage\",\"@id\":\"https:\/\/microcubo.pt\/fr\/nouvelles\/\",\"url\":\"https:\/\/microcubo.pt\/fr\/nouvelles\/\",\"name\":\"Nouvelles - Microcubo\",\"isPartOf\":{\"@id\":\"https:\/\/microcubo.pt\/fr\/#website\"},\"primaryImageOfPage\":{\"@id\":\"https:\/\/microcubo.pt\/fr\/nouvelles\/#primaryimage\"},\"image\":{\"@id\":\"https:\/\/microcubo.pt\/fr\/nouvelles\/#primaryimage\"},\"thumbnailUrl\":\"https:\/\/microcubo.pt\/wp-content\/uploads\/2024\/04\/microcubo_JMF5119-1300x650.jpg\",\"datePublished\":\"2022-02-21T16:09:48+00:00\",\"dateModified\":\"2024-04-16T10:10:56+00:00\",\"description\":\"Na microcubo entregamos-lhe a melhor sele\u00e7\u00e3o de not\u00edcias do setor. Conhe\u00e7a as noticias que selecionamos para si.\",\"breadcrumb\":{\"@id\":\"https:\/\/microcubo.pt\/fr\/nouvelles\/#breadcrumb\"},\"inLanguage\":\"fr-FR\",\"potentialAction\":[{\"@type\":\"ReadAction\",\"target\":[\"https:\/\/microcubo.pt\/fr\/nouvelles\/\"]}]},{\"@type\":\"ImageObject\",\"inLanguage\":\"fr-FR\",\"@id\":\"https:\/\/microcubo.pt\/fr\/nouvelles\/#primaryimage\",\"url\":\"https:\/\/microcubo.pt\/wp-content\/uploads\/2024\/04\/microcubo_JMF5119-1300x650.jpg\",\"contentUrl\":\"https:\/\/microcubo.pt\/wp-content\/uploads\/2024\/04\/microcubo_JMF5119-1300x650.jpg\"},{\"@type\":\"BreadcrumbList\",\"@id\":\"https:\/\/microcubo.pt\/fr\/nouvelles\/#breadcrumb\",\"itemListElement\":[{\"@type\":\"ListItem\",\"position\":1,\"name\":\"domicile\",\"item\":\"https:\/\/microcubo.pt\/fr\/\"},{\"@type\":\"ListItem\",\"position\":2,\"name\":\"Nouvelles\"}]},{\"@type\":\"WebSite\",\"@id\":\"https:\/\/microcubo.pt\/fr\/#website\",\"url\":\"https:\/\/microcubo.pt\/fr\/\",\"name\":\"Microcubo\",\"description\":\"\",\"potentialAction\":[{\"@type\":\"SearchAction\",\"target\":{\"@type\":\"EntryPoint\",\"urlTemplate\":\"https:\/\/microcubo.pt\/fr\/?s={search_term_string}\"},\"query-input\":{\"@type\":\"PropertyValueSpecification\",\"valueRequired\":true,\"valueName\":\"search_term_string\"}}],\"inLanguage\":\"fr-FR\"}]}<\/script>\n<!-- \/ Yoast SEO plugin. -->","yoast_head_json":{"title":"Nouvelles - Microcubo","description":"Na microcubo entregamos-lhe a melhor sele\u00e7\u00e3o de not\u00edcias do setor. Conhe\u00e7a as noticias que selecionamos para si.","robots":{"index":"index","follow":"follow","max-snippet":"max-snippet:-1","max-image-preview":"max-image-preview:large","max-video-preview":"max-video-preview:-1"},"canonical":"https:\/\/microcubo.pt\/fr\/nouvelles\/","og_locale":"fr_FR","og_type":"article","og_title":"Nouvelles - Microcubo","og_description":"Na microcubo entregamos-lhe a melhor sele\u00e7\u00e3o de not\u00edcias do setor. Conhe\u00e7a as noticias que selecionamos para si.","og_url":"https:\/\/microcubo.pt\/fr\/nouvelles\/","og_site_name":"Microcubo","article_modified_time":"2024-04-16T10:10:56+00:00","og_image":[{"url":"https:\/\/microcubo.pt\/wp-content\/uploads\/2024\/04\/microcubo_JMF5119-1300x650.jpg","type":"","width":"","height":""}],"twitter_card":"summary_large_image","twitter_misc":{"Dur\u00e9e de lecture estim\u00e9e":"2 minutes"},"schema":{"@context":"https:\/\/schema.org","@graph":[{"@type":"WebPage","@id":"https:\/\/microcubo.pt\/fr\/nouvelles\/","url":"https:\/\/microcubo.pt\/fr\/nouvelles\/","name":"Nouvelles - Microcubo","isPartOf":{"@id":"https:\/\/microcubo.pt\/fr\/#website"},"primaryImageOfPage":{"@id":"https:\/\/microcubo.pt\/fr\/nouvelles\/#primaryimage"},"image":{"@id":"https:\/\/microcubo.pt\/fr\/nouvelles\/#primaryimage"},"thumbnailUrl":"https:\/\/microcubo.pt\/wp-content\/uploads\/2024\/04\/microcubo_JMF5119-1300x650.jpg","datePublished":"2022-02-21T16:09:48+00:00","dateModified":"2024-04-16T10:10:56+00:00","description":"Na microcubo entregamos-lhe a melhor sele\u00e7\u00e3o de not\u00edcias do setor. Conhe\u00e7a as noticias que selecionamos para si.","breadcrumb":{"@id":"https:\/\/microcubo.pt\/fr\/nouvelles\/#breadcrumb"},"inLanguage":"fr-FR","potentialAction":[{"@type":"ReadAction","target":["https:\/\/microcubo.pt\/fr\/nouvelles\/"]}]},{"@type":"ImageObject","inLanguage":"fr-FR","@id":"https:\/\/microcubo.pt\/fr\/nouvelles\/#primaryimage","url":"https:\/\/microcubo.pt\/wp-content\/uploads\/2024\/04\/microcubo_JMF5119-1300x650.jpg","contentUrl":"https:\/\/microcubo.pt\/wp-content\/uploads\/2024\/04\/microcubo_JMF5119-1300x650.jpg"},{"@type":"BreadcrumbList","@id":"https:\/\/microcubo.pt\/fr\/nouvelles\/#breadcrumb","itemListElement":[{"@type":"ListItem","position":1,"name":"domicile","item":"https:\/\/microcubo.pt\/fr\/"},{"@type":"ListItem","position":2,"name":"Nouvelles"}]},{"@type":"WebSite","@id":"https:\/\/microcubo.pt\/fr\/#website","url":"https:\/\/microcubo.pt\/fr\/","name":"Microcubo","description":"","potentialAction":[{"@type":"SearchAction","target":{"@type":"EntryPoint","urlTemplate":"https:\/\/microcubo.pt\/fr\/?s={search_term_string}"},"query-input":{"@type":"PropertyValueSpecification","valueRequired":true,"valueName":"search_term_string"}}],"inLanguage":"fr-FR"}]}},"_links":{"self":[{"href":"https:\/\/microcubo.pt\/fr\/wp-json\/wp\/v2\/pages\/7691","targetHints":{"allow":["GET"]}}],"collection":[{"href":"https:\/\/microcubo.pt\/fr\/wp-json\/wp\/v2\/pages"}],"about":[{"href":"https:\/\/microcubo.pt\/fr\/wp-json\/wp\/v2\/types\/page"}],"author":[{"embeddable":true,"href":"https:\/\/microcubo.pt\/fr\/wp-json\/wp\/v2\/users\/1"}],"replies":[{"embeddable":true,"href":"https:\/\/microcubo.pt\/fr\/wp-json\/wp\/v2\/comments?post=7691"}],"version-history":[{"count":10,"href":"https:\/\/microcubo.pt\/fr\/wp-json\/wp\/v2\/pages\/7691\/revisions"}],"predecessor-version":[{"id":16421,"href":"https:\/\/microcubo.pt\/fr\/wp-json\/wp\/v2\/pages\/7691\/revisions\/16421"}],"wp:attachment":[{"href":"https:\/\/microcubo.pt\/fr\/wp-json\/wp\/v2\/media?parent=7691"}],"curies":[{"name":"wp","href":"https:\/\/api.w.org\/{rel}","templated":true}]}}