{"id":13039,"date":"2023-09-12T20:11:16","date_gmt":"2023-09-12T20:11:16","guid":{"rendered":"https:\/\/microcubo.pt\/mobiliario-urbano\/sem%20categoria\/mupi-sol-fr\/"},"modified":"2026-03-11T17:26:57","modified_gmt":"2026-03-11T17:26:57","slug":"mupi-sol-fr","status":"publish","type":"product","link":"https:\/\/microcubo.pt\/fr\/mobilier-urbain\/publicites\/mupi-sol-fr\/","title":{"rendered":"MUPI SOL"},"content":{"rendered":"<p>Fer (S235JR)<br \/>\nM\u00e9tallisation SA2 1,5<br \/>\nPeinture 2 composants couleur Forja Y764<br \/>\nVerre tremp\u00e9<br \/>\nGlissi\u00e8res<br \/>\nAmortisseurs<br \/>\n\u00c9clairage int\u00e9rieur (sur demande)<\/p>\n","protected":false},"excerpt":{"rendered":"<p>Fer (S235JR) M\u00e9tallisation SA2 1,5 Peinture 2 composants couleur Forja Y764 Verre tremp\u00e9 Glissi\u00e8res Amortisseurs \u00c9clairage int\u00e9rieur (sur demande)<\/p>\n","protected":false},"featured_media":22605,"template":"","meta":[],"product_brand":[],"product_cat":[899],"product_tag":[],"class_list":{"0":"post-13039","1":"product","2":"type-product","3":"status-publish","4":"has-post-thumbnail","6":"product_cat-publicites","7":"mobiliario_urbano_linha-sol-fr","8":"mobiliario_urbano_arquiteto-microcubo-fr","10":"first","11":"instock","12":"shipping-taxable","13":"product-type-simple"},"yoast_head":"<!-- This site is optimized with the Yoast SEO plugin v27.2 - https:\/\/yoast.com\/product\/yoast-seo-wordpress\/ -->\n<title>MUPI SOL - Microcubo<\/title>\n<meta name=\"robots\" content=\"index, follow, max-snippet:-1, max-image-preview:large, max-video-preview:-1\" \/>\n<link rel=\"canonical\" href=\"https:\/\/microcubo.pt\/fr\/mobilier-urbain\/publicites\/mupi-sol-fr\/\" \/>\n<meta property=\"og:locale\" content=\"fr_FR\" \/>\n<meta property=\"og:type\" content=\"article\" \/>\n<meta property=\"og:title\" content=\"MUPI SOL - Microcubo\" \/>\n<meta property=\"og:description\" content=\"Fer (S235JR) M\u00e9tallisation SA2 1,5 Peinture 2 composants couleur Forja Y764 Verre tremp\u00e9 Glissi\u00e8res Amortisseurs \u00c9clairage int\u00e9rieur (sur demande)\" \/>\n<meta property=\"og:url\" content=\"https:\/\/microcubo.pt\/fr\/mobilier-urbain\/publicites\/mupi-sol-fr\/\" \/>\n<meta property=\"og:site_name\" content=\"Microcubo\" \/>\n<meta property=\"article:modified_time\" content=\"2026-03-11T17:26:57+00:00\" \/>\n<meta property=\"og:image\" content=\"https:\/\/microcubo.pt\/wp-content\/uploads\/2023\/09\/microcubo-Mupi-SOL-36.15.4-capa.png\" \/>\n\t<meta property=\"og:image:width\" content=\"601\" \/>\n\t<meta property=\"og:image:height\" content=\"601\" \/>\n\t<meta property=\"og:image:type\" content=\"image\/png\" \/>\n<meta name=\"twitter:card\" content=\"summary_large_image\" \/>\n<meta name=\"twitter:label1\" content=\"Dur\u00e9e de lecture estim\u00e9e\" \/>\n\t<meta name=\"twitter:data1\" content=\"1 minute\" \/>\n<script type=\"application\/ld+json\" class=\"yoast-schema-graph\">{\"@context\":\"https:\/\/schema.org\",\"@graph\":[{\"@type\":\"WebPage\",\"@id\":\"https:\/\/microcubo.pt\/fr\/mobilier-urbain\/publicites\/mupi-sol-fr\/\",\"url\":\"https:\/\/microcubo.pt\/fr\/mobilier-urbain\/publicites\/mupi-sol-fr\/\",\"name\":\"MUPI SOL - Microcubo\",\"isPartOf\":{\"@id\":\"https:\/\/microcubo.pt\/fr\/#website\"},\"primaryImageOfPage\":{\"@id\":\"https:\/\/microcubo.pt\/fr\/mobilier-urbain\/publicites\/mupi-sol-fr\/#primaryimage\"},\"image\":{\"@id\":\"https:\/\/microcubo.pt\/fr\/mobilier-urbain\/publicites\/mupi-sol-fr\/#primaryimage\"},\"thumbnailUrl\":\"https:\/\/microcubo.pt\/wp-content\/uploads\/2023\/09\/microcubo-Mupi-SOL-36.15.4-capa.png\",\"datePublished\":\"2023-09-12T20:11:16+00:00\",\"dateModified\":\"2026-03-11T17:26:57+00:00\",\"breadcrumb\":{\"@id\":\"https:\/\/microcubo.pt\/fr\/mobilier-urbain\/publicites\/mupi-sol-fr\/#breadcrumb\"},\"inLanguage\":\"fr-FR\",\"potentialAction\":[{\"@type\":\"ReadAction\",\"target\":[\"https:\/\/microcubo.pt\/fr\/mobilier-urbain\/publicites\/mupi-sol-fr\/\"]}]},{\"@type\":\"ImageObject\",\"inLanguage\":\"fr-FR\",\"@id\":\"https:\/\/microcubo.pt\/fr\/mobilier-urbain\/publicites\/mupi-sol-fr\/#primaryimage\",\"url\":\"https:\/\/microcubo.pt\/wp-content\/uploads\/2023\/09\/microcubo-Mupi-SOL-36.15.4-capa.png\",\"contentUrl\":\"https:\/\/microcubo.pt\/wp-content\/uploads\/2023\/09\/microcubo-Mupi-SOL-36.15.4-capa.png\",\"width\":601,\"height\":601},{\"@type\":\"BreadcrumbList\",\"@id\":\"https:\/\/microcubo.pt\/fr\/mobilier-urbain\/publicites\/mupi-sol-fr\/#breadcrumb\",\"itemListElement\":[{\"@type\":\"ListItem\",\"position\":1,\"name\":\"domicile\",\"item\":\"https:\/\/microcubo.pt\/fr\/\"},{\"@type\":\"ListItem\",\"position\":2,\"name\":\"Produits\",\"item\":\"https:\/\/microcubo.pt\/fr\/shop\/\"},{\"@type\":\"ListItem\",\"position\":3,\"name\":\"MUPI SOL\"}]},{\"@type\":\"WebSite\",\"@id\":\"https:\/\/microcubo.pt\/fr\/#website\",\"url\":\"https:\/\/microcubo.pt\/fr\/\",\"name\":\"Microcubo\",\"description\":\"\",\"potentialAction\":[{\"@type\":\"SearchAction\",\"target\":{\"@type\":\"EntryPoint\",\"urlTemplate\":\"https:\/\/microcubo.pt\/fr\/?s={search_term_string}\"},\"query-input\":{\"@type\":\"PropertyValueSpecification\",\"valueRequired\":true,\"valueName\":\"search_term_string\"}}],\"inLanguage\":\"fr-FR\"}]}<\/script>\n<!-- \/ Yoast SEO plugin. -->","yoast_head_json":{"title":"MUPI SOL - Microcubo","robots":{"index":"index","follow":"follow","max-snippet":"max-snippet:-1","max-image-preview":"max-image-preview:large","max-video-preview":"max-video-preview:-1"},"canonical":"https:\/\/microcubo.pt\/fr\/mobilier-urbain\/publicites\/mupi-sol-fr\/","og_locale":"fr_FR","og_type":"article","og_title":"MUPI SOL - Microcubo","og_description":"Fer (S235JR) M\u00e9tallisation SA2 1,5 Peinture 2 composants couleur Forja Y764 Verre tremp\u00e9 Glissi\u00e8res Amortisseurs \u00c9clairage int\u00e9rieur (sur demande)","og_url":"https:\/\/microcubo.pt\/fr\/mobilier-urbain\/publicites\/mupi-sol-fr\/","og_site_name":"Microcubo","article_modified_time":"2026-03-11T17:26:57+00:00","og_image":[{"width":601,"height":601,"url":"https:\/\/microcubo.pt\/wp-content\/uploads\/2023\/09\/microcubo-Mupi-SOL-36.15.4-capa.png","type":"image\/png"}],"twitter_card":"summary_large_image","twitter_misc":{"Dur\u00e9e de lecture estim\u00e9e":"1 minute"},"schema":{"@context":"https:\/\/schema.org","@graph":[{"@type":"WebPage","@id":"https:\/\/microcubo.pt\/fr\/mobilier-urbain\/publicites\/mupi-sol-fr\/","url":"https:\/\/microcubo.pt\/fr\/mobilier-urbain\/publicites\/mupi-sol-fr\/","name":"MUPI SOL - Microcubo","isPartOf":{"@id":"https:\/\/microcubo.pt\/fr\/#website"},"primaryImageOfPage":{"@id":"https:\/\/microcubo.pt\/fr\/mobilier-urbain\/publicites\/mupi-sol-fr\/#primaryimage"},"image":{"@id":"https:\/\/microcubo.pt\/fr\/mobilier-urbain\/publicites\/mupi-sol-fr\/#primaryimage"},"thumbnailUrl":"https:\/\/microcubo.pt\/wp-content\/uploads\/2023\/09\/microcubo-Mupi-SOL-36.15.4-capa.png","datePublished":"2023-09-12T20:11:16+00:00","dateModified":"2026-03-11T17:26:57+00:00","breadcrumb":{"@id":"https:\/\/microcubo.pt\/fr\/mobilier-urbain\/publicites\/mupi-sol-fr\/#breadcrumb"},"inLanguage":"fr-FR","potentialAction":[{"@type":"ReadAction","target":["https:\/\/microcubo.pt\/fr\/mobilier-urbain\/publicites\/mupi-sol-fr\/"]}]},{"@type":"ImageObject","inLanguage":"fr-FR","@id":"https:\/\/microcubo.pt\/fr\/mobilier-urbain\/publicites\/mupi-sol-fr\/#primaryimage","url":"https:\/\/microcubo.pt\/wp-content\/uploads\/2023\/09\/microcubo-Mupi-SOL-36.15.4-capa.png","contentUrl":"https:\/\/microcubo.pt\/wp-content\/uploads\/2023\/09\/microcubo-Mupi-SOL-36.15.4-capa.png","width":601,"height":601},{"@type":"BreadcrumbList","@id":"https:\/\/microcubo.pt\/fr\/mobilier-urbain\/publicites\/mupi-sol-fr\/#breadcrumb","itemListElement":[{"@type":"ListItem","position":1,"name":"domicile","item":"https:\/\/microcubo.pt\/fr\/"},{"@type":"ListItem","position":2,"name":"Produits","item":"https:\/\/microcubo.pt\/fr\/shop\/"},{"@type":"ListItem","position":3,"name":"MUPI SOL"}]},{"@type":"WebSite","@id":"https:\/\/microcubo.pt\/fr\/#website","url":"https:\/\/microcubo.pt\/fr\/","name":"Microcubo","description":"","potentialAction":[{"@type":"SearchAction","target":{"@type":"EntryPoint","urlTemplate":"https:\/\/microcubo.pt\/fr\/?s={search_term_string}"},"query-input":{"@type":"PropertyValueSpecification","valueRequired":true,"valueName":"search_term_string"}}],"inLanguage":"fr-FR"}]}},"_links":{"self":[{"href":"https:\/\/microcubo.pt\/fr\/wp-json\/wp\/v2\/product\/13039","targetHints":{"allow":["GET"]}}],"collection":[{"href":"https:\/\/microcubo.pt\/fr\/wp-json\/wp\/v2\/product"}],"about":[{"href":"https:\/\/microcubo.pt\/fr\/wp-json\/wp\/v2\/types\/product"}],"wp:featuredmedia":[{"embeddable":true,"href":"https:\/\/microcubo.pt\/fr\/wp-json\/wp\/v2\/media\/22605"}],"wp:attachment":[{"href":"https:\/\/microcubo.pt\/fr\/wp-json\/wp\/v2\/media?parent=13039"}],"wp:term":[{"taxonomy":"product_brand","embeddable":true,"href":"https:\/\/microcubo.pt\/fr\/wp-json\/wp\/v2\/product_brand?post=13039"},{"taxonomy":"product_cat","embeddable":true,"href":"https:\/\/microcubo.pt\/fr\/wp-json\/wp\/v2\/product_cat?post=13039"},{"taxonomy":"product_tag","embeddable":true,"href":"https:\/\/microcubo.pt\/fr\/wp-json\/wp\/v2\/product_tag?post=13039"}],"curies":[{"name":"wp","href":"https:\/\/api.w.org\/{rel}","templated":true}]}}