{"id":13342,"date":"2023-09-13T12:25:17","date_gmt":"2023-09-13T12:25:17","guid":{"rendered":"https:\/\/microcubo.pt\/mobiliario-urbano\/sem%20categoria\/wc-painel-fr\/"},"modified":"2026-03-11T17:27:05","modified_gmt":"2026-03-11T17:27:05","slug":"wc-painel-fr","status":"publish","type":"product","link":"https:\/\/microcubo.pt\/fr\/mobilier-urbain\/kiosques\/wc-painel-fr\/","title":{"rendered":"WC PAINEL"},"content":{"rendered":"<p>Fer (S235JR)<br \/>\nTube structurel 80 mm<br \/>\nRev\u00eatement en r\u00e9sine ph\u00e9nolique<br \/>\nVolet relevable avec cadre en aluminium<br \/>\nPlaque de rev\u00eatement de sol antid\u00e9rapante<br \/>\nPanneau sandwich de rev\u00eatement int\u00e9rieur<br \/>\nPanneau sandwich \u00e0 rev\u00eatement sup\u00e9rieur<br \/>\nFeuilles de ventilation configurables<br \/>\nRampe d\u2019acc\u00e8s en m\u00e9tal \u2013 sur demande<\/p>\n","protected":false},"excerpt":{"rendered":"<p>Fer (S235JR) Tube structurel 80 mm Rev\u00eatement en r\u00e9sine ph\u00e9nolique Volet relevable avec cadre en aluminium Plaque de rev\u00eatement de sol antid\u00e9rapante Panneau sandwich de rev\u00eatement int\u00e9rieur Panneau sandwich \u00e0 rev\u00eatement sup\u00e9rieur Feuilles de ventilation configurables Rampe d\u2019acc\u00e8s en m\u00e9tal \u2013 sur demande<\/p>\n","protected":false},"featured_media":10570,"template":"","meta":[],"product_brand":[],"product_cat":[900],"product_tag":[],"class_list":{"0":"post-13342","1":"product","2":"type-product","3":"status-publish","4":"has-post-thumbnail","6":"product_cat-kiosques","7":"mobiliario_urbano_linha-painel-fr","8":"mobiliario_urbano_arquiteto-microcubo-fr","10":"first","11":"instock","12":"shipping-taxable","13":"product-type-simple"},"yoast_head":"<!-- This site is optimized with the Yoast SEO plugin v27.2 - https:\/\/yoast.com\/product\/yoast-seo-wordpress\/ -->\n<title>WC PAINEL - Microcubo<\/title>\n<meta name=\"robots\" content=\"index, follow, max-snippet:-1, max-image-preview:large, max-video-preview:-1\" \/>\n<link rel=\"canonical\" href=\"https:\/\/microcubo.pt\/fr\/mobilier-urbain\/kiosques\/wc-painel-fr\/\" \/>\n<meta property=\"og:locale\" content=\"fr_FR\" \/>\n<meta property=\"og:type\" content=\"article\" \/>\n<meta property=\"og:title\" content=\"WC PAINEL - Microcubo\" \/>\n<meta property=\"og:description\" content=\"Fer (S235JR) Tube structurel 80 mm Rev\u00eatement en r\u00e9sine ph\u00e9nolique Volet relevable avec cadre en aluminium Plaque de rev\u00eatement de sol antid\u00e9rapante Panneau sandwich de rev\u00eatement int\u00e9rieur Panneau sandwich \u00e0 rev\u00eatement sup\u00e9rieur Feuilles de ventilation configurables Rampe d\u2019acc\u00e8s en m\u00e9tal \u2013 sur demande\" \/>\n<meta property=\"og:url\" content=\"https:\/\/microcubo.pt\/fr\/mobilier-urbain\/kiosques\/wc-painel-fr\/\" \/>\n<meta property=\"og:site_name\" content=\"Microcubo\" \/>\n<meta property=\"article:modified_time\" content=\"2026-03-11T17:27:05+00:00\" \/>\n<meta property=\"og:image\" content=\"https:\/\/microcubo.pt\/wp-content\/uploads\/2022\/03\/microcubo-wc-painel-destaque.jpg\" \/>\n\t<meta property=\"og:image:width\" content=\"601\" \/>\n\t<meta property=\"og:image:height\" content=\"601\" \/>\n\t<meta property=\"og:image:type\" content=\"image\/jpeg\" \/>\n<meta name=\"twitter:card\" content=\"summary_large_image\" \/>\n<meta name=\"twitter:label1\" content=\"Dur\u00e9e de lecture estim\u00e9e\" \/>\n\t<meta name=\"twitter:data1\" content=\"1 minute\" \/>\n<script type=\"application\/ld+json\" class=\"yoast-schema-graph\">{\"@context\":\"https:\/\/schema.org\",\"@graph\":[{\"@type\":\"WebPage\",\"@id\":\"https:\/\/microcubo.pt\/fr\/mobilier-urbain\/kiosques\/wc-painel-fr\/\",\"url\":\"https:\/\/microcubo.pt\/fr\/mobilier-urbain\/kiosques\/wc-painel-fr\/\",\"name\":\"WC PAINEL - Microcubo\",\"isPartOf\":{\"@id\":\"https:\/\/microcubo.pt\/fr\/#website\"},\"primaryImageOfPage\":{\"@id\":\"https:\/\/microcubo.pt\/fr\/mobilier-urbain\/kiosques\/wc-painel-fr\/#primaryimage\"},\"image\":{\"@id\":\"https:\/\/microcubo.pt\/fr\/mobilier-urbain\/kiosques\/wc-painel-fr\/#primaryimage\"},\"thumbnailUrl\":\"https:\/\/microcubo.pt\/wp-content\/uploads\/2022\/03\/microcubo-wc-painel-destaque.jpg\",\"datePublished\":\"2023-09-13T12:25:17+00:00\",\"dateModified\":\"2026-03-11T17:27:05+00:00\",\"breadcrumb\":{\"@id\":\"https:\/\/microcubo.pt\/fr\/mobilier-urbain\/kiosques\/wc-painel-fr\/#breadcrumb\"},\"inLanguage\":\"fr-FR\",\"potentialAction\":[{\"@type\":\"ReadAction\",\"target\":[\"https:\/\/microcubo.pt\/fr\/mobilier-urbain\/kiosques\/wc-painel-fr\/\"]}]},{\"@type\":\"ImageObject\",\"inLanguage\":\"fr-FR\",\"@id\":\"https:\/\/microcubo.pt\/fr\/mobilier-urbain\/kiosques\/wc-painel-fr\/#primaryimage\",\"url\":\"https:\/\/microcubo.pt\/wp-content\/uploads\/2022\/03\/microcubo-wc-painel-destaque.jpg\",\"contentUrl\":\"https:\/\/microcubo.pt\/wp-content\/uploads\/2022\/03\/microcubo-wc-painel-destaque.jpg\",\"width\":601,\"height\":601},{\"@type\":\"BreadcrumbList\",\"@id\":\"https:\/\/microcubo.pt\/fr\/mobilier-urbain\/kiosques\/wc-painel-fr\/#breadcrumb\",\"itemListElement\":[{\"@type\":\"ListItem\",\"position\":1,\"name\":\"domicile\",\"item\":\"https:\/\/microcubo.pt\/fr\/\"},{\"@type\":\"ListItem\",\"position\":2,\"name\":\"Produits\",\"item\":\"https:\/\/microcubo.pt\/fr\/shop\/\"},{\"@type\":\"ListItem\",\"position\":3,\"name\":\"WC PAINEL\"}]},{\"@type\":\"WebSite\",\"@id\":\"https:\/\/microcubo.pt\/fr\/#website\",\"url\":\"https:\/\/microcubo.pt\/fr\/\",\"name\":\"Microcubo\",\"description\":\"\",\"potentialAction\":[{\"@type\":\"SearchAction\",\"target\":{\"@type\":\"EntryPoint\",\"urlTemplate\":\"https:\/\/microcubo.pt\/fr\/?s={search_term_string}\"},\"query-input\":{\"@type\":\"PropertyValueSpecification\",\"valueRequired\":true,\"valueName\":\"search_term_string\"}}],\"inLanguage\":\"fr-FR\"}]}<\/script>\n<!-- \/ Yoast SEO plugin. -->","yoast_head_json":{"title":"WC PAINEL - Microcubo","robots":{"index":"index","follow":"follow","max-snippet":"max-snippet:-1","max-image-preview":"max-image-preview:large","max-video-preview":"max-video-preview:-1"},"canonical":"https:\/\/microcubo.pt\/fr\/mobilier-urbain\/kiosques\/wc-painel-fr\/","og_locale":"fr_FR","og_type":"article","og_title":"WC PAINEL - Microcubo","og_description":"Fer (S235JR) Tube structurel 80 mm Rev\u00eatement en r\u00e9sine ph\u00e9nolique Volet relevable avec cadre en aluminium Plaque de rev\u00eatement de sol antid\u00e9rapante Panneau sandwich de rev\u00eatement int\u00e9rieur Panneau sandwich \u00e0 rev\u00eatement sup\u00e9rieur Feuilles de ventilation configurables Rampe d\u2019acc\u00e8s en m\u00e9tal \u2013 sur demande","og_url":"https:\/\/microcubo.pt\/fr\/mobilier-urbain\/kiosques\/wc-painel-fr\/","og_site_name":"Microcubo","article_modified_time":"2026-03-11T17:27:05+00:00","og_image":[{"width":601,"height":601,"url":"https:\/\/microcubo.pt\/wp-content\/uploads\/2022\/03\/microcubo-wc-painel-destaque.jpg","type":"image\/jpeg"}],"twitter_card":"summary_large_image","twitter_misc":{"Dur\u00e9e de lecture estim\u00e9e":"1 minute"},"schema":{"@context":"https:\/\/schema.org","@graph":[{"@type":"WebPage","@id":"https:\/\/microcubo.pt\/fr\/mobilier-urbain\/kiosques\/wc-painel-fr\/","url":"https:\/\/microcubo.pt\/fr\/mobilier-urbain\/kiosques\/wc-painel-fr\/","name":"WC PAINEL - Microcubo","isPartOf":{"@id":"https:\/\/microcubo.pt\/fr\/#website"},"primaryImageOfPage":{"@id":"https:\/\/microcubo.pt\/fr\/mobilier-urbain\/kiosques\/wc-painel-fr\/#primaryimage"},"image":{"@id":"https:\/\/microcubo.pt\/fr\/mobilier-urbain\/kiosques\/wc-painel-fr\/#primaryimage"},"thumbnailUrl":"https:\/\/microcubo.pt\/wp-content\/uploads\/2022\/03\/microcubo-wc-painel-destaque.jpg","datePublished":"2023-09-13T12:25:17+00:00","dateModified":"2026-03-11T17:27:05+00:00","breadcrumb":{"@id":"https:\/\/microcubo.pt\/fr\/mobilier-urbain\/kiosques\/wc-painel-fr\/#breadcrumb"},"inLanguage":"fr-FR","potentialAction":[{"@type":"ReadAction","target":["https:\/\/microcubo.pt\/fr\/mobilier-urbain\/kiosques\/wc-painel-fr\/"]}]},{"@type":"ImageObject","inLanguage":"fr-FR","@id":"https:\/\/microcubo.pt\/fr\/mobilier-urbain\/kiosques\/wc-painel-fr\/#primaryimage","url":"https:\/\/microcubo.pt\/wp-content\/uploads\/2022\/03\/microcubo-wc-painel-destaque.jpg","contentUrl":"https:\/\/microcubo.pt\/wp-content\/uploads\/2022\/03\/microcubo-wc-painel-destaque.jpg","width":601,"height":601},{"@type":"BreadcrumbList","@id":"https:\/\/microcubo.pt\/fr\/mobilier-urbain\/kiosques\/wc-painel-fr\/#breadcrumb","itemListElement":[{"@type":"ListItem","position":1,"name":"domicile","item":"https:\/\/microcubo.pt\/fr\/"},{"@type":"ListItem","position":2,"name":"Produits","item":"https:\/\/microcubo.pt\/fr\/shop\/"},{"@type":"ListItem","position":3,"name":"WC PAINEL"}]},{"@type":"WebSite","@id":"https:\/\/microcubo.pt\/fr\/#website","url":"https:\/\/microcubo.pt\/fr\/","name":"Microcubo","description":"","potentialAction":[{"@type":"SearchAction","target":{"@type":"EntryPoint","urlTemplate":"https:\/\/microcubo.pt\/fr\/?s={search_term_string}"},"query-input":{"@type":"PropertyValueSpecification","valueRequired":true,"valueName":"search_term_string"}}],"inLanguage":"fr-FR"}]}},"_links":{"self":[{"href":"https:\/\/microcubo.pt\/fr\/wp-json\/wp\/v2\/product\/13342","targetHints":{"allow":["GET"]}}],"collection":[{"href":"https:\/\/microcubo.pt\/fr\/wp-json\/wp\/v2\/product"}],"about":[{"href":"https:\/\/microcubo.pt\/fr\/wp-json\/wp\/v2\/types\/product"}],"wp:featuredmedia":[{"embeddable":true,"href":"https:\/\/microcubo.pt\/fr\/wp-json\/wp\/v2\/media\/10570"}],"wp:attachment":[{"href":"https:\/\/microcubo.pt\/fr\/wp-json\/wp\/v2\/media?parent=13342"}],"wp:term":[{"taxonomy":"product_brand","embeddable":true,"href":"https:\/\/microcubo.pt\/fr\/wp-json\/wp\/v2\/product_brand?post=13342"},{"taxonomy":"product_cat","embeddable":true,"href":"https:\/\/microcubo.pt\/fr\/wp-json\/wp\/v2\/product_cat?post=13342"},{"taxonomy":"product_tag","embeddable":true,"href":"https:\/\/microcubo.pt\/fr\/wp-json\/wp\/v2\/product_tag?post=13342"}],"curies":[{"name":"wp","href":"https:\/\/api.w.org\/{rel}","templated":true}]}}