{"id":13411,"date":"2023-09-13T14:16:40","date_gmt":"2023-09-13T14:16:40","guid":{"rendered":"https:\/\/microcubo.pt\/mobiliario-urbano\/sem%20categoria\/abris-square-avec-toit-vert\/"},"modified":"2026-03-11T17:27:14","modified_gmt":"2026-03-11T17:27:14","slug":"abris-square-avec-toit-vert","status":"publish","type":"product","link":"https:\/\/microcubo.pt\/fr\/mobilier-urbain\/abris\/abris-square-avec-toit-vert\/","title":{"rendered":"Abris SQUARE avec toit vert"},"content":{"rendered":"<p>Structure principale et toiture : Fer (S235JR)<br \/>\nToiture en panneaux sandwich<br \/>\nC\u00f4t\u00e9s\/arri\u00e8re en Viroc<br \/>\nPeinture 2 composants couleur Forja Y764<br \/>\nBanc en bois Kambala<br \/>\nVernis pour ext\u00e9rieur<br \/>\nToit vert avec panneaux photovolta\u00efques<br \/>\nVinyle en option (sur demande)<\/p>\n","protected":false},"excerpt":{"rendered":"<p>Structure principale et toiture : Fer (S235JR) Toiture en panneaux sandwich C\u00f4t\u00e9s\/arri\u00e8re en Viroc Peinture 2 composants couleur Forja Y764 Banc en bois Kambala Vernis pour ext\u00e9rieur Toit vert avec panneaux photovolta\u00efques Vinyle en option (sur demande)<\/p>\n","protected":false},"featured_media":21682,"template":"","meta":[],"product_brand":[],"product_cat":[897],"product_tag":[],"class_list":{"0":"post-13411","1":"product","2":"type-product","3":"status-publish","4":"has-post-thumbnail","6":"product_cat-abris","7":"mobiliario_urbano_linha-square-fr","8":"mobiliario_urbano_arquiteto-microcubo-fr","10":"first","11":"instock","12":"shipping-taxable","13":"product-type-simple"},"yoast_head":"<!-- This site is optimized with the Yoast SEO plugin v27.5 - https:\/\/yoast.com\/product\/yoast-seo-wordpress\/ -->\n<title>Abris SQUARE avec toit vert - Microcubo<\/title>\n<meta name=\"robots\" content=\"index, follow, max-snippet:-1, max-image-preview:large, max-video-preview:-1\" \/>\n<link rel=\"canonical\" href=\"https:\/\/microcubo.pt\/fr\/mobilier-urbain\/abris\/abris-square-avec-toit-vert\/\" \/>\n<meta property=\"og:locale\" content=\"fr_FR\" \/>\n<meta property=\"og:type\" content=\"article\" \/>\n<meta property=\"og:title\" content=\"Abris SQUARE avec toit vert - Microcubo\" \/>\n<meta property=\"og:description\" content=\"Structure principale et toiture : Fer (S235JR) Toiture en panneaux sandwich C\u00f4t\u00e9s\/arri\u00e8re en Viroc Peinture 2 composants couleur Forja Y764 Banc en bois Kambala Vernis pour ext\u00e9rieur Toit vert avec panneaux photovolta\u00efques Vinyle en option (sur demande)\" \/>\n<meta property=\"og:url\" content=\"https:\/\/microcubo.pt\/fr\/mobilier-urbain\/abris\/abris-square-avec-toit-vert\/\" \/>\n<meta property=\"og:site_name\" content=\"Microcubo\" \/>\n<meta property=\"article:modified_time\" content=\"2026-03-11T17:27:14+00:00\" \/>\n<meta property=\"og:image\" content=\"https:\/\/microcubo.pt\/wp-content\/uploads\/2023\/09\/microcubo-Abrigo-SQUARE-2.8.11-capa.png\" \/>\n\t<meta property=\"og:image:width\" content=\"601\" \/>\n\t<meta property=\"og:image:height\" content=\"601\" \/>\n\t<meta property=\"og:image:type\" content=\"image\/png\" \/>\n<meta name=\"twitter:card\" content=\"summary_large_image\" \/>\n<meta name=\"twitter:label1\" content=\"Dur\u00e9e de lecture estim\u00e9e\" \/>\n\t<meta name=\"twitter:data1\" content=\"1 minute\" \/>\n<script type=\"application\/ld+json\" class=\"yoast-schema-graph\">{\"@context\":\"https:\\\/\\\/schema.org\",\"@graph\":[{\"@type\":\"WebPage\",\"@id\":\"https:\\\/\\\/microcubo.pt\\\/fr\\\/mobilier-urbain\\\/abris\\\/abris-square-avec-toit-vert\\\/\",\"url\":\"https:\\\/\\\/microcubo.pt\\\/fr\\\/mobilier-urbain\\\/abris\\\/abris-square-avec-toit-vert\\\/\",\"name\":\"Abris SQUARE avec toit vert - Microcubo\",\"isPartOf\":{\"@id\":\"https:\\\/\\\/microcubo.pt\\\/fr\\\/#website\"},\"primaryImageOfPage\":{\"@id\":\"https:\\\/\\\/microcubo.pt\\\/fr\\\/mobilier-urbain\\\/abris\\\/abris-square-avec-toit-vert\\\/#primaryimage\"},\"image\":{\"@id\":\"https:\\\/\\\/microcubo.pt\\\/fr\\\/mobilier-urbain\\\/abris\\\/abris-square-avec-toit-vert\\\/#primaryimage\"},\"thumbnailUrl\":\"https:\\\/\\\/microcubo.pt\\\/wp-content\\\/uploads\\\/2023\\\/09\\\/microcubo-Abrigo-SQUARE-2.8.11-capa.png\",\"datePublished\":\"2023-09-13T14:16:40+00:00\",\"dateModified\":\"2026-03-11T17:27:14+00:00\",\"breadcrumb\":{\"@id\":\"https:\\\/\\\/microcubo.pt\\\/fr\\\/mobilier-urbain\\\/abris\\\/abris-square-avec-toit-vert\\\/#breadcrumb\"},\"inLanguage\":\"fr-FR\",\"potentialAction\":[{\"@type\":\"ReadAction\",\"target\":[\"https:\\\/\\\/microcubo.pt\\\/fr\\\/mobilier-urbain\\\/abris\\\/abris-square-avec-toit-vert\\\/\"]}]},{\"@type\":\"ImageObject\",\"inLanguage\":\"fr-FR\",\"@id\":\"https:\\\/\\\/microcubo.pt\\\/fr\\\/mobilier-urbain\\\/abris\\\/abris-square-avec-toit-vert\\\/#primaryimage\",\"url\":\"https:\\\/\\\/microcubo.pt\\\/wp-content\\\/uploads\\\/2023\\\/09\\\/microcubo-Abrigo-SQUARE-2.8.11-capa.png\",\"contentUrl\":\"https:\\\/\\\/microcubo.pt\\\/wp-content\\\/uploads\\\/2023\\\/09\\\/microcubo-Abrigo-SQUARE-2.8.11-capa.png\",\"width\":601,\"height\":601},{\"@type\":\"BreadcrumbList\",\"@id\":\"https:\\\/\\\/microcubo.pt\\\/fr\\\/mobilier-urbain\\\/abris\\\/abris-square-avec-toit-vert\\\/#breadcrumb\",\"itemListElement\":[{\"@type\":\"ListItem\",\"position\":1,\"name\":\"domicile\",\"item\":\"https:\\\/\\\/microcubo.pt\\\/fr\\\/\"},{\"@type\":\"ListItem\",\"position\":2,\"name\":\"Produits\",\"item\":\"https:\\\/\\\/microcubo.pt\\\/fr\\\/shop\\\/\"},{\"@type\":\"ListItem\",\"position\":3,\"name\":\"Abris SQUARE avec toit vert\"}]},{\"@type\":\"WebSite\",\"@id\":\"https:\\\/\\\/microcubo.pt\\\/fr\\\/#website\",\"url\":\"https:\\\/\\\/microcubo.pt\\\/fr\\\/\",\"name\":\"Microcubo\",\"description\":\"\",\"potentialAction\":[{\"@type\":\"SearchAction\",\"target\":{\"@type\":\"EntryPoint\",\"urlTemplate\":\"https:\\\/\\\/microcubo.pt\\\/fr\\\/?s={search_term_string}\"},\"query-input\":{\"@type\":\"PropertyValueSpecification\",\"valueRequired\":true,\"valueName\":\"search_term_string\"}}],\"inLanguage\":\"fr-FR\"}]}<\/script>\n<!-- \/ Yoast SEO plugin. -->","yoast_head_json":{"title":"Abris SQUARE avec toit vert - Microcubo","robots":{"index":"index","follow":"follow","max-snippet":"max-snippet:-1","max-image-preview":"max-image-preview:large","max-video-preview":"max-video-preview:-1"},"canonical":"https:\/\/microcubo.pt\/fr\/mobilier-urbain\/abris\/abris-square-avec-toit-vert\/","og_locale":"fr_FR","og_type":"article","og_title":"Abris SQUARE avec toit vert - Microcubo","og_description":"Structure principale et toiture : Fer (S235JR) Toiture en panneaux sandwich C\u00f4t\u00e9s\/arri\u00e8re en Viroc Peinture 2 composants couleur Forja Y764 Banc en bois Kambala Vernis pour ext\u00e9rieur Toit vert avec panneaux photovolta\u00efques Vinyle en option (sur demande)","og_url":"https:\/\/microcubo.pt\/fr\/mobilier-urbain\/abris\/abris-square-avec-toit-vert\/","og_site_name":"Microcubo","article_modified_time":"2026-03-11T17:27:14+00:00","og_image":[{"width":601,"height":601,"url":"https:\/\/microcubo.pt\/wp-content\/uploads\/2023\/09\/microcubo-Abrigo-SQUARE-2.8.11-capa.png","type":"image\/png"}],"twitter_card":"summary_large_image","twitter_misc":{"Dur\u00e9e de lecture estim\u00e9e":"1 minute"},"schema":{"@context":"https:\/\/schema.org","@graph":[{"@type":"WebPage","@id":"https:\/\/microcubo.pt\/fr\/mobilier-urbain\/abris\/abris-square-avec-toit-vert\/","url":"https:\/\/microcubo.pt\/fr\/mobilier-urbain\/abris\/abris-square-avec-toit-vert\/","name":"Abris SQUARE avec toit vert - Microcubo","isPartOf":{"@id":"https:\/\/microcubo.pt\/fr\/#website"},"primaryImageOfPage":{"@id":"https:\/\/microcubo.pt\/fr\/mobilier-urbain\/abris\/abris-square-avec-toit-vert\/#primaryimage"},"image":{"@id":"https:\/\/microcubo.pt\/fr\/mobilier-urbain\/abris\/abris-square-avec-toit-vert\/#primaryimage"},"thumbnailUrl":"https:\/\/microcubo.pt\/wp-content\/uploads\/2023\/09\/microcubo-Abrigo-SQUARE-2.8.11-capa.png","datePublished":"2023-09-13T14:16:40+00:00","dateModified":"2026-03-11T17:27:14+00:00","breadcrumb":{"@id":"https:\/\/microcubo.pt\/fr\/mobilier-urbain\/abris\/abris-square-avec-toit-vert\/#breadcrumb"},"inLanguage":"fr-FR","potentialAction":[{"@type":"ReadAction","target":["https:\/\/microcubo.pt\/fr\/mobilier-urbain\/abris\/abris-square-avec-toit-vert\/"]}]},{"@type":"ImageObject","inLanguage":"fr-FR","@id":"https:\/\/microcubo.pt\/fr\/mobilier-urbain\/abris\/abris-square-avec-toit-vert\/#primaryimage","url":"https:\/\/microcubo.pt\/wp-content\/uploads\/2023\/09\/microcubo-Abrigo-SQUARE-2.8.11-capa.png","contentUrl":"https:\/\/microcubo.pt\/wp-content\/uploads\/2023\/09\/microcubo-Abrigo-SQUARE-2.8.11-capa.png","width":601,"height":601},{"@type":"BreadcrumbList","@id":"https:\/\/microcubo.pt\/fr\/mobilier-urbain\/abris\/abris-square-avec-toit-vert\/#breadcrumb","itemListElement":[{"@type":"ListItem","position":1,"name":"domicile","item":"https:\/\/microcubo.pt\/fr\/"},{"@type":"ListItem","position":2,"name":"Produits","item":"https:\/\/microcubo.pt\/fr\/shop\/"},{"@type":"ListItem","position":3,"name":"Abris SQUARE avec toit vert"}]},{"@type":"WebSite","@id":"https:\/\/microcubo.pt\/fr\/#website","url":"https:\/\/microcubo.pt\/fr\/","name":"Microcubo","description":"","potentialAction":[{"@type":"SearchAction","target":{"@type":"EntryPoint","urlTemplate":"https:\/\/microcubo.pt\/fr\/?s={search_term_string}"},"query-input":{"@type":"PropertyValueSpecification","valueRequired":true,"valueName":"search_term_string"}}],"inLanguage":"fr-FR"}]}},"_links":{"self":[{"href":"https:\/\/microcubo.pt\/fr\/wp-json\/wp\/v2\/product\/13411","targetHints":{"allow":["GET"]}}],"collection":[{"href":"https:\/\/microcubo.pt\/fr\/wp-json\/wp\/v2\/product"}],"about":[{"href":"https:\/\/microcubo.pt\/fr\/wp-json\/wp\/v2\/types\/product"}],"wp:featuredmedia":[{"embeddable":true,"href":"https:\/\/microcubo.pt\/fr\/wp-json\/wp\/v2\/media\/21682"}],"wp:attachment":[{"href":"https:\/\/microcubo.pt\/fr\/wp-json\/wp\/v2\/media?parent=13411"}],"wp:term":[{"taxonomy":"product_brand","embeddable":true,"href":"https:\/\/microcubo.pt\/fr\/wp-json\/wp\/v2\/product_brand?post=13411"},{"taxonomy":"product_cat","embeddable":true,"href":"https:\/\/microcubo.pt\/fr\/wp-json\/wp\/v2\/product_cat?post=13411"},{"taxonomy":"product_tag","embeddable":true,"href":"https:\/\/microcubo.pt\/fr\/wp-json\/wp\/v2\/product_tag?post=13411"}],"curies":[{"name":"wp","href":"https:\/\/api.w.org\/{rel}","templated":true}]}}