{"id":13569,"date":"2023-09-13T17:40:21","date_gmt":"2023-09-13T17:40:21","guid":{"rendered":"https:\/\/microcubo.pt\/mobiliario-urbano\/sem%20categoria\/kit-pic-nic-square\/"},"modified":"2026-03-11T17:27:23","modified_gmt":"2026-03-11T17:27:23","slug":"kit-pic-nic-square","status":"publish","type":"product","link":"https:\/\/microcubo.pt\/fr\/mobilier-urbain\/kits\/kit-pic-nic-square\/","title":{"rendered":"Kit PIC-NIC Square"},"content":{"rendered":"<p>Fer (S235JR)<br \/>\nTube 40x40x3 mm<br \/>\nPlaque de 4 mm d\u2019\u00e9paisseur<br \/>\nM\u00e9tallisation SA2 1,5<br \/>\nPeinture \u00e0 2 composants de couleur Forge Y764<br \/>\nBois de kambala ou mat\u00e9riau recycl\u00e9<br \/>\nTeinture ext\u00e9rieure<\/p>\n","protected":false},"excerpt":{"rendered":"<p>Fer (S235JR) Tube 40x40x3 mm Plaque de 4 mm d\u2019\u00e9paisseur M\u00e9tallisation SA2 1,5 Peinture \u00e0 2 composants de couleur Forge Y764 Bois de kambala ou mat\u00e9riau recycl\u00e9 Teinture ext\u00e9rieure<\/p>\n","protected":false},"featured_media":15794,"template":"","meta":[],"product_brand":[],"product_cat":[894],"product_tag":[],"class_list":{"0":"post-13569","1":"product","2":"type-product","3":"status-publish","4":"has-post-thumbnail","6":"product_cat-kits","7":"mobiliario_urbano_linha-square-fr","8":"mobiliario_urbano_arquiteto-microcubo-fr","10":"first","11":"instock","12":"shipping-taxable","13":"product-type-simple"},"yoast_head":"<!-- This site is optimized with the Yoast SEO plugin v27.5 - https:\/\/yoast.com\/product\/yoast-seo-wordpress\/ -->\n<title>Kit PIC-NIC Square - Microcubo<\/title>\n<meta name=\"robots\" content=\"index, follow, max-snippet:-1, max-image-preview:large, max-video-preview:-1\" \/>\n<link rel=\"canonical\" href=\"https:\/\/microcubo.pt\/fr\/mobilier-urbain\/kits\/kit-pic-nic-square\/\" \/>\n<meta property=\"og:locale\" content=\"fr_FR\" \/>\n<meta property=\"og:type\" content=\"article\" \/>\n<meta property=\"og:title\" content=\"Kit PIC-NIC Square - Microcubo\" \/>\n<meta property=\"og:description\" content=\"Fer (S235JR) Tube 40x40x3 mm Plaque de 4 mm d\u2019\u00e9paisseur M\u00e9tallisation SA2 1,5 Peinture \u00e0 2 composants de couleur Forge Y764 Bois de kambala ou mat\u00e9riau recycl\u00e9 Teinture ext\u00e9rieure\" \/>\n<meta property=\"og:url\" content=\"https:\/\/microcubo.pt\/fr\/mobilier-urbain\/kits\/kit-pic-nic-square\/\" \/>\n<meta property=\"og:site_name\" content=\"Microcubo\" \/>\n<meta property=\"article:modified_time\" content=\"2026-03-11T17:27:23+00:00\" \/>\n<meta property=\"og:image\" content=\"https:\/\/microcubo.pt\/wp-content\/uploads\/2023\/09\/microcubo-SQUARE-Mesa-miniatura.jpg\" \/>\n\t<meta property=\"og:image:width\" content=\"600\" \/>\n\t<meta property=\"og:image:height\" content=\"600\" \/>\n\t<meta property=\"og:image:type\" content=\"image\/jpeg\" \/>\n<meta name=\"twitter:card\" content=\"summary_large_image\" \/>\n<script type=\"application\/ld+json\" class=\"yoast-schema-graph\">{\"@context\":\"https:\\\/\\\/schema.org\",\"@graph\":[{\"@type\":\"WebPage\",\"@id\":\"https:\\\/\\\/microcubo.pt\\\/fr\\\/mobilier-urbain\\\/kits\\\/kit-pic-nic-square\\\/\",\"url\":\"https:\\\/\\\/microcubo.pt\\\/fr\\\/mobilier-urbain\\\/kits\\\/kit-pic-nic-square\\\/\",\"name\":\"Kit PIC-NIC Square - Microcubo\",\"isPartOf\":{\"@id\":\"https:\\\/\\\/microcubo.pt\\\/fr\\\/#website\"},\"primaryImageOfPage\":{\"@id\":\"https:\\\/\\\/microcubo.pt\\\/fr\\\/mobilier-urbain\\\/kits\\\/kit-pic-nic-square\\\/#primaryimage\"},\"image\":{\"@id\":\"https:\\\/\\\/microcubo.pt\\\/fr\\\/mobilier-urbain\\\/kits\\\/kit-pic-nic-square\\\/#primaryimage\"},\"thumbnailUrl\":\"https:\\\/\\\/microcubo.pt\\\/wp-content\\\/uploads\\\/2023\\\/09\\\/microcubo-SQUARE-Mesa-miniatura.jpg\",\"datePublished\":\"2023-09-13T17:40:21+00:00\",\"dateModified\":\"2026-03-11T17:27:23+00:00\",\"breadcrumb\":{\"@id\":\"https:\\\/\\\/microcubo.pt\\\/fr\\\/mobilier-urbain\\\/kits\\\/kit-pic-nic-square\\\/#breadcrumb\"},\"inLanguage\":\"fr-FR\",\"potentialAction\":[{\"@type\":\"ReadAction\",\"target\":[\"https:\\\/\\\/microcubo.pt\\\/fr\\\/mobilier-urbain\\\/kits\\\/kit-pic-nic-square\\\/\"]}]},{\"@type\":\"ImageObject\",\"inLanguage\":\"fr-FR\",\"@id\":\"https:\\\/\\\/microcubo.pt\\\/fr\\\/mobilier-urbain\\\/kits\\\/kit-pic-nic-square\\\/#primaryimage\",\"url\":\"https:\\\/\\\/microcubo.pt\\\/wp-content\\\/uploads\\\/2023\\\/09\\\/microcubo-SQUARE-Mesa-miniatura.jpg\",\"contentUrl\":\"https:\\\/\\\/microcubo.pt\\\/wp-content\\\/uploads\\\/2023\\\/09\\\/microcubo-SQUARE-Mesa-miniatura.jpg\",\"width\":600,\"height\":600},{\"@type\":\"BreadcrumbList\",\"@id\":\"https:\\\/\\\/microcubo.pt\\\/fr\\\/mobilier-urbain\\\/kits\\\/kit-pic-nic-square\\\/#breadcrumb\",\"itemListElement\":[{\"@type\":\"ListItem\",\"position\":1,\"name\":\"domicile\",\"item\":\"https:\\\/\\\/microcubo.pt\\\/fr\\\/\"},{\"@type\":\"ListItem\",\"position\":2,\"name\":\"Produits\",\"item\":\"https:\\\/\\\/microcubo.pt\\\/fr\\\/shop\\\/\"},{\"@type\":\"ListItem\",\"position\":3,\"name\":\"Kit PIC-NIC Square\"}]},{\"@type\":\"WebSite\",\"@id\":\"https:\\\/\\\/microcubo.pt\\\/fr\\\/#website\",\"url\":\"https:\\\/\\\/microcubo.pt\\\/fr\\\/\",\"name\":\"Microcubo\",\"description\":\"\",\"potentialAction\":[{\"@type\":\"SearchAction\",\"target\":{\"@type\":\"EntryPoint\",\"urlTemplate\":\"https:\\\/\\\/microcubo.pt\\\/fr\\\/?s={search_term_string}\"},\"query-input\":{\"@type\":\"PropertyValueSpecification\",\"valueRequired\":true,\"valueName\":\"search_term_string\"}}],\"inLanguage\":\"fr-FR\"}]}<\/script>\n<!-- \/ Yoast SEO plugin. -->","yoast_head_json":{"title":"Kit PIC-NIC Square - Microcubo","robots":{"index":"index","follow":"follow","max-snippet":"max-snippet:-1","max-image-preview":"max-image-preview:large","max-video-preview":"max-video-preview:-1"},"canonical":"https:\/\/microcubo.pt\/fr\/mobilier-urbain\/kits\/kit-pic-nic-square\/","og_locale":"fr_FR","og_type":"article","og_title":"Kit PIC-NIC Square - Microcubo","og_description":"Fer (S235JR) Tube 40x40x3 mm Plaque de 4 mm d\u2019\u00e9paisseur M\u00e9tallisation SA2 1,5 Peinture \u00e0 2 composants de couleur Forge Y764 Bois de kambala ou mat\u00e9riau recycl\u00e9 Teinture ext\u00e9rieure","og_url":"https:\/\/microcubo.pt\/fr\/mobilier-urbain\/kits\/kit-pic-nic-square\/","og_site_name":"Microcubo","article_modified_time":"2026-03-11T17:27:23+00:00","og_image":[{"width":600,"height":600,"url":"https:\/\/microcubo.pt\/wp-content\/uploads\/2023\/09\/microcubo-SQUARE-Mesa-miniatura.jpg","type":"image\/jpeg"}],"twitter_card":"summary_large_image","schema":{"@context":"https:\/\/schema.org","@graph":[{"@type":"WebPage","@id":"https:\/\/microcubo.pt\/fr\/mobilier-urbain\/kits\/kit-pic-nic-square\/","url":"https:\/\/microcubo.pt\/fr\/mobilier-urbain\/kits\/kit-pic-nic-square\/","name":"Kit PIC-NIC Square - Microcubo","isPartOf":{"@id":"https:\/\/microcubo.pt\/fr\/#website"},"primaryImageOfPage":{"@id":"https:\/\/microcubo.pt\/fr\/mobilier-urbain\/kits\/kit-pic-nic-square\/#primaryimage"},"image":{"@id":"https:\/\/microcubo.pt\/fr\/mobilier-urbain\/kits\/kit-pic-nic-square\/#primaryimage"},"thumbnailUrl":"https:\/\/microcubo.pt\/wp-content\/uploads\/2023\/09\/microcubo-SQUARE-Mesa-miniatura.jpg","datePublished":"2023-09-13T17:40:21+00:00","dateModified":"2026-03-11T17:27:23+00:00","breadcrumb":{"@id":"https:\/\/microcubo.pt\/fr\/mobilier-urbain\/kits\/kit-pic-nic-square\/#breadcrumb"},"inLanguage":"fr-FR","potentialAction":[{"@type":"ReadAction","target":["https:\/\/microcubo.pt\/fr\/mobilier-urbain\/kits\/kit-pic-nic-square\/"]}]},{"@type":"ImageObject","inLanguage":"fr-FR","@id":"https:\/\/microcubo.pt\/fr\/mobilier-urbain\/kits\/kit-pic-nic-square\/#primaryimage","url":"https:\/\/microcubo.pt\/wp-content\/uploads\/2023\/09\/microcubo-SQUARE-Mesa-miniatura.jpg","contentUrl":"https:\/\/microcubo.pt\/wp-content\/uploads\/2023\/09\/microcubo-SQUARE-Mesa-miniatura.jpg","width":600,"height":600},{"@type":"BreadcrumbList","@id":"https:\/\/microcubo.pt\/fr\/mobilier-urbain\/kits\/kit-pic-nic-square\/#breadcrumb","itemListElement":[{"@type":"ListItem","position":1,"name":"domicile","item":"https:\/\/microcubo.pt\/fr\/"},{"@type":"ListItem","position":2,"name":"Produits","item":"https:\/\/microcubo.pt\/fr\/shop\/"},{"@type":"ListItem","position":3,"name":"Kit PIC-NIC Square"}]},{"@type":"WebSite","@id":"https:\/\/microcubo.pt\/fr\/#website","url":"https:\/\/microcubo.pt\/fr\/","name":"Microcubo","description":"","potentialAction":[{"@type":"SearchAction","target":{"@type":"EntryPoint","urlTemplate":"https:\/\/microcubo.pt\/fr\/?s={search_term_string}"},"query-input":{"@type":"PropertyValueSpecification","valueRequired":true,"valueName":"search_term_string"}}],"inLanguage":"fr-FR"}]}},"_links":{"self":[{"href":"https:\/\/microcubo.pt\/fr\/wp-json\/wp\/v2\/product\/13569","targetHints":{"allow":["GET"]}}],"collection":[{"href":"https:\/\/microcubo.pt\/fr\/wp-json\/wp\/v2\/product"}],"about":[{"href":"https:\/\/microcubo.pt\/fr\/wp-json\/wp\/v2\/types\/product"}],"wp:featuredmedia":[{"embeddable":true,"href":"https:\/\/microcubo.pt\/fr\/wp-json\/wp\/v2\/media\/15794"}],"wp:attachment":[{"href":"https:\/\/microcubo.pt\/fr\/wp-json\/wp\/v2\/media?parent=13569"}],"wp:term":[{"taxonomy":"product_brand","embeddable":true,"href":"https:\/\/microcubo.pt\/fr\/wp-json\/wp\/v2\/product_brand?post=13569"},{"taxonomy":"product_cat","embeddable":true,"href":"https:\/\/microcubo.pt\/fr\/wp-json\/wp\/v2\/product_cat?post=13569"},{"taxonomy":"product_tag","embeddable":true,"href":"https:\/\/microcubo.pt\/fr\/wp-json\/wp\/v2\/product_tag?post=13569"}],"curies":[{"name":"wp","href":"https:\/\/api.w.org\/{rel}","templated":true}]}}