{"id":13732,"date":"2023-09-14T10:01:47","date_gmt":"2023-09-14T10:01:47","guid":{"rendered":"https:\/\/microcubo.pt\/mobiliario-urbano\/sem%20categoria\/stationnement-velo-u\/"},"modified":"2026-03-11T17:27:29","modified_gmt":"2026-03-11T17:27:29","slug":"support-individuel-u","status":"publish","type":"product","link":"https:\/\/microcubo.pt\/fr\/mobilier-urbain\/stationnement-et-reparation-de-velos\/support-individuel-u\/","title":{"rendered":"Support Individuel u"},"content":{"rendered":"<p>Fer (S235JR)<br \/>\nTube \u00d848,4\u00d72,9 mm galvanis\u00e9<br \/>\nBarre 50\u00d75 mm<br \/>\nPeinture \u00e0 2 composants de couleur Forge Y764<\/p>\n","protected":false},"excerpt":{"rendered":"<p>Fer (S235JR) Tube \u00d848,4\u00d72,9 mm galvanis\u00e9 Barre 50\u00d75 mm Peinture \u00e0 2 composants de couleur Forge Y764<\/p>\n","protected":false},"featured_media":20146,"template":"","meta":[],"product_brand":[],"product_cat":[893],"product_tag":[],"class_list":{"0":"post-13732","1":"product","2":"type-product","3":"status-publish","4":"has-post-thumbnail","6":"product_cat-stationnement-et-reparation-de-velos","7":"mobiliario_urbano_linha-u-fr","8":"mobiliario_urbano_arquiteto-microcubo-fr","10":"first","11":"instock","12":"shipping-taxable","13":"product-type-simple"},"yoast_head":"<!-- This site is optimized with the Yoast SEO plugin v27.5 - https:\/\/yoast.com\/product\/yoast-seo-wordpress\/ -->\n<title>Support Individuel u - Microcubo<\/title>\n<meta name=\"robots\" content=\"index, follow, max-snippet:-1, max-image-preview:large, max-video-preview:-1\" \/>\n<link rel=\"canonical\" href=\"https:\/\/microcubo.pt\/fr\/mobilier-urbain\/stationnement-et-reparation-de-velos\/support-individuel-u\/\" \/>\n<meta property=\"og:locale\" content=\"fr_FR\" \/>\n<meta property=\"og:type\" content=\"article\" \/>\n<meta property=\"og:title\" content=\"Support Individuel u - Microcubo\" \/>\n<meta property=\"og:description\" content=\"Fer (S235JR) Tube \u00d848,4\u00d72,9 mm galvanis\u00e9 Barre 50\u00d75 mm Peinture \u00e0 2 composants de couleur Forge Y764\" \/>\n<meta property=\"og:url\" content=\"https:\/\/microcubo.pt\/fr\/mobilier-urbain\/stationnement-et-reparation-de-velos\/support-individuel-u\/\" \/>\n<meta property=\"og:site_name\" content=\"Microcubo\" \/>\n<meta property=\"article:modified_time\" content=\"2026-03-11T17:27:29+00:00\" \/>\n<meta property=\"og:image\" content=\"https:\/\/microcubo.pt\/wp-content\/uploads\/2023\/09\/U_estacionamento_capa.jpg\" \/>\n\t<meta property=\"og:image:width\" content=\"600\" \/>\n\t<meta property=\"og:image:height\" content=\"600\" \/>\n\t<meta property=\"og:image:type\" content=\"image\/jpeg\" \/>\n<meta name=\"twitter:card\" content=\"summary_large_image\" \/>\n<meta name=\"twitter:label1\" content=\"Dur\u00e9e de lecture estim\u00e9e\" \/>\n\t<meta name=\"twitter:data1\" content=\"1 minute\" \/>\n<script type=\"application\/ld+json\" class=\"yoast-schema-graph\">{\"@context\":\"https:\\\/\\\/schema.org\",\"@graph\":[{\"@type\":\"WebPage\",\"@id\":\"https:\\\/\\\/microcubo.pt\\\/fr\\\/mobilier-urbain\\\/stationnement-et-reparation-de-velos\\\/support-individuel-u\\\/\",\"url\":\"https:\\\/\\\/microcubo.pt\\\/fr\\\/mobilier-urbain\\\/stationnement-et-reparation-de-velos\\\/support-individuel-u\\\/\",\"name\":\"Support Individuel u - Microcubo\",\"isPartOf\":{\"@id\":\"https:\\\/\\\/microcubo.pt\\\/fr\\\/#website\"},\"primaryImageOfPage\":{\"@id\":\"https:\\\/\\\/microcubo.pt\\\/fr\\\/mobilier-urbain\\\/stationnement-et-reparation-de-velos\\\/support-individuel-u\\\/#primaryimage\"},\"image\":{\"@id\":\"https:\\\/\\\/microcubo.pt\\\/fr\\\/mobilier-urbain\\\/stationnement-et-reparation-de-velos\\\/support-individuel-u\\\/#primaryimage\"},\"thumbnailUrl\":\"https:\\\/\\\/microcubo.pt\\\/wp-content\\\/uploads\\\/2023\\\/09\\\/U_estacionamento_capa.jpg\",\"datePublished\":\"2023-09-14T10:01:47+00:00\",\"dateModified\":\"2026-03-11T17:27:29+00:00\",\"breadcrumb\":{\"@id\":\"https:\\\/\\\/microcubo.pt\\\/fr\\\/mobilier-urbain\\\/stationnement-et-reparation-de-velos\\\/support-individuel-u\\\/#breadcrumb\"},\"inLanguage\":\"fr-FR\",\"potentialAction\":[{\"@type\":\"ReadAction\",\"target\":[\"https:\\\/\\\/microcubo.pt\\\/fr\\\/mobilier-urbain\\\/stationnement-et-reparation-de-velos\\\/support-individuel-u\\\/\"]}]},{\"@type\":\"ImageObject\",\"inLanguage\":\"fr-FR\",\"@id\":\"https:\\\/\\\/microcubo.pt\\\/fr\\\/mobilier-urbain\\\/stationnement-et-reparation-de-velos\\\/support-individuel-u\\\/#primaryimage\",\"url\":\"https:\\\/\\\/microcubo.pt\\\/wp-content\\\/uploads\\\/2023\\\/09\\\/U_estacionamento_capa.jpg\",\"contentUrl\":\"https:\\\/\\\/microcubo.pt\\\/wp-content\\\/uploads\\\/2023\\\/09\\\/U_estacionamento_capa.jpg\",\"width\":600,\"height\":600},{\"@type\":\"BreadcrumbList\",\"@id\":\"https:\\\/\\\/microcubo.pt\\\/fr\\\/mobilier-urbain\\\/stationnement-et-reparation-de-velos\\\/support-individuel-u\\\/#breadcrumb\",\"itemListElement\":[{\"@type\":\"ListItem\",\"position\":1,\"name\":\"domicile\",\"item\":\"https:\\\/\\\/microcubo.pt\\\/fr\\\/\"},{\"@type\":\"ListItem\",\"position\":2,\"name\":\"Produits\",\"item\":\"https:\\\/\\\/microcubo.pt\\\/fr\\\/shop\\\/\"},{\"@type\":\"ListItem\",\"position\":3,\"name\":\"Support Individuel u\"}]},{\"@type\":\"WebSite\",\"@id\":\"https:\\\/\\\/microcubo.pt\\\/fr\\\/#website\",\"url\":\"https:\\\/\\\/microcubo.pt\\\/fr\\\/\",\"name\":\"Microcubo\",\"description\":\"\",\"potentialAction\":[{\"@type\":\"SearchAction\",\"target\":{\"@type\":\"EntryPoint\",\"urlTemplate\":\"https:\\\/\\\/microcubo.pt\\\/fr\\\/?s={search_term_string}\"},\"query-input\":{\"@type\":\"PropertyValueSpecification\",\"valueRequired\":true,\"valueName\":\"search_term_string\"}}],\"inLanguage\":\"fr-FR\"}]}<\/script>\n<!-- \/ Yoast SEO plugin. -->","yoast_head_json":{"title":"Support Individuel u - Microcubo","robots":{"index":"index","follow":"follow","max-snippet":"max-snippet:-1","max-image-preview":"max-image-preview:large","max-video-preview":"max-video-preview:-1"},"canonical":"https:\/\/microcubo.pt\/fr\/mobilier-urbain\/stationnement-et-reparation-de-velos\/support-individuel-u\/","og_locale":"fr_FR","og_type":"article","og_title":"Support Individuel u - Microcubo","og_description":"Fer (S235JR) Tube \u00d848,4\u00d72,9 mm galvanis\u00e9 Barre 50\u00d75 mm Peinture \u00e0 2 composants de couleur Forge Y764","og_url":"https:\/\/microcubo.pt\/fr\/mobilier-urbain\/stationnement-et-reparation-de-velos\/support-individuel-u\/","og_site_name":"Microcubo","article_modified_time":"2026-03-11T17:27:29+00:00","og_image":[{"width":600,"height":600,"url":"https:\/\/microcubo.pt\/wp-content\/uploads\/2023\/09\/U_estacionamento_capa.jpg","type":"image\/jpeg"}],"twitter_card":"summary_large_image","twitter_misc":{"Dur\u00e9e de lecture estim\u00e9e":"1 minute"},"schema":{"@context":"https:\/\/schema.org","@graph":[{"@type":"WebPage","@id":"https:\/\/microcubo.pt\/fr\/mobilier-urbain\/stationnement-et-reparation-de-velos\/support-individuel-u\/","url":"https:\/\/microcubo.pt\/fr\/mobilier-urbain\/stationnement-et-reparation-de-velos\/support-individuel-u\/","name":"Support Individuel u - Microcubo","isPartOf":{"@id":"https:\/\/microcubo.pt\/fr\/#website"},"primaryImageOfPage":{"@id":"https:\/\/microcubo.pt\/fr\/mobilier-urbain\/stationnement-et-reparation-de-velos\/support-individuel-u\/#primaryimage"},"image":{"@id":"https:\/\/microcubo.pt\/fr\/mobilier-urbain\/stationnement-et-reparation-de-velos\/support-individuel-u\/#primaryimage"},"thumbnailUrl":"https:\/\/microcubo.pt\/wp-content\/uploads\/2023\/09\/U_estacionamento_capa.jpg","datePublished":"2023-09-14T10:01:47+00:00","dateModified":"2026-03-11T17:27:29+00:00","breadcrumb":{"@id":"https:\/\/microcubo.pt\/fr\/mobilier-urbain\/stationnement-et-reparation-de-velos\/support-individuel-u\/#breadcrumb"},"inLanguage":"fr-FR","potentialAction":[{"@type":"ReadAction","target":["https:\/\/microcubo.pt\/fr\/mobilier-urbain\/stationnement-et-reparation-de-velos\/support-individuel-u\/"]}]},{"@type":"ImageObject","inLanguage":"fr-FR","@id":"https:\/\/microcubo.pt\/fr\/mobilier-urbain\/stationnement-et-reparation-de-velos\/support-individuel-u\/#primaryimage","url":"https:\/\/microcubo.pt\/wp-content\/uploads\/2023\/09\/U_estacionamento_capa.jpg","contentUrl":"https:\/\/microcubo.pt\/wp-content\/uploads\/2023\/09\/U_estacionamento_capa.jpg","width":600,"height":600},{"@type":"BreadcrumbList","@id":"https:\/\/microcubo.pt\/fr\/mobilier-urbain\/stationnement-et-reparation-de-velos\/support-individuel-u\/#breadcrumb","itemListElement":[{"@type":"ListItem","position":1,"name":"domicile","item":"https:\/\/microcubo.pt\/fr\/"},{"@type":"ListItem","position":2,"name":"Produits","item":"https:\/\/microcubo.pt\/fr\/shop\/"},{"@type":"ListItem","position":3,"name":"Support Individuel u"}]},{"@type":"WebSite","@id":"https:\/\/microcubo.pt\/fr\/#website","url":"https:\/\/microcubo.pt\/fr\/","name":"Microcubo","description":"","potentialAction":[{"@type":"SearchAction","target":{"@type":"EntryPoint","urlTemplate":"https:\/\/microcubo.pt\/fr\/?s={search_term_string}"},"query-input":{"@type":"PropertyValueSpecification","valueRequired":true,"valueName":"search_term_string"}}],"inLanguage":"fr-FR"}]}},"_links":{"self":[{"href":"https:\/\/microcubo.pt\/fr\/wp-json\/wp\/v2\/product\/13732","targetHints":{"allow":["GET"]}}],"collection":[{"href":"https:\/\/microcubo.pt\/fr\/wp-json\/wp\/v2\/product"}],"about":[{"href":"https:\/\/microcubo.pt\/fr\/wp-json\/wp\/v2\/types\/product"}],"wp:featuredmedia":[{"embeddable":true,"href":"https:\/\/microcubo.pt\/fr\/wp-json\/wp\/v2\/media\/20146"}],"wp:attachment":[{"href":"https:\/\/microcubo.pt\/fr\/wp-json\/wp\/v2\/media?parent=13732"}],"wp:term":[{"taxonomy":"product_brand","embeddable":true,"href":"https:\/\/microcubo.pt\/fr\/wp-json\/wp\/v2\/product_brand?post=13732"},{"taxonomy":"product_cat","embeddable":true,"href":"https:\/\/microcubo.pt\/fr\/wp-json\/wp\/v2\/product_cat?post=13732"},{"taxonomy":"product_tag","embeddable":true,"href":"https:\/\/microcubo.pt\/fr\/wp-json\/wp\/v2\/product_tag?post=13732"}],"curies":[{"name":"wp","href":"https:\/\/api.w.org\/{rel}","templated":true}]}}