{"id":14045,"date":"2023-09-14T12:10:35","date_gmt":"2023-09-14T12:10:35","guid":{"rendered":"https:\/\/microcubo.pt\/mobiliario-urbano\/sem%20categoria\/jardinieres-square\/"},"modified":"2026-03-11T17:27:38","modified_gmt":"2026-03-11T17:27:38","slug":"jardinieres-square","status":"publish","type":"product","link":"https:\/\/microcubo.pt\/fr\/mobilier-urbain\/jardinieres\/jardinieres-square\/","title":{"rendered":"Jardini\u00e8res SQUARE"},"content":{"rendered":"<p>Fer (S235JR)<br \/>\nTube 40x40x3 mm<br \/>\nCorni\u00e8re 25x25x3 mm<br \/>\nM\u00e9tallisation SA2 1,5<br \/>\nPeinture 2 composants couleur Forja Y764<br \/>\nBois Kambala ou mat\u00e9riau recycl\u00e9<br \/>\nVernis pour ext\u00e9rieur<br \/>\nContient des perforations pour l&rsquo;\u00e9coulement des eaux<\/p>\n","protected":false},"excerpt":{"rendered":"<p>Fer (S235JR) Tube 40x40x3 mm Corni\u00e8re 25x25x3 mm M\u00e9tallisation SA2 1,5 Peinture 2 composants couleur Forja Y764 Bois Kambala ou mat\u00e9riau recycl\u00e9 Vernis pour ext\u00e9rieur Contient des perforations pour l&rsquo;\u00e9coulement des eaux<\/p>\n","protected":false},"featured_media":14009,"template":"","meta":[],"product_brand":[],"product_cat":[891],"product_tag":[],"class_list":{"0":"post-14045","1":"product","2":"type-product","3":"status-publish","4":"has-post-thumbnail","6":"product_cat-jardinieres","7":"mobiliario_urbano_linha-square-fr","8":"mobiliario_urbano_arquiteto-microcubo-fr","10":"first","11":"instock","12":"shipping-taxable","13":"product-type-simple"},"yoast_head":"<!-- This site is optimized with the Yoast SEO plugin v27.2 - https:\/\/yoast.com\/product\/yoast-seo-wordpress\/ -->\n<title>Jardini\u00e8res SQUARE - Microcubo<\/title>\n<meta name=\"robots\" content=\"index, follow, max-snippet:-1, max-image-preview:large, max-video-preview:-1\" \/>\n<link rel=\"canonical\" href=\"https:\/\/microcubo.pt\/fr\/mobilier-urbain\/jardinieres\/jardinieres-square\/\" \/>\n<meta property=\"og:locale\" content=\"fr_FR\" \/>\n<meta property=\"og:type\" content=\"article\" \/>\n<meta property=\"og:title\" content=\"Jardini\u00e8res SQUARE - Microcubo\" \/>\n<meta property=\"og:description\" content=\"Fer (S235JR) Tube 40x40x3 mm Corni\u00e8re 25x25x3 mm M\u00e9tallisation SA2 1,5 Peinture 2 composants couleur Forja Y764 Bois Kambala ou mat\u00e9riau recycl\u00e9 Vernis pour ext\u00e9rieur Contient des perforations pour l&rsquo;\u00e9coulement des eaux\" \/>\n<meta property=\"og:url\" content=\"https:\/\/microcubo.pt\/fr\/mobilier-urbain\/jardinieres\/jardinieres-square\/\" \/>\n<meta property=\"og:site_name\" content=\"Microcubo\" \/>\n<meta property=\"article:modified_time\" content=\"2026-03-11T17:27:38+00:00\" \/>\n<meta property=\"og:image\" content=\"https:\/\/microcubo.pt\/wp-content\/uploads\/2023\/09\/microcubo-SQUARE-Floreira-miniatura.jpg\" \/>\n\t<meta property=\"og:image:width\" content=\"600\" \/>\n\t<meta property=\"og:image:height\" content=\"600\" \/>\n\t<meta property=\"og:image:type\" content=\"image\/jpeg\" \/>\n<meta name=\"twitter:card\" content=\"summary_large_image\" \/>\n<script type=\"application\/ld+json\" class=\"yoast-schema-graph\">{\"@context\":\"https:\/\/schema.org\",\"@graph\":[{\"@type\":\"WebPage\",\"@id\":\"https:\/\/microcubo.pt\/fr\/mobilier-urbain\/jardinieres\/jardinieres-square\/\",\"url\":\"https:\/\/microcubo.pt\/fr\/mobilier-urbain\/jardinieres\/jardinieres-square\/\",\"name\":\"Jardini\u00e8res SQUARE - Microcubo\",\"isPartOf\":{\"@id\":\"https:\/\/microcubo.pt\/fr\/#website\"},\"primaryImageOfPage\":{\"@id\":\"https:\/\/microcubo.pt\/fr\/mobilier-urbain\/jardinieres\/jardinieres-square\/#primaryimage\"},\"image\":{\"@id\":\"https:\/\/microcubo.pt\/fr\/mobilier-urbain\/jardinieres\/jardinieres-square\/#primaryimage\"},\"thumbnailUrl\":\"https:\/\/microcubo.pt\/wp-content\/uploads\/2023\/09\/microcubo-SQUARE-Floreira-miniatura.jpg\",\"datePublished\":\"2023-09-14T12:10:35+00:00\",\"dateModified\":\"2026-03-11T17:27:38+00:00\",\"breadcrumb\":{\"@id\":\"https:\/\/microcubo.pt\/fr\/mobilier-urbain\/jardinieres\/jardinieres-square\/#breadcrumb\"},\"inLanguage\":\"fr-FR\",\"potentialAction\":[{\"@type\":\"ReadAction\",\"target\":[\"https:\/\/microcubo.pt\/fr\/mobilier-urbain\/jardinieres\/jardinieres-square\/\"]}]},{\"@type\":\"ImageObject\",\"inLanguage\":\"fr-FR\",\"@id\":\"https:\/\/microcubo.pt\/fr\/mobilier-urbain\/jardinieres\/jardinieres-square\/#primaryimage\",\"url\":\"https:\/\/microcubo.pt\/wp-content\/uploads\/2023\/09\/microcubo-SQUARE-Floreira-miniatura.jpg\",\"contentUrl\":\"https:\/\/microcubo.pt\/wp-content\/uploads\/2023\/09\/microcubo-SQUARE-Floreira-miniatura.jpg\",\"width\":600,\"height\":600},{\"@type\":\"BreadcrumbList\",\"@id\":\"https:\/\/microcubo.pt\/fr\/mobilier-urbain\/jardinieres\/jardinieres-square\/#breadcrumb\",\"itemListElement\":[{\"@type\":\"ListItem\",\"position\":1,\"name\":\"domicile\",\"item\":\"https:\/\/microcubo.pt\/fr\/\"},{\"@type\":\"ListItem\",\"position\":2,\"name\":\"Produits\",\"item\":\"https:\/\/microcubo.pt\/fr\/shop\/\"},{\"@type\":\"ListItem\",\"position\":3,\"name\":\"Jardini\u00e8res SQUARE\"}]},{\"@type\":\"WebSite\",\"@id\":\"https:\/\/microcubo.pt\/fr\/#website\",\"url\":\"https:\/\/microcubo.pt\/fr\/\",\"name\":\"Microcubo\",\"description\":\"\",\"potentialAction\":[{\"@type\":\"SearchAction\",\"target\":{\"@type\":\"EntryPoint\",\"urlTemplate\":\"https:\/\/microcubo.pt\/fr\/?s={search_term_string}\"},\"query-input\":{\"@type\":\"PropertyValueSpecification\",\"valueRequired\":true,\"valueName\":\"search_term_string\"}}],\"inLanguage\":\"fr-FR\"}]}<\/script>\n<!-- \/ Yoast SEO plugin. -->","yoast_head_json":{"title":"Jardini\u00e8res SQUARE - Microcubo","robots":{"index":"index","follow":"follow","max-snippet":"max-snippet:-1","max-image-preview":"max-image-preview:large","max-video-preview":"max-video-preview:-1"},"canonical":"https:\/\/microcubo.pt\/fr\/mobilier-urbain\/jardinieres\/jardinieres-square\/","og_locale":"fr_FR","og_type":"article","og_title":"Jardini\u00e8res SQUARE - Microcubo","og_description":"Fer (S235JR) Tube 40x40x3 mm Corni\u00e8re 25x25x3 mm M\u00e9tallisation SA2 1,5 Peinture 2 composants couleur Forja Y764 Bois Kambala ou mat\u00e9riau recycl\u00e9 Vernis pour ext\u00e9rieur Contient des perforations pour l&rsquo;\u00e9coulement des eaux","og_url":"https:\/\/microcubo.pt\/fr\/mobilier-urbain\/jardinieres\/jardinieres-square\/","og_site_name":"Microcubo","article_modified_time":"2026-03-11T17:27:38+00:00","og_image":[{"width":600,"height":600,"url":"https:\/\/microcubo.pt\/wp-content\/uploads\/2023\/09\/microcubo-SQUARE-Floreira-miniatura.jpg","type":"image\/jpeg"}],"twitter_card":"summary_large_image","schema":{"@context":"https:\/\/schema.org","@graph":[{"@type":"WebPage","@id":"https:\/\/microcubo.pt\/fr\/mobilier-urbain\/jardinieres\/jardinieres-square\/","url":"https:\/\/microcubo.pt\/fr\/mobilier-urbain\/jardinieres\/jardinieres-square\/","name":"Jardini\u00e8res SQUARE - Microcubo","isPartOf":{"@id":"https:\/\/microcubo.pt\/fr\/#website"},"primaryImageOfPage":{"@id":"https:\/\/microcubo.pt\/fr\/mobilier-urbain\/jardinieres\/jardinieres-square\/#primaryimage"},"image":{"@id":"https:\/\/microcubo.pt\/fr\/mobilier-urbain\/jardinieres\/jardinieres-square\/#primaryimage"},"thumbnailUrl":"https:\/\/microcubo.pt\/wp-content\/uploads\/2023\/09\/microcubo-SQUARE-Floreira-miniatura.jpg","datePublished":"2023-09-14T12:10:35+00:00","dateModified":"2026-03-11T17:27:38+00:00","breadcrumb":{"@id":"https:\/\/microcubo.pt\/fr\/mobilier-urbain\/jardinieres\/jardinieres-square\/#breadcrumb"},"inLanguage":"fr-FR","potentialAction":[{"@type":"ReadAction","target":["https:\/\/microcubo.pt\/fr\/mobilier-urbain\/jardinieres\/jardinieres-square\/"]}]},{"@type":"ImageObject","inLanguage":"fr-FR","@id":"https:\/\/microcubo.pt\/fr\/mobilier-urbain\/jardinieres\/jardinieres-square\/#primaryimage","url":"https:\/\/microcubo.pt\/wp-content\/uploads\/2023\/09\/microcubo-SQUARE-Floreira-miniatura.jpg","contentUrl":"https:\/\/microcubo.pt\/wp-content\/uploads\/2023\/09\/microcubo-SQUARE-Floreira-miniatura.jpg","width":600,"height":600},{"@type":"BreadcrumbList","@id":"https:\/\/microcubo.pt\/fr\/mobilier-urbain\/jardinieres\/jardinieres-square\/#breadcrumb","itemListElement":[{"@type":"ListItem","position":1,"name":"domicile","item":"https:\/\/microcubo.pt\/fr\/"},{"@type":"ListItem","position":2,"name":"Produits","item":"https:\/\/microcubo.pt\/fr\/shop\/"},{"@type":"ListItem","position":3,"name":"Jardini\u00e8res SQUARE"}]},{"@type":"WebSite","@id":"https:\/\/microcubo.pt\/fr\/#website","url":"https:\/\/microcubo.pt\/fr\/","name":"Microcubo","description":"","potentialAction":[{"@type":"SearchAction","target":{"@type":"EntryPoint","urlTemplate":"https:\/\/microcubo.pt\/fr\/?s={search_term_string}"},"query-input":{"@type":"PropertyValueSpecification","valueRequired":true,"valueName":"search_term_string"}}],"inLanguage":"fr-FR"}]}},"_links":{"self":[{"href":"https:\/\/microcubo.pt\/fr\/wp-json\/wp\/v2\/product\/14045","targetHints":{"allow":["GET"]}}],"collection":[{"href":"https:\/\/microcubo.pt\/fr\/wp-json\/wp\/v2\/product"}],"about":[{"href":"https:\/\/microcubo.pt\/fr\/wp-json\/wp\/v2\/types\/product"}],"wp:featuredmedia":[{"embeddable":true,"href":"https:\/\/microcubo.pt\/fr\/wp-json\/wp\/v2\/media\/14009"}],"wp:attachment":[{"href":"https:\/\/microcubo.pt\/fr\/wp-json\/wp\/v2\/media?parent=14045"}],"wp:term":[{"taxonomy":"product_brand","embeddable":true,"href":"https:\/\/microcubo.pt\/fr\/wp-json\/wp\/v2\/product_brand?post=14045"},{"taxonomy":"product_cat","embeddable":true,"href":"https:\/\/microcubo.pt\/fr\/wp-json\/wp\/v2\/product_cat?post=14045"},{"taxonomy":"product_tag","embeddable":true,"href":"https:\/\/microcubo.pt\/fr\/wp-json\/wp\/v2\/product_tag?post=14045"}],"curies":[{"name":"wp","href":"https:\/\/api.w.org\/{rel}","templated":true}]}}