{"id":15155,"date":"2023-09-15T14:22:00","date_gmt":"2023-09-15T14:22:00","guid":{"rendered":"https:\/\/microcubo.pt\/mobiliario-urbano\/sem%20categoria\/corbeille-a-papier-wave\/"},"modified":"2026-03-11T17:28:10","modified_gmt":"2026-03-11T17:28:10","slug":"corbeille-a-papier-wave","status":"publish","type":"product","link":"https:\/\/microcubo.pt\/fr\/mobilier-urbain\/corbeilles-a-papier\/corbeille-a-papier-wave\/","title":{"rendered":"Corbeille \u00e0 Papier Wave"},"content":{"rendered":"<p>Fer (S235JR)<br \/>\nBarre 100\u00d75 mm<br \/>\nBarre 40\u00d75 mm<br \/>\nPlaque de 3 mm d\u2019\u00e9paisseur<br \/>\nGalvanisation<br \/>\nPeinture \u00e0 2 composants de couleur Forge Y764<br \/>\nCerceau pour le placement du sac<\/p>\n","protected":false},"excerpt":{"rendered":"<p>Fer (S235JR) Barre 100\u00d75 mm Barre 40\u00d75 mm Plaque de 3 mm d\u2019\u00e9paisseur Galvanisation Peinture \u00e0 2 composants de couleur Forge Y764 Cerceau pour le placement du sac<\/p>\n","protected":false},"featured_media":20223,"template":"","meta":[],"product_brand":[],"product_cat":[888],"product_tag":[],"class_list":{"0":"post-15155","1":"product","2":"type-product","3":"status-publish","4":"has-post-thumbnail","6":"product_cat-corbeilles-a-papier","7":"mobiliario_urbano_linha-wave-fr","8":"mobiliario_urbano_arquiteto-microcubo-fr","10":"first","11":"instock","12":"shipping-taxable","13":"product-type-simple"},"yoast_head":"<!-- This site is optimized with the Yoast SEO plugin v27.2 - https:\/\/yoast.com\/product\/yoast-seo-wordpress\/ -->\n<title>Corbeille \u00e0 Papier Wave - Microcubo<\/title>\n<meta name=\"robots\" content=\"index, follow, max-snippet:-1, max-image-preview:large, max-video-preview:-1\" \/>\n<link rel=\"canonical\" href=\"https:\/\/microcubo.pt\/fr\/mobilier-urbain\/corbeilles-a-papier\/corbeille-a-papier-wave\/\" \/>\n<meta property=\"og:locale\" content=\"fr_FR\" \/>\n<meta property=\"og:type\" content=\"article\" \/>\n<meta property=\"og:title\" content=\"Corbeille \u00e0 Papier Wave - Microcubo\" \/>\n<meta property=\"og:description\" content=\"Fer (S235JR) Barre 100\u00d75 mm Barre 40\u00d75 mm Plaque de 3 mm d\u2019\u00e9paisseur Galvanisation Peinture \u00e0 2 composants de couleur Forge Y764 Cerceau pour le placement du sac\" \/>\n<meta property=\"og:url\" content=\"https:\/\/microcubo.pt\/fr\/mobilier-urbain\/corbeilles-a-papier\/corbeille-a-papier-wave\/\" \/>\n<meta property=\"og:site_name\" content=\"Microcubo\" \/>\n<meta property=\"article:modified_time\" content=\"2026-03-11T17:28:10+00:00\" \/>\n<meta property=\"og:image\" content=\"https:\/\/microcubo.pt\/wp-content\/uploads\/2023\/09\/Wave_papeleira_capa.jpg\" \/>\n\t<meta property=\"og:image:width\" content=\"600\" \/>\n\t<meta property=\"og:image:height\" content=\"600\" \/>\n\t<meta property=\"og:image:type\" content=\"image\/jpeg\" \/>\n<meta name=\"twitter:card\" content=\"summary_large_image\" \/>\n<script type=\"application\/ld+json\" class=\"yoast-schema-graph\">{\"@context\":\"https:\/\/schema.org\",\"@graph\":[{\"@type\":\"WebPage\",\"@id\":\"https:\/\/microcubo.pt\/fr\/mobilier-urbain\/corbeilles-a-papier\/corbeille-a-papier-wave\/\",\"url\":\"https:\/\/microcubo.pt\/fr\/mobilier-urbain\/corbeilles-a-papier\/corbeille-a-papier-wave\/\",\"name\":\"Corbeille \u00e0 Papier Wave - Microcubo\",\"isPartOf\":{\"@id\":\"https:\/\/microcubo.pt\/fr\/#website\"},\"primaryImageOfPage\":{\"@id\":\"https:\/\/microcubo.pt\/fr\/mobilier-urbain\/corbeilles-a-papier\/corbeille-a-papier-wave\/#primaryimage\"},\"image\":{\"@id\":\"https:\/\/microcubo.pt\/fr\/mobilier-urbain\/corbeilles-a-papier\/corbeille-a-papier-wave\/#primaryimage\"},\"thumbnailUrl\":\"https:\/\/microcubo.pt\/wp-content\/uploads\/2023\/09\/Wave_papeleira_capa.jpg\",\"datePublished\":\"2023-09-15T14:22:00+00:00\",\"dateModified\":\"2026-03-11T17:28:10+00:00\",\"breadcrumb\":{\"@id\":\"https:\/\/microcubo.pt\/fr\/mobilier-urbain\/corbeilles-a-papier\/corbeille-a-papier-wave\/#breadcrumb\"},\"inLanguage\":\"fr-FR\",\"potentialAction\":[{\"@type\":\"ReadAction\",\"target\":[\"https:\/\/microcubo.pt\/fr\/mobilier-urbain\/corbeilles-a-papier\/corbeille-a-papier-wave\/\"]}]},{\"@type\":\"ImageObject\",\"inLanguage\":\"fr-FR\",\"@id\":\"https:\/\/microcubo.pt\/fr\/mobilier-urbain\/corbeilles-a-papier\/corbeille-a-papier-wave\/#primaryimage\",\"url\":\"https:\/\/microcubo.pt\/wp-content\/uploads\/2023\/09\/Wave_papeleira_capa.jpg\",\"contentUrl\":\"https:\/\/microcubo.pt\/wp-content\/uploads\/2023\/09\/Wave_papeleira_capa.jpg\",\"width\":600,\"height\":600},{\"@type\":\"BreadcrumbList\",\"@id\":\"https:\/\/microcubo.pt\/fr\/mobilier-urbain\/corbeilles-a-papier\/corbeille-a-papier-wave\/#breadcrumb\",\"itemListElement\":[{\"@type\":\"ListItem\",\"position\":1,\"name\":\"domicile\",\"item\":\"https:\/\/microcubo.pt\/fr\/\"},{\"@type\":\"ListItem\",\"position\":2,\"name\":\"Produits\",\"item\":\"https:\/\/microcubo.pt\/fr\/shop\/\"},{\"@type\":\"ListItem\",\"position\":3,\"name\":\"Corbeille \u00e0 Papier Wave\"}]},{\"@type\":\"WebSite\",\"@id\":\"https:\/\/microcubo.pt\/fr\/#website\",\"url\":\"https:\/\/microcubo.pt\/fr\/\",\"name\":\"Microcubo\",\"description\":\"\",\"potentialAction\":[{\"@type\":\"SearchAction\",\"target\":{\"@type\":\"EntryPoint\",\"urlTemplate\":\"https:\/\/microcubo.pt\/fr\/?s={search_term_string}\"},\"query-input\":{\"@type\":\"PropertyValueSpecification\",\"valueRequired\":true,\"valueName\":\"search_term_string\"}}],\"inLanguage\":\"fr-FR\"}]}<\/script>\n<!-- \/ Yoast SEO plugin. -->","yoast_head_json":{"title":"Corbeille \u00e0 Papier Wave - Microcubo","robots":{"index":"index","follow":"follow","max-snippet":"max-snippet:-1","max-image-preview":"max-image-preview:large","max-video-preview":"max-video-preview:-1"},"canonical":"https:\/\/microcubo.pt\/fr\/mobilier-urbain\/corbeilles-a-papier\/corbeille-a-papier-wave\/","og_locale":"fr_FR","og_type":"article","og_title":"Corbeille \u00e0 Papier Wave - Microcubo","og_description":"Fer (S235JR) Barre 100\u00d75 mm Barre 40\u00d75 mm Plaque de 3 mm d\u2019\u00e9paisseur Galvanisation Peinture \u00e0 2 composants de couleur Forge Y764 Cerceau pour le placement du sac","og_url":"https:\/\/microcubo.pt\/fr\/mobilier-urbain\/corbeilles-a-papier\/corbeille-a-papier-wave\/","og_site_name":"Microcubo","article_modified_time":"2026-03-11T17:28:10+00:00","og_image":[{"width":600,"height":600,"url":"https:\/\/microcubo.pt\/wp-content\/uploads\/2023\/09\/Wave_papeleira_capa.jpg","type":"image\/jpeg"}],"twitter_card":"summary_large_image","schema":{"@context":"https:\/\/schema.org","@graph":[{"@type":"WebPage","@id":"https:\/\/microcubo.pt\/fr\/mobilier-urbain\/corbeilles-a-papier\/corbeille-a-papier-wave\/","url":"https:\/\/microcubo.pt\/fr\/mobilier-urbain\/corbeilles-a-papier\/corbeille-a-papier-wave\/","name":"Corbeille \u00e0 Papier Wave - Microcubo","isPartOf":{"@id":"https:\/\/microcubo.pt\/fr\/#website"},"primaryImageOfPage":{"@id":"https:\/\/microcubo.pt\/fr\/mobilier-urbain\/corbeilles-a-papier\/corbeille-a-papier-wave\/#primaryimage"},"image":{"@id":"https:\/\/microcubo.pt\/fr\/mobilier-urbain\/corbeilles-a-papier\/corbeille-a-papier-wave\/#primaryimage"},"thumbnailUrl":"https:\/\/microcubo.pt\/wp-content\/uploads\/2023\/09\/Wave_papeleira_capa.jpg","datePublished":"2023-09-15T14:22:00+00:00","dateModified":"2026-03-11T17:28:10+00:00","breadcrumb":{"@id":"https:\/\/microcubo.pt\/fr\/mobilier-urbain\/corbeilles-a-papier\/corbeille-a-papier-wave\/#breadcrumb"},"inLanguage":"fr-FR","potentialAction":[{"@type":"ReadAction","target":["https:\/\/microcubo.pt\/fr\/mobilier-urbain\/corbeilles-a-papier\/corbeille-a-papier-wave\/"]}]},{"@type":"ImageObject","inLanguage":"fr-FR","@id":"https:\/\/microcubo.pt\/fr\/mobilier-urbain\/corbeilles-a-papier\/corbeille-a-papier-wave\/#primaryimage","url":"https:\/\/microcubo.pt\/wp-content\/uploads\/2023\/09\/Wave_papeleira_capa.jpg","contentUrl":"https:\/\/microcubo.pt\/wp-content\/uploads\/2023\/09\/Wave_papeleira_capa.jpg","width":600,"height":600},{"@type":"BreadcrumbList","@id":"https:\/\/microcubo.pt\/fr\/mobilier-urbain\/corbeilles-a-papier\/corbeille-a-papier-wave\/#breadcrumb","itemListElement":[{"@type":"ListItem","position":1,"name":"domicile","item":"https:\/\/microcubo.pt\/fr\/"},{"@type":"ListItem","position":2,"name":"Produits","item":"https:\/\/microcubo.pt\/fr\/shop\/"},{"@type":"ListItem","position":3,"name":"Corbeille \u00e0 Papier Wave"}]},{"@type":"WebSite","@id":"https:\/\/microcubo.pt\/fr\/#website","url":"https:\/\/microcubo.pt\/fr\/","name":"Microcubo","description":"","potentialAction":[{"@type":"SearchAction","target":{"@type":"EntryPoint","urlTemplate":"https:\/\/microcubo.pt\/fr\/?s={search_term_string}"},"query-input":{"@type":"PropertyValueSpecification","valueRequired":true,"valueName":"search_term_string"}}],"inLanguage":"fr-FR"}]}},"_links":{"self":[{"href":"https:\/\/microcubo.pt\/fr\/wp-json\/wp\/v2\/product\/15155","targetHints":{"allow":["GET"]}}],"collection":[{"href":"https:\/\/microcubo.pt\/fr\/wp-json\/wp\/v2\/product"}],"about":[{"href":"https:\/\/microcubo.pt\/fr\/wp-json\/wp\/v2\/types\/product"}],"wp:featuredmedia":[{"embeddable":true,"href":"https:\/\/microcubo.pt\/fr\/wp-json\/wp\/v2\/media\/20223"}],"wp:attachment":[{"href":"https:\/\/microcubo.pt\/fr\/wp-json\/wp\/v2\/media?parent=15155"}],"wp:term":[{"taxonomy":"product_brand","embeddable":true,"href":"https:\/\/microcubo.pt\/fr\/wp-json\/wp\/v2\/product_brand?post=15155"},{"taxonomy":"product_cat","embeddable":true,"href":"https:\/\/microcubo.pt\/fr\/wp-json\/wp\/v2\/product_cat?post=15155"},{"taxonomy":"product_tag","embeddable":true,"href":"https:\/\/microcubo.pt\/fr\/wp-json\/wp\/v2\/product_tag?post=15155"}],"curies":[{"name":"wp","href":"https:\/\/api.w.org\/{rel}","templated":true}]}}