{"id":15195,"date":"2023-09-15T14:23:41","date_gmt":"2023-09-15T14:23:41","guid":{"rendered":"https:\/\/microcubo.pt\/mobiliario-urbano\/sem%20categoria\/corbeille-a-papier-n2\/"},"modified":"2026-03-11T17:28:17","modified_gmt":"2026-03-11T17:28:17","slug":"corbeille-a-papier-n2-plaque","status":"publish","type":"product","link":"https:\/\/microcubo.pt\/fr\/mobilier-urbain\/corbeilles-a-papier\/corbeille-a-papier-n2-plaque\/","title":{"rendered":"Corbeille \u00e0 Papier N2 &#8211; Plaque"},"content":{"rendered":"<p>Fer (S235JR)<br \/>\nFeuille 8\/5\/4\/3 mm d\u2019\u00e9paisseur<br \/>\nM\u00e9tallisation SA2 1,5<br \/>\nPeinture \u00e0 2 composants de couleur Forge Y764<br \/>\nBois de kambala ou mat\u00e9riau recycl\u00e9<br \/>\nTeinture ext\u00e9rieure<br \/>\nCerceau pour le placement du sac<\/p>\n","protected":false},"excerpt":{"rendered":"<p>Fer (S235JR) Feuille 8\/5\/4\/3 mm d\u2019\u00e9paisseur M\u00e9tallisation SA2 1,5 Peinture \u00e0 2 composants de couleur Forge Y764 Bois de kambala ou mat\u00e9riau recycl\u00e9 Teinture ext\u00e9rieure Cerceau pour le placement du sac<\/p>\n","protected":false},"featured_media":19219,"template":"","meta":[],"product_brand":[],"product_cat":[888],"product_tag":[],"class_list":{"0":"post-15195","1":"product","2":"type-product","3":"status-publish","4":"has-post-thumbnail","6":"product_cat-corbeilles-a-papier","7":"mobiliario_urbano_linha-n2-fr","8":"mobiliario_urbano_arquiteto-microcubo-fr","10":"first","11":"instock","12":"shipping-taxable","13":"product-type-simple"},"yoast_head":"<!-- This site is optimized with the Yoast SEO plugin v27.2 - https:\/\/yoast.com\/product\/yoast-seo-wordpress\/ -->\n<title>Corbeille \u00e0 Papier N2 - Plaque - Microcubo<\/title>\n<meta name=\"robots\" content=\"index, follow, max-snippet:-1, max-image-preview:large, max-video-preview:-1\" \/>\n<link rel=\"canonical\" href=\"https:\/\/microcubo.pt\/fr\/mobilier-urbain\/corbeilles-a-papier\/corbeille-a-papier-n2-plaque\/\" \/>\n<meta property=\"og:locale\" content=\"fr_FR\" \/>\n<meta property=\"og:type\" content=\"article\" \/>\n<meta property=\"og:title\" content=\"Corbeille \u00e0 Papier N2 - Plaque - Microcubo\" \/>\n<meta property=\"og:description\" content=\"Fer (S235JR) Feuille 8\/5\/4\/3 mm d\u2019\u00e9paisseur M\u00e9tallisation SA2 1,5 Peinture \u00e0 2 composants de couleur Forge Y764 Bois de kambala ou mat\u00e9riau recycl\u00e9 Teinture ext\u00e9rieure Cerceau pour le placement du sac\" \/>\n<meta property=\"og:url\" content=\"https:\/\/microcubo.pt\/fr\/mobilier-urbain\/corbeilles-a-papier\/corbeille-a-papier-n2-plaque\/\" \/>\n<meta property=\"og:site_name\" content=\"Microcubo\" \/>\n<meta property=\"article:modified_time\" content=\"2026-03-11T17:28:17+00:00\" \/>\n<meta property=\"og:image\" content=\"https:\/\/microcubo.pt\/wp-content\/uploads\/2023\/09\/Microcubo-Papeleira-N2-77.2.2.1-capa.jpg\" \/>\n\t<meta property=\"og:image:width\" content=\"601\" \/>\n\t<meta property=\"og:image:height\" content=\"601\" \/>\n\t<meta property=\"og:image:type\" content=\"image\/jpeg\" \/>\n<meta name=\"twitter:card\" content=\"summary_large_image\" \/>\n<meta name=\"twitter:label1\" content=\"Dur\u00e9e de lecture estim\u00e9e\" \/>\n\t<meta name=\"twitter:data1\" content=\"1 minute\" \/>\n<script type=\"application\/ld+json\" class=\"yoast-schema-graph\">{\"@context\":\"https:\/\/schema.org\",\"@graph\":[{\"@type\":\"WebPage\",\"@id\":\"https:\/\/microcubo.pt\/fr\/mobilier-urbain\/corbeilles-a-papier\/corbeille-a-papier-n2-plaque\/\",\"url\":\"https:\/\/microcubo.pt\/fr\/mobilier-urbain\/corbeilles-a-papier\/corbeille-a-papier-n2-plaque\/\",\"name\":\"Corbeille \u00e0 Papier N2 - Plaque - Microcubo\",\"isPartOf\":{\"@id\":\"https:\/\/microcubo.pt\/fr\/#website\"},\"primaryImageOfPage\":{\"@id\":\"https:\/\/microcubo.pt\/fr\/mobilier-urbain\/corbeilles-a-papier\/corbeille-a-papier-n2-plaque\/#primaryimage\"},\"image\":{\"@id\":\"https:\/\/microcubo.pt\/fr\/mobilier-urbain\/corbeilles-a-papier\/corbeille-a-papier-n2-plaque\/#primaryimage\"},\"thumbnailUrl\":\"https:\/\/microcubo.pt\/wp-content\/uploads\/2023\/09\/Microcubo-Papeleira-N2-77.2.2.1-capa.jpg\",\"datePublished\":\"2023-09-15T14:23:41+00:00\",\"dateModified\":\"2026-03-11T17:28:17+00:00\",\"breadcrumb\":{\"@id\":\"https:\/\/microcubo.pt\/fr\/mobilier-urbain\/corbeilles-a-papier\/corbeille-a-papier-n2-plaque\/#breadcrumb\"},\"inLanguage\":\"fr-FR\",\"potentialAction\":[{\"@type\":\"ReadAction\",\"target\":[\"https:\/\/microcubo.pt\/fr\/mobilier-urbain\/corbeilles-a-papier\/corbeille-a-papier-n2-plaque\/\"]}]},{\"@type\":\"ImageObject\",\"inLanguage\":\"fr-FR\",\"@id\":\"https:\/\/microcubo.pt\/fr\/mobilier-urbain\/corbeilles-a-papier\/corbeille-a-papier-n2-plaque\/#primaryimage\",\"url\":\"https:\/\/microcubo.pt\/wp-content\/uploads\/2023\/09\/Microcubo-Papeleira-N2-77.2.2.1-capa.jpg\",\"contentUrl\":\"https:\/\/microcubo.pt\/wp-content\/uploads\/2023\/09\/Microcubo-Papeleira-N2-77.2.2.1-capa.jpg\",\"width\":601,\"height\":601},{\"@type\":\"BreadcrumbList\",\"@id\":\"https:\/\/microcubo.pt\/fr\/mobilier-urbain\/corbeilles-a-papier\/corbeille-a-papier-n2-plaque\/#breadcrumb\",\"itemListElement\":[{\"@type\":\"ListItem\",\"position\":1,\"name\":\"domicile\",\"item\":\"https:\/\/microcubo.pt\/fr\/\"},{\"@type\":\"ListItem\",\"position\":2,\"name\":\"Produits\",\"item\":\"https:\/\/microcubo.pt\/fr\/shop\/\"},{\"@type\":\"ListItem\",\"position\":3,\"name\":\"Corbeille \u00e0 Papier N2 &#8211; Plaque\"}]},{\"@type\":\"WebSite\",\"@id\":\"https:\/\/microcubo.pt\/fr\/#website\",\"url\":\"https:\/\/microcubo.pt\/fr\/\",\"name\":\"Microcubo\",\"description\":\"\",\"potentialAction\":[{\"@type\":\"SearchAction\",\"target\":{\"@type\":\"EntryPoint\",\"urlTemplate\":\"https:\/\/microcubo.pt\/fr\/?s={search_term_string}\"},\"query-input\":{\"@type\":\"PropertyValueSpecification\",\"valueRequired\":true,\"valueName\":\"search_term_string\"}}],\"inLanguage\":\"fr-FR\"}]}<\/script>\n<!-- \/ Yoast SEO plugin. -->","yoast_head_json":{"title":"Corbeille \u00e0 Papier N2 - Plaque - Microcubo","robots":{"index":"index","follow":"follow","max-snippet":"max-snippet:-1","max-image-preview":"max-image-preview:large","max-video-preview":"max-video-preview:-1"},"canonical":"https:\/\/microcubo.pt\/fr\/mobilier-urbain\/corbeilles-a-papier\/corbeille-a-papier-n2-plaque\/","og_locale":"fr_FR","og_type":"article","og_title":"Corbeille \u00e0 Papier N2 - Plaque - Microcubo","og_description":"Fer (S235JR) Feuille 8\/5\/4\/3 mm d\u2019\u00e9paisseur M\u00e9tallisation SA2 1,5 Peinture \u00e0 2 composants de couleur Forge Y764 Bois de kambala ou mat\u00e9riau recycl\u00e9 Teinture ext\u00e9rieure Cerceau pour le placement du sac","og_url":"https:\/\/microcubo.pt\/fr\/mobilier-urbain\/corbeilles-a-papier\/corbeille-a-papier-n2-plaque\/","og_site_name":"Microcubo","article_modified_time":"2026-03-11T17:28:17+00:00","og_image":[{"width":601,"height":601,"url":"https:\/\/microcubo.pt\/wp-content\/uploads\/2023\/09\/Microcubo-Papeleira-N2-77.2.2.1-capa.jpg","type":"image\/jpeg"}],"twitter_card":"summary_large_image","twitter_misc":{"Dur\u00e9e de lecture estim\u00e9e":"1 minute"},"schema":{"@context":"https:\/\/schema.org","@graph":[{"@type":"WebPage","@id":"https:\/\/microcubo.pt\/fr\/mobilier-urbain\/corbeilles-a-papier\/corbeille-a-papier-n2-plaque\/","url":"https:\/\/microcubo.pt\/fr\/mobilier-urbain\/corbeilles-a-papier\/corbeille-a-papier-n2-plaque\/","name":"Corbeille \u00e0 Papier N2 - Plaque - Microcubo","isPartOf":{"@id":"https:\/\/microcubo.pt\/fr\/#website"},"primaryImageOfPage":{"@id":"https:\/\/microcubo.pt\/fr\/mobilier-urbain\/corbeilles-a-papier\/corbeille-a-papier-n2-plaque\/#primaryimage"},"image":{"@id":"https:\/\/microcubo.pt\/fr\/mobilier-urbain\/corbeilles-a-papier\/corbeille-a-papier-n2-plaque\/#primaryimage"},"thumbnailUrl":"https:\/\/microcubo.pt\/wp-content\/uploads\/2023\/09\/Microcubo-Papeleira-N2-77.2.2.1-capa.jpg","datePublished":"2023-09-15T14:23:41+00:00","dateModified":"2026-03-11T17:28:17+00:00","breadcrumb":{"@id":"https:\/\/microcubo.pt\/fr\/mobilier-urbain\/corbeilles-a-papier\/corbeille-a-papier-n2-plaque\/#breadcrumb"},"inLanguage":"fr-FR","potentialAction":[{"@type":"ReadAction","target":["https:\/\/microcubo.pt\/fr\/mobilier-urbain\/corbeilles-a-papier\/corbeille-a-papier-n2-plaque\/"]}]},{"@type":"ImageObject","inLanguage":"fr-FR","@id":"https:\/\/microcubo.pt\/fr\/mobilier-urbain\/corbeilles-a-papier\/corbeille-a-papier-n2-plaque\/#primaryimage","url":"https:\/\/microcubo.pt\/wp-content\/uploads\/2023\/09\/Microcubo-Papeleira-N2-77.2.2.1-capa.jpg","contentUrl":"https:\/\/microcubo.pt\/wp-content\/uploads\/2023\/09\/Microcubo-Papeleira-N2-77.2.2.1-capa.jpg","width":601,"height":601},{"@type":"BreadcrumbList","@id":"https:\/\/microcubo.pt\/fr\/mobilier-urbain\/corbeilles-a-papier\/corbeille-a-papier-n2-plaque\/#breadcrumb","itemListElement":[{"@type":"ListItem","position":1,"name":"domicile","item":"https:\/\/microcubo.pt\/fr\/"},{"@type":"ListItem","position":2,"name":"Produits","item":"https:\/\/microcubo.pt\/fr\/shop\/"},{"@type":"ListItem","position":3,"name":"Corbeille \u00e0 Papier N2 &#8211; Plaque"}]},{"@type":"WebSite","@id":"https:\/\/microcubo.pt\/fr\/#website","url":"https:\/\/microcubo.pt\/fr\/","name":"Microcubo","description":"","potentialAction":[{"@type":"SearchAction","target":{"@type":"EntryPoint","urlTemplate":"https:\/\/microcubo.pt\/fr\/?s={search_term_string}"},"query-input":{"@type":"PropertyValueSpecification","valueRequired":true,"valueName":"search_term_string"}}],"inLanguage":"fr-FR"}]}},"_links":{"self":[{"href":"https:\/\/microcubo.pt\/fr\/wp-json\/wp\/v2\/product\/15195","targetHints":{"allow":["GET"]}}],"collection":[{"href":"https:\/\/microcubo.pt\/fr\/wp-json\/wp\/v2\/product"}],"about":[{"href":"https:\/\/microcubo.pt\/fr\/wp-json\/wp\/v2\/types\/product"}],"wp:featuredmedia":[{"embeddable":true,"href":"https:\/\/microcubo.pt\/fr\/wp-json\/wp\/v2\/media\/19219"}],"wp:attachment":[{"href":"https:\/\/microcubo.pt\/fr\/wp-json\/wp\/v2\/media?parent=15195"}],"wp:term":[{"taxonomy":"product_brand","embeddable":true,"href":"https:\/\/microcubo.pt\/fr\/wp-json\/wp\/v2\/product_brand?post=15195"},{"taxonomy":"product_cat","embeddable":true,"href":"https:\/\/microcubo.pt\/fr\/wp-json\/wp\/v2\/product_cat?post=15195"},{"taxonomy":"product_tag","embeddable":true,"href":"https:\/\/microcubo.pt\/fr\/wp-json\/wp\/v2\/product_tag?post=15195"}],"curies":[{"name":"wp","href":"https:\/\/api.w.org\/{rel}","templated":true}]}}