{"id":16625,"date":"2024-07-25T10:23:46","date_gmt":"2024-07-25T10:23:46","guid":{"rendered":"https:\/\/microcubo.pt\/?post_type=product&#038;p=16625"},"modified":"2026-03-11T17:28:30","modified_gmt":"2026-03-11T17:28:30","slug":"corbeille-a-papier-mar-plastico-rotomoldado-copia","status":"publish","type":"product","link":"https:\/\/microcubo.pt\/fr\/mobilier-urbain\/corbeilles-a-papier\/corbeille-a-papier-mar-plastico-rotomoldado-copia\/","title":{"rendered":"Corbeille \u00e0 Papier MAR"},"content":{"rendered":"<p>Acier (S235JR),<br \/>\nM\u00e9tallisation SA2 1.5<br \/>\nCouleur Forja Y764<br \/>\nSeau en plastique recycl\u00e9<br \/>\nCapacit\u00e9 (environ)<\/p>\n","protected":false},"excerpt":{"rendered":"<p>Acier (S235JR), M\u00e9tallisation SA2 1.5 Couleur Forja Y764 Seau en plastique recycl\u00e9 Capacit\u00e9 (environ)<\/p>\n","protected":false},"featured_media":20183,"template":"","meta":[],"product_brand":[],"product_cat":[888],"product_tag":[],"class_list":{"0":"post-16625","1":"product","2":"type-product","3":"status-publish","4":"has-post-thumbnail","6":"product_cat-corbeilles-a-papier","7":"mobiliario_urbano_linha-mar-fr","8":"mobiliario_urbano_arquiteto-arch-silvia-caiado-fr","10":"first","11":"instock","12":"shipping-taxable","13":"product-type-simple"},"yoast_head":"<!-- This site is optimized with the Yoast SEO plugin v27.2 - https:\/\/yoast.com\/product\/yoast-seo-wordpress\/ -->\n<title>Corbeille \u00e0 Papier MAR - Microcubo<\/title>\n<meta name=\"robots\" content=\"index, follow, max-snippet:-1, max-image-preview:large, max-video-preview:-1\" \/>\n<link rel=\"canonical\" href=\"https:\/\/microcubo.pt\/fr\/mobilier-urbain\/corbeilles-a-papier\/corbeille-a-papier-mar-plastico-rotomoldado-copia\/\" \/>\n<meta property=\"og:locale\" content=\"fr_FR\" \/>\n<meta property=\"og:type\" content=\"article\" \/>\n<meta property=\"og:title\" content=\"Corbeille \u00e0 Papier MAR - Microcubo\" \/>\n<meta property=\"og:description\" content=\"Acier (S235JR), M\u00e9tallisation SA2 1.5 Couleur Forja Y764 Seau en plastique recycl\u00e9 Capacit\u00e9 (environ)\" \/>\n<meta property=\"og:url\" content=\"https:\/\/microcubo.pt\/fr\/mobilier-urbain\/corbeilles-a-papier\/corbeille-a-papier-mar-plastico-rotomoldado-copia\/\" \/>\n<meta property=\"og:site_name\" content=\"Microcubo\" \/>\n<meta property=\"article:modified_time\" content=\"2026-03-11T17:28:30+00:00\" \/>\n<meta property=\"og:image\" content=\"https:\/\/microcubo.pt\/wp-content\/uploads\/2024\/07\/86.2.14.40L.FE_Mar_papeleira_capa.jpg\" \/>\n\t<meta property=\"og:image:width\" content=\"600\" \/>\n\t<meta property=\"og:image:height\" content=\"600\" \/>\n\t<meta property=\"og:image:type\" content=\"image\/jpeg\" \/>\n<meta name=\"twitter:card\" content=\"summary_large_image\" \/>\n<meta name=\"twitter:label1\" content=\"Dur\u00e9e de lecture estim\u00e9e\" \/>\n\t<meta name=\"twitter:data1\" content=\"1 minute\" \/>\n<script type=\"application\/ld+json\" class=\"yoast-schema-graph\">{\"@context\":\"https:\/\/schema.org\",\"@graph\":[{\"@type\":\"WebPage\",\"@id\":\"https:\/\/microcubo.pt\/fr\/mobilier-urbain\/corbeilles-a-papier\/corbeille-a-papier-mar-plastico-rotomoldado-copia\/\",\"url\":\"https:\/\/microcubo.pt\/fr\/mobilier-urbain\/corbeilles-a-papier\/corbeille-a-papier-mar-plastico-rotomoldado-copia\/\",\"name\":\"Corbeille \u00e0 Papier MAR - Microcubo\",\"isPartOf\":{\"@id\":\"https:\/\/microcubo.pt\/fr\/#website\"},\"primaryImageOfPage\":{\"@id\":\"https:\/\/microcubo.pt\/fr\/mobilier-urbain\/corbeilles-a-papier\/corbeille-a-papier-mar-plastico-rotomoldado-copia\/#primaryimage\"},\"image\":{\"@id\":\"https:\/\/microcubo.pt\/fr\/mobilier-urbain\/corbeilles-a-papier\/corbeille-a-papier-mar-plastico-rotomoldado-copia\/#primaryimage\"},\"thumbnailUrl\":\"https:\/\/microcubo.pt\/wp-content\/uploads\/2024\/07\/86.2.14.40L.FE_Mar_papeleira_capa.jpg\",\"datePublished\":\"2024-07-25T10:23:46+00:00\",\"dateModified\":\"2026-03-11T17:28:30+00:00\",\"breadcrumb\":{\"@id\":\"https:\/\/microcubo.pt\/fr\/mobilier-urbain\/corbeilles-a-papier\/corbeille-a-papier-mar-plastico-rotomoldado-copia\/#breadcrumb\"},\"inLanguage\":\"fr-FR\",\"potentialAction\":[{\"@type\":\"ReadAction\",\"target\":[\"https:\/\/microcubo.pt\/fr\/mobilier-urbain\/corbeilles-a-papier\/corbeille-a-papier-mar-plastico-rotomoldado-copia\/\"]}]},{\"@type\":\"ImageObject\",\"inLanguage\":\"fr-FR\",\"@id\":\"https:\/\/microcubo.pt\/fr\/mobilier-urbain\/corbeilles-a-papier\/corbeille-a-papier-mar-plastico-rotomoldado-copia\/#primaryimage\",\"url\":\"https:\/\/microcubo.pt\/wp-content\/uploads\/2024\/07\/86.2.14.40L.FE_Mar_papeleira_capa.jpg\",\"contentUrl\":\"https:\/\/microcubo.pt\/wp-content\/uploads\/2024\/07\/86.2.14.40L.FE_Mar_papeleira_capa.jpg\",\"width\":600,\"height\":600},{\"@type\":\"BreadcrumbList\",\"@id\":\"https:\/\/microcubo.pt\/fr\/mobilier-urbain\/corbeilles-a-papier\/corbeille-a-papier-mar-plastico-rotomoldado-copia\/#breadcrumb\",\"itemListElement\":[{\"@type\":\"ListItem\",\"position\":1,\"name\":\"domicile\",\"item\":\"https:\/\/microcubo.pt\/fr\/\"},{\"@type\":\"ListItem\",\"position\":2,\"name\":\"Produits\",\"item\":\"https:\/\/microcubo.pt\/fr\/shop\/\"},{\"@type\":\"ListItem\",\"position\":3,\"name\":\"Corbeille \u00e0 Papier MAR\"}]},{\"@type\":\"WebSite\",\"@id\":\"https:\/\/microcubo.pt\/fr\/#website\",\"url\":\"https:\/\/microcubo.pt\/fr\/\",\"name\":\"Microcubo\",\"description\":\"\",\"potentialAction\":[{\"@type\":\"SearchAction\",\"target\":{\"@type\":\"EntryPoint\",\"urlTemplate\":\"https:\/\/microcubo.pt\/fr\/?s={search_term_string}\"},\"query-input\":{\"@type\":\"PropertyValueSpecification\",\"valueRequired\":true,\"valueName\":\"search_term_string\"}}],\"inLanguage\":\"fr-FR\"}]}<\/script>\n<!-- \/ Yoast SEO plugin. -->","yoast_head_json":{"title":"Corbeille \u00e0 Papier MAR - Microcubo","robots":{"index":"index","follow":"follow","max-snippet":"max-snippet:-1","max-image-preview":"max-image-preview:large","max-video-preview":"max-video-preview:-1"},"canonical":"https:\/\/microcubo.pt\/fr\/mobilier-urbain\/corbeilles-a-papier\/corbeille-a-papier-mar-plastico-rotomoldado-copia\/","og_locale":"fr_FR","og_type":"article","og_title":"Corbeille \u00e0 Papier MAR - Microcubo","og_description":"Acier (S235JR), M\u00e9tallisation SA2 1.5 Couleur Forja Y764 Seau en plastique recycl\u00e9 Capacit\u00e9 (environ)","og_url":"https:\/\/microcubo.pt\/fr\/mobilier-urbain\/corbeilles-a-papier\/corbeille-a-papier-mar-plastico-rotomoldado-copia\/","og_site_name":"Microcubo","article_modified_time":"2026-03-11T17:28:30+00:00","og_image":[{"width":600,"height":600,"url":"https:\/\/microcubo.pt\/wp-content\/uploads\/2024\/07\/86.2.14.40L.FE_Mar_papeleira_capa.jpg","type":"image\/jpeg"}],"twitter_card":"summary_large_image","twitter_misc":{"Dur\u00e9e de lecture estim\u00e9e":"1 minute"},"schema":{"@context":"https:\/\/schema.org","@graph":[{"@type":"WebPage","@id":"https:\/\/microcubo.pt\/fr\/mobilier-urbain\/corbeilles-a-papier\/corbeille-a-papier-mar-plastico-rotomoldado-copia\/","url":"https:\/\/microcubo.pt\/fr\/mobilier-urbain\/corbeilles-a-papier\/corbeille-a-papier-mar-plastico-rotomoldado-copia\/","name":"Corbeille \u00e0 Papier MAR - Microcubo","isPartOf":{"@id":"https:\/\/microcubo.pt\/fr\/#website"},"primaryImageOfPage":{"@id":"https:\/\/microcubo.pt\/fr\/mobilier-urbain\/corbeilles-a-papier\/corbeille-a-papier-mar-plastico-rotomoldado-copia\/#primaryimage"},"image":{"@id":"https:\/\/microcubo.pt\/fr\/mobilier-urbain\/corbeilles-a-papier\/corbeille-a-papier-mar-plastico-rotomoldado-copia\/#primaryimage"},"thumbnailUrl":"https:\/\/microcubo.pt\/wp-content\/uploads\/2024\/07\/86.2.14.40L.FE_Mar_papeleira_capa.jpg","datePublished":"2024-07-25T10:23:46+00:00","dateModified":"2026-03-11T17:28:30+00:00","breadcrumb":{"@id":"https:\/\/microcubo.pt\/fr\/mobilier-urbain\/corbeilles-a-papier\/corbeille-a-papier-mar-plastico-rotomoldado-copia\/#breadcrumb"},"inLanguage":"fr-FR","potentialAction":[{"@type":"ReadAction","target":["https:\/\/microcubo.pt\/fr\/mobilier-urbain\/corbeilles-a-papier\/corbeille-a-papier-mar-plastico-rotomoldado-copia\/"]}]},{"@type":"ImageObject","inLanguage":"fr-FR","@id":"https:\/\/microcubo.pt\/fr\/mobilier-urbain\/corbeilles-a-papier\/corbeille-a-papier-mar-plastico-rotomoldado-copia\/#primaryimage","url":"https:\/\/microcubo.pt\/wp-content\/uploads\/2024\/07\/86.2.14.40L.FE_Mar_papeleira_capa.jpg","contentUrl":"https:\/\/microcubo.pt\/wp-content\/uploads\/2024\/07\/86.2.14.40L.FE_Mar_papeleira_capa.jpg","width":600,"height":600},{"@type":"BreadcrumbList","@id":"https:\/\/microcubo.pt\/fr\/mobilier-urbain\/corbeilles-a-papier\/corbeille-a-papier-mar-plastico-rotomoldado-copia\/#breadcrumb","itemListElement":[{"@type":"ListItem","position":1,"name":"domicile","item":"https:\/\/microcubo.pt\/fr\/"},{"@type":"ListItem","position":2,"name":"Produits","item":"https:\/\/microcubo.pt\/fr\/shop\/"},{"@type":"ListItem","position":3,"name":"Corbeille \u00e0 Papier MAR"}]},{"@type":"WebSite","@id":"https:\/\/microcubo.pt\/fr\/#website","url":"https:\/\/microcubo.pt\/fr\/","name":"Microcubo","description":"","potentialAction":[{"@type":"SearchAction","target":{"@type":"EntryPoint","urlTemplate":"https:\/\/microcubo.pt\/fr\/?s={search_term_string}"},"query-input":{"@type":"PropertyValueSpecification","valueRequired":true,"valueName":"search_term_string"}}],"inLanguage":"fr-FR"}]}},"_links":{"self":[{"href":"https:\/\/microcubo.pt\/fr\/wp-json\/wp\/v2\/product\/16625","targetHints":{"allow":["GET"]}}],"collection":[{"href":"https:\/\/microcubo.pt\/fr\/wp-json\/wp\/v2\/product"}],"about":[{"href":"https:\/\/microcubo.pt\/fr\/wp-json\/wp\/v2\/types\/product"}],"wp:featuredmedia":[{"embeddable":true,"href":"https:\/\/microcubo.pt\/fr\/wp-json\/wp\/v2\/media\/20183"}],"wp:attachment":[{"href":"https:\/\/microcubo.pt\/fr\/wp-json\/wp\/v2\/media?parent=16625"}],"wp:term":[{"taxonomy":"product_brand","embeddable":true,"href":"https:\/\/microcubo.pt\/fr\/wp-json\/wp\/v2\/product_brand?post=16625"},{"taxonomy":"product_cat","embeddable":true,"href":"https:\/\/microcubo.pt\/fr\/wp-json\/wp\/v2\/product_cat?post=16625"},{"taxonomy":"product_tag","embeddable":true,"href":"https:\/\/microcubo.pt\/fr\/wp-json\/wp\/v2\/product_tag?post=16625"}],"curies":[{"name":"wp","href":"https:\/\/api.w.org\/{rel}","templated":true}]}}