{"id":17479,"date":"2024-10-14T13:33:54","date_gmt":"2024-10-14T13:33:54","guid":{"rendered":"https:\/\/microcubo.pt\/mobiliario-urbano\/non%20class\u00e9\/jardinieres-linha-5\/"},"modified":"2026-03-11T11:27:20","modified_gmt":"2026-03-11T11:27:20","slug":"jardinieres-linha-5","status":"publish","type":"product","link":"https:\/\/microcubo.pt\/fr\/mobilier-urbain\/jardinieres\/jardinieres-linha-5\/","title":{"rendered":"Jardini\u00e9res Linha 5"},"content":{"rendered":"<p>Fer (S235JR)<br \/>\nM\u00e9tallisation SA2 1,5<br \/>\nPeinture 2 composants couleur Forja Y764<br \/>\nBois Kambala<br \/>\nVernis pour ext\u00e9rieur<br \/>\nContient des perforations pour l&rsquo;\u00e9vacuation des eaux<\/p>\n","protected":false},"excerpt":{"rendered":"<p>Fer (S235JR) M\u00e9tallisation SA2 1,5 Peinture 2 composants couleur Forja Y764 Bois Kambala Vernis pour ext\u00e9rieur Contient des perforations pour l&rsquo;\u00e9vacuation des eaux<\/p>\n","protected":false},"featured_media":20162,"template":"","meta":[],"product_brand":[],"product_cat":[891],"product_tag":[],"class_list":{"0":"post-17479","1":"product","2":"type-product","3":"status-publish","4":"has-post-thumbnail","6":"product_cat-jardinieres","7":"mobiliario_urbano_linha-linha-5-fr","8":"mobiliario_urbano_arquiteto-arch-joao-madalena-fr","10":"first","11":"instock","12":"shipping-taxable","13":"product-type-simple"},"yoast_head":"<!-- This site is optimized with the Yoast SEO plugin v27.2 - https:\/\/yoast.com\/product\/yoast-seo-wordpress\/ -->\n<title>Jardini\u00e9res Linha 5 - Microcubo<\/title>\n<meta name=\"robots\" content=\"index, follow, max-snippet:-1, max-image-preview:large, max-video-preview:-1\" \/>\n<link rel=\"canonical\" href=\"https:\/\/microcubo.pt\/fr\/mobilier-urbain\/jardinieres\/jardinieres-linha-5\/\" \/>\n<meta property=\"og:locale\" content=\"fr_FR\" \/>\n<meta property=\"og:type\" content=\"article\" \/>\n<meta property=\"og:title\" content=\"Jardini\u00e9res Linha 5 - Microcubo\" \/>\n<meta property=\"og:description\" content=\"Fer (S235JR) M\u00e9tallisation SA2 1,5 Peinture 2 composants couleur Forja Y764 Bois Kambala Vernis pour ext\u00e9rieur Contient des perforations pour l&rsquo;\u00e9vacuation des eaux\" \/>\n<meta property=\"og:url\" content=\"https:\/\/microcubo.pt\/fr\/mobilier-urbain\/jardinieres\/jardinieres-linha-5\/\" \/>\n<meta property=\"og:site_name\" content=\"Microcubo\" \/>\n<meta property=\"article:modified_time\" content=\"2026-03-11T11:27:20+00:00\" \/>\n<meta property=\"og:image\" content=\"https:\/\/microcubo.pt\/wp-content\/uploads\/2024\/10\/Linha5_floreira_x2_46.10.3_capa.jpg\" \/>\n\t<meta property=\"og:image:width\" content=\"600\" \/>\n\t<meta property=\"og:image:height\" content=\"600\" \/>\n\t<meta property=\"og:image:type\" content=\"image\/jpeg\" \/>\n<meta name=\"twitter:card\" content=\"summary_large_image\" \/>\n<script type=\"application\/ld+json\" class=\"yoast-schema-graph\">{\"@context\":\"https:\/\/schema.org\",\"@graph\":[{\"@type\":\"WebPage\",\"@id\":\"https:\/\/microcubo.pt\/fr\/mobilier-urbain\/jardinieres\/jardinieres-linha-5\/\",\"url\":\"https:\/\/microcubo.pt\/fr\/mobilier-urbain\/jardinieres\/jardinieres-linha-5\/\",\"name\":\"Jardini\u00e9res Linha 5 - Microcubo\",\"isPartOf\":{\"@id\":\"https:\/\/microcubo.pt\/fr\/#website\"},\"primaryImageOfPage\":{\"@id\":\"https:\/\/microcubo.pt\/fr\/mobilier-urbain\/jardinieres\/jardinieres-linha-5\/#primaryimage\"},\"image\":{\"@id\":\"https:\/\/microcubo.pt\/fr\/mobilier-urbain\/jardinieres\/jardinieres-linha-5\/#primaryimage\"},\"thumbnailUrl\":\"https:\/\/microcubo.pt\/wp-content\/uploads\/2024\/10\/Linha5_floreira_x2_46.10.3_capa.jpg\",\"datePublished\":\"2024-10-14T13:33:54+00:00\",\"dateModified\":\"2026-03-11T11:27:20+00:00\",\"breadcrumb\":{\"@id\":\"https:\/\/microcubo.pt\/fr\/mobilier-urbain\/jardinieres\/jardinieres-linha-5\/#breadcrumb\"},\"inLanguage\":\"fr-FR\",\"potentialAction\":[{\"@type\":\"ReadAction\",\"target\":[\"https:\/\/microcubo.pt\/fr\/mobilier-urbain\/jardinieres\/jardinieres-linha-5\/\"]}]},{\"@type\":\"ImageObject\",\"inLanguage\":\"fr-FR\",\"@id\":\"https:\/\/microcubo.pt\/fr\/mobilier-urbain\/jardinieres\/jardinieres-linha-5\/#primaryimage\",\"url\":\"https:\/\/microcubo.pt\/wp-content\/uploads\/2024\/10\/Linha5_floreira_x2_46.10.3_capa.jpg\",\"contentUrl\":\"https:\/\/microcubo.pt\/wp-content\/uploads\/2024\/10\/Linha5_floreira_x2_46.10.3_capa.jpg\",\"width\":600,\"height\":600},{\"@type\":\"BreadcrumbList\",\"@id\":\"https:\/\/microcubo.pt\/fr\/mobilier-urbain\/jardinieres\/jardinieres-linha-5\/#breadcrumb\",\"itemListElement\":[{\"@type\":\"ListItem\",\"position\":1,\"name\":\"domicile\",\"item\":\"https:\/\/microcubo.pt\/fr\/\"},{\"@type\":\"ListItem\",\"position\":2,\"name\":\"Produits\",\"item\":\"https:\/\/microcubo.pt\/fr\/shop\/\"},{\"@type\":\"ListItem\",\"position\":3,\"name\":\"Jardini\u00e9res Linha 5\"}]},{\"@type\":\"WebSite\",\"@id\":\"https:\/\/microcubo.pt\/fr\/#website\",\"url\":\"https:\/\/microcubo.pt\/fr\/\",\"name\":\"Microcubo\",\"description\":\"\",\"potentialAction\":[{\"@type\":\"SearchAction\",\"target\":{\"@type\":\"EntryPoint\",\"urlTemplate\":\"https:\/\/microcubo.pt\/fr\/?s={search_term_string}\"},\"query-input\":{\"@type\":\"PropertyValueSpecification\",\"valueRequired\":true,\"valueName\":\"search_term_string\"}}],\"inLanguage\":\"fr-FR\"}]}<\/script>\n<!-- \/ Yoast SEO plugin. -->","yoast_head_json":{"title":"Jardini\u00e9res Linha 5 - Microcubo","robots":{"index":"index","follow":"follow","max-snippet":"max-snippet:-1","max-image-preview":"max-image-preview:large","max-video-preview":"max-video-preview:-1"},"canonical":"https:\/\/microcubo.pt\/fr\/mobilier-urbain\/jardinieres\/jardinieres-linha-5\/","og_locale":"fr_FR","og_type":"article","og_title":"Jardini\u00e9res Linha 5 - Microcubo","og_description":"Fer (S235JR) M\u00e9tallisation SA2 1,5 Peinture 2 composants couleur Forja Y764 Bois Kambala Vernis pour ext\u00e9rieur Contient des perforations pour l&rsquo;\u00e9vacuation des eaux","og_url":"https:\/\/microcubo.pt\/fr\/mobilier-urbain\/jardinieres\/jardinieres-linha-5\/","og_site_name":"Microcubo","article_modified_time":"2026-03-11T11:27:20+00:00","og_image":[{"width":600,"height":600,"url":"https:\/\/microcubo.pt\/wp-content\/uploads\/2024\/10\/Linha5_floreira_x2_46.10.3_capa.jpg","type":"image\/jpeg"}],"twitter_card":"summary_large_image","schema":{"@context":"https:\/\/schema.org","@graph":[{"@type":"WebPage","@id":"https:\/\/microcubo.pt\/fr\/mobilier-urbain\/jardinieres\/jardinieres-linha-5\/","url":"https:\/\/microcubo.pt\/fr\/mobilier-urbain\/jardinieres\/jardinieres-linha-5\/","name":"Jardini\u00e9res Linha 5 - Microcubo","isPartOf":{"@id":"https:\/\/microcubo.pt\/fr\/#website"},"primaryImageOfPage":{"@id":"https:\/\/microcubo.pt\/fr\/mobilier-urbain\/jardinieres\/jardinieres-linha-5\/#primaryimage"},"image":{"@id":"https:\/\/microcubo.pt\/fr\/mobilier-urbain\/jardinieres\/jardinieres-linha-5\/#primaryimage"},"thumbnailUrl":"https:\/\/microcubo.pt\/wp-content\/uploads\/2024\/10\/Linha5_floreira_x2_46.10.3_capa.jpg","datePublished":"2024-10-14T13:33:54+00:00","dateModified":"2026-03-11T11:27:20+00:00","breadcrumb":{"@id":"https:\/\/microcubo.pt\/fr\/mobilier-urbain\/jardinieres\/jardinieres-linha-5\/#breadcrumb"},"inLanguage":"fr-FR","potentialAction":[{"@type":"ReadAction","target":["https:\/\/microcubo.pt\/fr\/mobilier-urbain\/jardinieres\/jardinieres-linha-5\/"]}]},{"@type":"ImageObject","inLanguage":"fr-FR","@id":"https:\/\/microcubo.pt\/fr\/mobilier-urbain\/jardinieres\/jardinieres-linha-5\/#primaryimage","url":"https:\/\/microcubo.pt\/wp-content\/uploads\/2024\/10\/Linha5_floreira_x2_46.10.3_capa.jpg","contentUrl":"https:\/\/microcubo.pt\/wp-content\/uploads\/2024\/10\/Linha5_floreira_x2_46.10.3_capa.jpg","width":600,"height":600},{"@type":"BreadcrumbList","@id":"https:\/\/microcubo.pt\/fr\/mobilier-urbain\/jardinieres\/jardinieres-linha-5\/#breadcrumb","itemListElement":[{"@type":"ListItem","position":1,"name":"domicile","item":"https:\/\/microcubo.pt\/fr\/"},{"@type":"ListItem","position":2,"name":"Produits","item":"https:\/\/microcubo.pt\/fr\/shop\/"},{"@type":"ListItem","position":3,"name":"Jardini\u00e9res Linha 5"}]},{"@type":"WebSite","@id":"https:\/\/microcubo.pt\/fr\/#website","url":"https:\/\/microcubo.pt\/fr\/","name":"Microcubo","description":"","potentialAction":[{"@type":"SearchAction","target":{"@type":"EntryPoint","urlTemplate":"https:\/\/microcubo.pt\/fr\/?s={search_term_string}"},"query-input":{"@type":"PropertyValueSpecification","valueRequired":true,"valueName":"search_term_string"}}],"inLanguage":"fr-FR"}]}},"_links":{"self":[{"href":"https:\/\/microcubo.pt\/fr\/wp-json\/wp\/v2\/product\/17479","targetHints":{"allow":["GET"]}}],"collection":[{"href":"https:\/\/microcubo.pt\/fr\/wp-json\/wp\/v2\/product"}],"about":[{"href":"https:\/\/microcubo.pt\/fr\/wp-json\/wp\/v2\/types\/product"}],"wp:featuredmedia":[{"embeddable":true,"href":"https:\/\/microcubo.pt\/fr\/wp-json\/wp\/v2\/media\/20162"}],"wp:attachment":[{"href":"https:\/\/microcubo.pt\/fr\/wp-json\/wp\/v2\/media?parent=17479"}],"wp:term":[{"taxonomy":"product_brand","embeddable":true,"href":"https:\/\/microcubo.pt\/fr\/wp-json\/wp\/v2\/product_brand?post=17479"},{"taxonomy":"product_cat","embeddable":true,"href":"https:\/\/microcubo.pt\/fr\/wp-json\/wp\/v2\/product_cat?post=17479"},{"taxonomy":"product_tag","embeddable":true,"href":"https:\/\/microcubo.pt\/fr\/wp-json\/wp\/v2\/product_tag?post=17479"}],"curies":[{"name":"wp","href":"https:\/\/api.w.org\/{rel}","templated":true}]}}